{"id":13769,"date":"2025-09-05T12:01:22","date_gmt":"2025-09-05T12:01:22","guid":{"rendered":"https:\/\/atg.md\/?post_type=product&#038;p=13769"},"modified":"2025-09-05T12:02:03","modified_gmt":"2025-09-05T12:02:03","slug":"stp-aero-2","status":"publish","type":"product","link":"https:\/\/atg.md\/ro\/catalog\/shumoizolyacziya\/vibropogloshhayushhie-materialy\/stp-aero-2\/","title":{"rendered":"StP Aero"},"content":{"rendered":"<p class=\"qtranxs-available-languages-message qtranxs-available-languages-message-ro\">Din p\u0103cate acest articol este disponibil doar \u00een <a href=\"https:\/\/atg.md\/ru\/wp-json\/wp\/v2\/product\/13769\" class=\"qtranxs-available-language-link qtranxs-available-language-link-ru\" title=\"\u0420\u0443\u0441\u0441\u043a\u0438\u0439\">Rus\u0103<\/a>.<\/p><p><\/p>\n<h4>\u0421\u043e\u0441\u0442\u0430\u0432 \u043c\u0430\u0442\u0435\u0440\u0438\u0430\u043b\u0430<\/h4>\n<ul>\n<li>\u0410\u043b\u044e\u043c\u0438\u043d\u0438\u0435\u0432\u0430\u044f \u0444\u043e\u043b\u044c\u0433\u0430 \u0447\u0451\u0440\u043d\u043e\u0433\u043e \u0446\u0432\u0435\u0442\u0430<\/li>\n<li>\u0421\u0443\u043f\u0435\u0440\u043b\u0435\u0433\u043a\u0430\u044f \u043f\u043e\u043b\u0438\u043c\u0435\u0440\u043d\u0430\u044f \u043e\u0441\u043d\u043e\u0432\u0430<\/li>\n<li>\u0417\u0430\u0449\u0438\u0442\u043d\u0430\u044f \u0430\u043d\u0442\u0438\u0430\u0434\u0433\u0435\u0437\u0438\u043e\u043d\u043d\u0430\u044f \u0431\u0443\u043c\u0430\u0433\u0430<\/li>\n<\/ul>\n<h4>\u041f\u0440\u0435\u0438\u043c\u0443\u0449\u0435\u0441\u0442\u0432\u0430<\/h4>\n<ul>\n<li>\u0418\u043c\u0435\u0435\u0442 \u043c\u0430\u043a\u0441\u0438\u043c\u0430\u043b\u044c\u043d\u043e\u0435 \u0437\u043d\u0430\u0447\u0435\u043d\u0438\u0435 \u041a\u041c\u041f 0,33 \u0443.\u0435. \u043f\u0440\u0438 +10\u00b0\u0421 (\u0441\u0440\u0435\u0434\u043d\u0435\u0433\u043e\u0434\u043e\u0432\u0430\u044f \u0442\u0435\u043c\u043f\u0435\u0440\u0430\u0442\u0443\u0440\u0430 \u0432 \u0446\u0435\u043d\u0442\u0440\u0430\u043b\u044c\u043d\u043e\u0439 \u0447\u0430\u0441\u0442\u0438 \u0420\u043e\u0441\u0441\u0438\u0438)<\/li>\n<li>\u042d\u0444\u0444\u0435\u043a\u0442\u0438\u0432\u0435\u043d \u0432 \u043b\u044e\u0431\u043e\u0439 \u043a\u043b\u0438\u043c\u0430\u0442\u0438\u0447\u0435\u0441\u043a\u043e\u0439 \u0437\u043e\u043d\u0435 \u043e\u0442 -25\u00b0\u0421 \u0434\u043e +60\u00b0\u0421<\/li>\n<li>\u041b\u0435\u0433\u043a\u043e \u043c\u043e\u043d\u0442\u0438\u0440\u0443\u0435\u0442\u0441\u044f \u043d\u0430 \u043f\u043e\u0432\u0435\u0440\u0445\u043d\u043e\u0441\u0442\u0438 \u0441\u043e \u0441\u043b\u043e\u0436\u043d\u044b\u043c \u0440\u0435\u043b\u044c\u0435\u0444\u043e\u043c<\/li>\n<li>\u041e\u0431\u043b\u0430\u0434\u0430\u0435\u0442 \u0433\u0435\u0440\u043c\u0435\u0442\u0438\u0437\u0438\u0440\u0443\u044e\u0449\u0438\u043c\u0438 \u0438 \u0430\u043d\u0442\u0438\u043a\u043e\u0440\u0440\u043e\u0437\u0438\u0439\u043d\u044b\u043c\u0438 \u0441\u0432\u043e\u0439\u0441\u0442\u0432\u0430\u043c\u0438<\/li>\n<li>\u041d\u0435 \u0432\u043f\u0438\u0442\u044b\u0432\u0430\u0435\u0442 \u0432\u043b\u0430\u0433\u0443 \u0438 \u043d\u0435 \u0440\u0430\u0437\u043b\u0430\u0433\u0430\u0435\u0442\u0441\u044f<\/li>\n<li>\u041d\u0435 \u0442\u0440\u0435\u0431\u0443\u0435\u0442 \u043d\u0430\u0433\u0440\u0435\u0432\u0430 \u043f\u0440\u0438 \u043c\u043e\u043d\u0442\u0430\u0436\u0435<\/li>\n<li>\u0412\u044b\u0441\u043e\u043a\u0438\u0435 \u043f\u043e\u043a\u0430\u0437\u0430\u0442\u0435\u043b\u0438 \u0430\u0434\u0433\u0435\u0437\u0438\u0438 (\u043c\u0430\u043a\u0441\u0438\u043c\u0430\u043b\u044c\u043d\u044b\u0435 \u043f\u043e \u0438\u0441\u0442\u0435\u0447\u0435\u043d\u0438\u0438 24 \u0447\u0430\u0441\u043e\u0432)<\/li>\n<\/ul>\n<p><\/p>","protected":false},"excerpt":{"rendered":"<p>StP Aero \u2013 Material de mastic autoadeziv u\u0219or \u0219i sub\u021bire pentru absorbirea vibra\u021biilor. El dep\u0103\u0219e\u0219te \u00een propriet\u0103\u021bi analogii s\u0103i din gama \u00abgreutate grea\u00bb datorit\u0103 dezvolt\u0103rii inovatoare create pentru avia\u021bia rus\u0103.StP Aero \u2013 Material de mastic autoadeziv u\u0219or \u0219i sub\u021bire pentru absorbirea vibra\u021biilor. El dep\u0103\u0219e\u0219te \u00een propriet\u0103\u021bi analogii s\u0103i din gama \u00abgreutate grea\u00bb datorit\u0103 dezvolt\u0103rii inovatoare create pentru avia\u021bia rus\u0103.StP Aero \u2013 Material de mastic autoadeziv u\u0219or \u0219i sub\u021bire pentru absorbirea vibra\u021biilor. El dep\u0103\u0219e\u0219te \u00een propriet\u0103\u021bi analogii s\u0103i din gama \u00abgreutate grea\u00bb datorit\u0103 dezvolt\u0103rii inovatoare create pentru avia\u021bia rus\u0103.StP Aero \u2013 Material de mastic autoadeziv u\u0219or \u0219i sub\u021bire pentru absorbirea vibra\u021biilor. El dep\u0103\u0219e\u0219te \u00een propriet\u0103\u021bi analogii s\u0103i din gama \u00abgreutate grea\u00bb datorit\u0103 dezvolt\u0103rii inovatoare create pentru avia\u021bia rus\u0103.StP Aero \u2013 Material de mastic autoadeziv u\u0219or \u0219i sub\u021bire pentru absorbirea vibra\u021biilor. El dep\u0103\u0219e\u0219te \u00een propriet\u0103\u021bi analogii s\u0103i din gama \u00abgreutate grea\u00bb datorit\u0103 dezvolt\u0103rii inovatoare create pentru avia\u021bia rus\u0103.<\/p>\n","protected":false},"featured_media":5886,"template":"","meta":[],"product_cat":[1165,1164],"product_tag":[],"bundled_by":[],"bundle_stock_status":"instock","bundle_stock_quantity":null,"bundle_virtual":false,"bundle_layout":"","bundle_add_to_cart_form_location":"","bundle_editable_in_cart":false,"bundle_sold_individually_context":"","bundle_item_grouping":"","bundle_min_size":"","bundle_max_size":"","bundled_items":[],"yoast_head":"<!-- This site is optimized with the Yoast SEO Premium plugin v16.6 (Yoast SEO v20.1) - https:\/\/yoast.com\/wordpress\/plugins\/seo\/ -->\n<title>StP Aero - Materiale de amortizare a vibra\u021biilor, Izolarea zgomotului - atg.md<\/title>\n<meta name=\"robots\" content=\"index, follow, max-snippet:-1, max-image-preview:large, max-video-preview:-1\" \/>\n<link rel=\"canonical\" href=\"https:\/\/atg.md\/ro\/catalog\/shumoizolyacziya\/vibropogloshhayushhie-materialy\/stp-aero-2\/\" \/>\n<meta property=\"og:locale\" content=\"ro_RO\" \/>\n<meta property=\"og:type\" content=\"article\" \/>\n<meta property=\"og:title\" content=\"StP Aero - Materiale de amortizare a vibra\u021biilor, Izolarea zgomotului - atg.md\" \/>\n<meta property=\"og:description\" content=\"StP Aero \u2013 Material de mastic autoadeziv u\u0219or \u0219i sub\u021bire pentru absorbirea vibra\u021biilor. El dep\u0103\u0219e\u0219te \u00een propriet\u0103\u021bi analogii s\u0103i din gama \u00abgreutate grea\u00bb datorit\u0103 dezvolt\u0103rii inovatoare create pentru avia\u021bia rus\u0103.StP Aero \u2013 Material de mastic autoadeziv u\u0219or \u0219i sub\u021bire pentru absorbirea vibra\u021biilor. El dep\u0103\u0219e\u0219te \u00een propriet\u0103\u021bi analogii s\u0103i din gama \u00abgreutate grea\u00bb datorit\u0103 dezvolt\u0103rii inovatoare create pentru avia\u021bia rus\u0103.StP Aero \u2013 Material de mastic autoadeziv u\u0219or \u0219i sub\u021bire pentru absorbirea vibra\u021biilor. El dep\u0103\u0219e\u0219te \u00een propriet\u0103\u021bi analogii s\u0103i din gama \u00abgreutate grea\u00bb datorit\u0103 dezvolt\u0103rii inovatoare create pentru avia\u021bia rus\u0103.StP Aero \u2013 Material de mastic autoadeziv u\u0219or \u0219i sub\u021bire pentru absorbirea vibra\u021biilor. El dep\u0103\u0219e\u0219te \u00een propriet\u0103\u021bi analogii s\u0103i din gama \u00abgreutate grea\u00bb datorit\u0103 dezvolt\u0103rii inovatoare create pentru avia\u021bia rus\u0103.StP Aero \u2013 Material de mastic autoadeziv u\u0219or \u0219i sub\u021bire pentru absorbirea vibra\u021biilor. El dep\u0103\u0219e\u0219te \u00een propriet\u0103\u021bi analogii s\u0103i din gama \u00abgreutate grea\u00bb datorit\u0103 dezvolt\u0103rii inovatoare create pentru avia\u021bia rus\u0103.\" \/>\n<meta property=\"og:url\" content=\"https:\/\/atg.md\/ro\/wp-json\/wp\/v2\/product\/13769\" \/>\n<meta property=\"og:site_name\" content=\"atg.md\" \/>\n<meta property=\"article:modified_time\" content=\"2025-09-05T12:02:03+00:00\" \/>\n<meta property=\"og:image\" content=\"https:\/\/atg.md\/wp-content\/uploads\/2020\/12\/stp_aero_1.jpg\" \/>\n\t<meta property=\"og:image:width\" content=\"670\" \/>\n\t<meta property=\"og:image:height\" content=\"435\" \/>\n\t<meta property=\"og:image:type\" content=\"image\/jpeg\" \/>\n<meta name=\"twitter:card\" content=\"summary_large_image\" \/>\n<meta name=\"twitter:label1\" content=\"Pre\u021b\" \/>\n\t<meta name=\"twitter:data1\" content=\"140.00&nbsp;MDL\" \/>\n\t<meta name=\"twitter:label2\" content=\"Availability\" \/>\n\t<meta name=\"twitter:data2\" content=\"In stock\" \/>\n<script type=\"application\/ld+json\" class=\"yoast-schema-graph\">{\"@context\":\"https:\/\/schema.org\",\"@graph\":[{\"@type\":\"WebPage\",\"@id\":\"https:\/\/atg.md\/ro\/catalog\/shumoizolyacziya\/vibropogloshhayushhie-materialy\/stp-aero-2\/\",\"url\":\"https:\/\/atg.md\/ro\/catalog\/shumoizolyacziya\/vibropogloshhayushhie-materialy\/stp-aero-2\/\",\"name\":\"StP Aero - Materiale de amortizare a vibra\u021biilor, Izolarea zgomotului - atg.md\",\"isPartOf\":{\"@id\":\"https:\/\/atg.md\/ro\/#website\"},\"datePublished\":\"2025-09-05T12:01:22+00:00\",\"dateModified\":\"2025-09-05T12:02:03+00:00\",\"breadcrumb\":{\"@id\":\"https:\/\/atg.md\/ro\/catalog\/shumoizolyacziya\/vibropogloshhayushhie-materialy\/stp-aero-2\/#breadcrumb\"},\"inLanguage\":\"ro-RO\",\"potentialAction\":[{\"@type\":\"ReadAction\",\"target\":[[\"https:\/\/atg.md\/ro\/catalog\/shumoizolyacziya\/vibropogloshhayushhie-materialy\/stp-aero-2\/\"]]}]},{\"@type\":\"BreadcrumbList\",\"@id\":\"https:\/\/atg.md\/ro\/catalog\/shumoizolyacziya\/vibropogloshhayushhie-materialy\/stp-aero-2\/#breadcrumb\",\"itemListElement\":[{\"@type\":\"ListItem\",\"position\":1,\"name\":\"Home\",\"item\":\"https:\/\/atg.md\/ro\/\"},{\"@type\":\"ListItem\",\"position\":2,\"name\":\"\u041a\u0430\u0442\u0430\u043b\u043e\u0433\",\"item\":\"https:\/\/atg.md\/ro\/catalog\/\"},{\"@type\":\"ListItem\",\"position\":3,\"name\":\"StP Aero\"}]},{\"@type\":\"WebSite\",\"@id\":\"https:\/\/atg.md\/ro\/#website\",\"url\":\"https:\/\/atg.md\/ro\/\",\"name\":\"atg.md\",\"description\":\"V\u00e2nzare de izola\u021bii \u00eempotriva vibra\u021biilor pentru ma\u0219ini, izola\u021bie termic\u0103, izolare fonic\u0103 de la cei mai buni produc\u0103tori, autoclipsuri, elemente de fixare auto. Cump\u0103ra\u021bi \u00een Moldova, Chi\u0219in\u0103u\",\"publisher\":{\"@id\":\"https:\/\/atg.md\/ro\/#organization\"},\"potentialAction\":[{\"@type\":\"SearchAction\",\"target\":{\"@type\":\"EntryPoint\",\"urlTemplate\":\"https:\/\/atg.md\/ro\/?s={search_term_string}\"},\"query-input\":\"required name=search_term_string\"}],\"inLanguage\":\"ro-RO\"},{\"@type\":[\"Organization\",\"Place\",\"AutoPartsStore\"],\"@id\":\"https:\/\/atg.md\/ro\/#organization\",\"name\":\"S.C. AUTOTOM GRUP S.R.L.\",\"url\":\"https:\/\/atg.md\/ro\/\",\"logo\":{\"@type\":\"ImageObject\",\"inLanguage\":\"ro-RO\",\"@id\":\"https:\/\/atg.md\/ro\/#\/schema\/logo\/image\/\",\"url\":\"https:\/\/i2.wp.com\/atg.md\/wp-content\/uploads\/2021\/05\/atg_logo_main.png?fit=656%2C569&ssl=1\",\"contentUrl\":\"https:\/\/i2.wp.com\/atg.md\/wp-content\/uploads\/2021\/05\/atg_logo_main.png?fit=656%2C569&ssl=1\",\"width\":656,\"height\":569,\"caption\":\"S.C. AUTOTOM GRUP S.R.L.\"},\"image\":{\"@id\":\"https:\/\/atg.md\/ro\/#\/schema\/logo\/image\/\"},\"location\":{\"@id\":\"https:\/\/atg.md\/catalog\/shumoizolyacziya\/vibropogloshhayushhie-materialy\/stp-aero-2\/#local-place\"},\"address\":{\"@id\":\"https:\/\/atg.md\/catalog\/shumoizolyacziya\/vibropogloshhayushhie-materialy\/stp-aero-2\/#local-place-address\"},\"email\":\"atgtvv@gmail.com\",\"telephone\":\"+37369644446\",\"areaServed\":\"Moldova\"},{\"@type\":\"Place\",\"@id\":\"https:\/\/atg.md\/catalog\/shumoizolyacziya\/vibropogloshhayushhie-materialy\/stp-aero-2\/#local-place\",\"address\":{\"@type\":\"PostalAddress\",\"@id\":\"https:\/\/atg.md\/catalog\/shumoizolyacziya\/vibropogloshhayushhie-materialy\/stp-aero-2\/#local-place-address\",\"streetAddress\":\"str. Alba-Iulia 77\/20\",\"addressLocality\":\"Chisinau\",\"postalCode\":\"2043\",\"addressRegion\":\"mun. Chisinau\",\"addressCountry\":\"MD\"},\"geo\":{\"@type\":\"GeoCoordinates\",\"latitude\":\"47.0376\",\"longitude\":\"28.76899\"},\"openingHoursSpecification\":[{\"@type\":\"OpeningHoursSpecification\",\"dayOfWeek\":[\"Monday\",\"Tuesday\",\"Wednesday\",\"Thursday\",\"Friday\"],\"opens\":\"09:00\",\"closes\":\"18:00\"},{\"@type\":\"OpeningHoursSpecification\",\"dayOfWeek\":[\"Saturday\"],\"opens\":\"09:00\",\"closes\":\"14:00\"},{\"@type\":\"OpeningHoursSpecification\",\"dayOfWeek\":[\"Sunday\"],\"opens\":\"00:00\",\"closes\":\"00:00\"}],\"telephone\":\"+37369644446\"}]}<\/script>\n<meta name=\"geo.placename\" content=\"Chisinau\" \/>\n<meta name=\"geo.position\" content=\"47.0376;28.76899\" \/>\n<meta name=\"geo.region\" content=\"Moldova\" \/>\n<!-- \/ Yoast SEO Premium plugin. -->","yoast_head_json":{"title":"StP Aero - Materiale de amortizare a vibra\u021biilor, Izolarea zgomotului - atg.md","robots":{"index":"index","follow":"follow","max-snippet":"max-snippet:-1","max-image-preview":"max-image-preview:large","max-video-preview":"max-video-preview:-1"},"canonical":"https:\/\/atg.md\/ro\/catalog\/shumoizolyacziya\/vibropogloshhayushhie-materialy\/stp-aero-2\/","og_locale":"ro_RO","og_type":"article","og_title":"StP Aero - Materiale de amortizare a vibra\u021biilor, Izolarea zgomotului - atg.md","og_description":"StP Aero \u2013 Material de mastic autoadeziv u\u0219or \u0219i sub\u021bire pentru absorbirea vibra\u021biilor. El dep\u0103\u0219e\u0219te \u00een propriet\u0103\u021bi analogii s\u0103i din gama \u00abgreutate grea\u00bb datorit\u0103 dezvolt\u0103rii inovatoare create pentru avia\u021bia rus\u0103.StP Aero \u2013 Material de mastic autoadeziv u\u0219or \u0219i sub\u021bire pentru absorbirea vibra\u021biilor. El dep\u0103\u0219e\u0219te \u00een propriet\u0103\u021bi analogii s\u0103i din gama \u00abgreutate grea\u00bb datorit\u0103 dezvolt\u0103rii inovatoare create pentru avia\u021bia rus\u0103.StP Aero \u2013 Material de mastic autoadeziv u\u0219or \u0219i sub\u021bire pentru absorbirea vibra\u021biilor. El dep\u0103\u0219e\u0219te \u00een propriet\u0103\u021bi analogii s\u0103i din gama \u00abgreutate grea\u00bb datorit\u0103 dezvolt\u0103rii inovatoare create pentru avia\u021bia rus\u0103.StP Aero \u2013 Material de mastic autoadeziv u\u0219or \u0219i sub\u021bire pentru absorbirea vibra\u021biilor. El dep\u0103\u0219e\u0219te \u00een propriet\u0103\u021bi analogii s\u0103i din gama \u00abgreutate grea\u00bb datorit\u0103 dezvolt\u0103rii inovatoare create pentru avia\u021bia rus\u0103.StP Aero \u2013 Material de mastic autoadeziv u\u0219or \u0219i sub\u021bire pentru absorbirea vibra\u021biilor. El dep\u0103\u0219e\u0219te \u00een propriet\u0103\u021bi analogii s\u0103i din gama \u00abgreutate grea\u00bb datorit\u0103 dezvolt\u0103rii inovatoare create pentru avia\u021bia rus\u0103.","og_url":"https:\/\/atg.md\/ro\/wp-json\/wp\/v2\/product\/13769","og_site_name":"atg.md","article_modified_time":"2025-09-05T12:02:03+00:00","og_image":[{"width":670,"height":435,"url":"https:\/\/atg.md\/wp-content\/uploads\/2020\/12\/stp_aero_1.jpg","type":"image\/jpeg"}],"twitter_card":"summary_large_image","twitter_misc":{"Pre\u021b":"140.00&nbsp;MDL","Availability":"In stock"},"schema":{"@context":"https:\/\/schema.org","@graph":[{"@type":"WebPage","@id":"https:\/\/atg.md\/ro\/catalog\/shumoizolyacziya\/vibropogloshhayushhie-materialy\/stp-aero-2\/","url":"https:\/\/atg.md\/ro\/catalog\/shumoizolyacziya\/vibropogloshhayushhie-materialy\/stp-aero-2\/","name":"StP Aero - Materiale de amortizare a vibra\u021biilor, Izolarea zgomotului - atg.md","isPartOf":{"@id":"https:\/\/atg.md\/ro\/#website"},"datePublished":"2025-09-05T12:01:22+00:00","dateModified":"2025-09-05T12:02:03+00:00","breadcrumb":{"@id":"https:\/\/atg.md\/ro\/catalog\/shumoizolyacziya\/vibropogloshhayushhie-materialy\/stp-aero-2\/#breadcrumb"},"inLanguage":"ro-RO","potentialAction":[{"@type":"ReadAction","target":[["https:\/\/atg.md\/ro\/catalog\/shumoizolyacziya\/vibropogloshhayushhie-materialy\/stp-aero-2\/"]]}]},{"@type":"BreadcrumbList","@id":"https:\/\/atg.md\/ro\/catalog\/shumoizolyacziya\/vibropogloshhayushhie-materialy\/stp-aero-2\/#breadcrumb","itemListElement":[{"@type":"ListItem","position":1,"name":"Home","item":"https:\/\/atg.md\/ro\/"},{"@type":"ListItem","position":2,"name":"\u041a\u0430\u0442\u0430\u043b\u043e\u0433","item":"https:\/\/atg.md\/ro\/catalog\/"},{"@type":"ListItem","position":3,"name":"StP Aero"}]},{"@type":"WebSite","@id":"https:\/\/atg.md\/ro\/#website","url":"https:\/\/atg.md\/ro\/","name":"atg.md","description":"V\u00e2nzare de izola\u021bii \u00eempotriva vibra\u021biilor pentru ma\u0219ini, izola\u021bie termic\u0103, izolare fonic\u0103 de la cei mai buni produc\u0103tori, autoclipsuri, elemente de fixare auto. Cump\u0103ra\u021bi \u00een Moldova, Chi\u0219in\u0103u","publisher":{"@id":"https:\/\/atg.md\/ro\/#organization"},"potentialAction":[{"@type":"SearchAction","target":{"@type":"EntryPoint","urlTemplate":"https:\/\/atg.md\/ro\/?s={search_term_string}"},"query-input":"required name=search_term_string"}],"inLanguage":"ro-RO"},{"@type":["Organization","Place","AutoPartsStore"],"@id":"https:\/\/atg.md\/ro\/#organization","name":"S.C. AUTOTOM GRUP S.R.L.","url":"https:\/\/atg.md\/ro\/","logo":{"@type":"ImageObject","inLanguage":"ro-RO","@id":"https:\/\/atg.md\/ro\/#\/schema\/logo\/image\/","url":"https:\/\/i2.wp.com\/atg.md\/wp-content\/uploads\/2021\/05\/atg_logo_main.png?fit=656%2C569&ssl=1","contentUrl":"https:\/\/i2.wp.com\/atg.md\/wp-content\/uploads\/2021\/05\/atg_logo_main.png?fit=656%2C569&ssl=1","width":656,"height":569,"caption":"S.C. AUTOTOM GRUP S.R.L."},"image":{"@id":"https:\/\/atg.md\/ro\/#\/schema\/logo\/image\/"},"location":{"@id":"https:\/\/atg.md\/catalog\/shumoizolyacziya\/vibropogloshhayushhie-materialy\/stp-aero-2\/#local-place"},"address":{"@id":"https:\/\/atg.md\/catalog\/shumoizolyacziya\/vibropogloshhayushhie-materialy\/stp-aero-2\/#local-place-address"},"email":"atgtvv@gmail.com","telephone":"+37369644446","areaServed":"Moldova"},{"@type":"Place","@id":"https:\/\/atg.md\/catalog\/shumoizolyacziya\/vibropogloshhayushhie-materialy\/stp-aero-2\/#local-place","address":{"@type":"PostalAddress","@id":"https:\/\/atg.md\/catalog\/shumoizolyacziya\/vibropogloshhayushhie-materialy\/stp-aero-2\/#local-place-address","streetAddress":"str. Alba-Iulia 77\/20","addressLocality":"Chisinau","postalCode":"2043","addressRegion":"mun. Chisinau","addressCountry":"MD"},"geo":{"@type":"GeoCoordinates","latitude":"47.0376","longitude":"28.76899"},"openingHoursSpecification":[{"@type":"OpeningHoursSpecification","dayOfWeek":["Monday","Tuesday","Wednesday","Thursday","Friday"],"opens":"09:00","closes":"18:00"},{"@type":"OpeningHoursSpecification","dayOfWeek":["Saturday"],"opens":"09:00","closes":"14:00"},{"@type":"OpeningHoursSpecification","dayOfWeek":["Sunday"],"opens":"00:00","closes":"00:00"}],"telephone":"+37369644446"}]}},"_links":{"self":[{"href":"https:\/\/atg.md\/ro\/wp-json\/wp\/v2\/product\/13769"}],"collection":[{"href":"https:\/\/atg.md\/ro\/wp-json\/wp\/v2\/product"}],"about":[{"href":"https:\/\/atg.md\/ro\/wp-json\/wp\/v2\/types\/product"}],"wp:featuredmedia":[{"embeddable":true,"href":"https:\/\/atg.md\/ro\/wp-json\/wp\/v2\/media\/5886"}],"wp:attachment":[{"href":"https:\/\/atg.md\/ro\/wp-json\/wp\/v2\/media?parent=13769"}],"wp:term":[{"taxonomy":"product_cat","embeddable":true,"href":"https:\/\/atg.md\/ro\/wp-json\/wp\/v2\/product_cat?post=13769"},{"taxonomy":"product_tag","embeddable":true,"href":"https:\/\/atg.md\/ro\/wp-json\/wp\/v2\/product_tag?post=13769"}],"curies":[{"name":"wp","href":"https:\/\/api.w.org\/{rel}","templated":true}]}}