{"id":13743,"date":"2025-08-13T11:25:28","date_gmt":"2025-08-13T11:25:28","guid":{"rendered":"https:\/\/atg.md\/?post_type=product&#038;p=13743"},"modified":"2026-03-30T10:09:25","modified_gmt":"2026-03-30T10:09:25","slug":"sgm-air-prime-2","status":"publish","type":"product","link":"https:\/\/atg.md\/ro\/catalog\/shumoizolyacziya\/popular\/sgm-air-prime-2\/","title":{"rendered":"SGM Air Prime"},"content":{"rendered":"<p>\u201eSGM Air Prime\u201d<\/p>\n<p>Material premium u\u0219or, cu propriet\u0103\u021bi de amortizare a vibra\u021biilor. Greutatea redus\u0103 \u0219i noua formul\u0103 a compozi\u021biei din cauciuc permit men\u021binerea unui KMP ridicat, precum \u0219i stabilitatea caracteristicilor \u00eentr-un interval larg de temperaturi.<\/p>\n<p>SGM Air \u2013 izola\u021bie antivibra\u021bii u\u0219oar\u0103 de clas\u0103 premium din gama de materiale SGM Prime. Compozi\u021bia special\u0103 a cauciucului asigur\u0103 o aderen\u021b\u0103 ridicat\u0103, u\u0219urin\u021b\u0103 \u0219i eficien\u021b\u0103 a materialului \u00eentr-un interval larg de temperaturi, iar structura v\u00e2sco-plastic\u0103 a SGM Air amortizeaz\u0103 \u00een mod eficient microvibra\u021biile caroseriei automobilului.<\/p>\n<p>Zonele recomandate pentru tratare: podeaua habitaclului, arcadele, tunelul, plafonul habitaclului, portbagajul, capacul portbagajului, peretele desp\u0103r\u021bitor al compartimentului motorului din partea habitaclului. Elementele din plastic ale finisajului interiorului ma\u0219inii, se pot trata aripile din partea arcurilor, arcurile ma\u0219inii, protec\u021bia carterului. Trebuie evitat\u0103 apropierea de elementele puternic \u00eenc\u0103lzite &#8211; motor, colectoare, sistem de evacuare.<\/p>","protected":false},"excerpt":{"rendered":"<p>Gama de temperaturi de func\u021bionare: -40C &#8211; +100C<br \/>\nAderen\u021ba la metal (min.): de la 6 N\/cm2<br \/>\nDimensiunile produsului: 0,5&#215;0,8 m<\/p>\n","protected":false},"featured_media":11080,"template":"","meta":[],"product_cat":[1165,1314,1164],"product_tag":[],"bundled_by":[],"bundle_stock_status":"instock","bundle_stock_quantity":null,"bundle_virtual":false,"bundle_layout":"","bundle_add_to_cart_form_location":"","bundle_editable_in_cart":false,"bundle_sold_individually_context":"","bundle_item_grouping":"","bundle_min_size":"","bundle_max_size":"","bundled_items":[],"yoast_head":"<!-- This site is optimized with the Yoast SEO Premium plugin v16.6 (Yoast SEO v20.1) - https:\/\/yoast.com\/wordpress\/plugins\/seo\/ -->\n<title>SGM Air Prime - Materiale de amortizare a vibra\u021biilor, Populare, Izolarea zgomotului - atg.md<\/title>\n<meta name=\"robots\" content=\"index, follow, max-snippet:-1, max-image-preview:large, max-video-preview:-1\" \/>\n<link rel=\"canonical\" href=\"https:\/\/atg.md\/ro\/catalog\/shumoizolyacziya\/popular\/sgm-air-prime-2\/\" \/>\n<meta property=\"og:locale\" content=\"ro_RO\" \/>\n<meta property=\"og:type\" content=\"article\" \/>\n<meta property=\"og:title\" content=\"SGM Air Prime - Materiale de amortizare a vibra\u021biilor, Populare, Izolarea zgomotului - atg.md\" \/>\n<meta property=\"og:description\" content=\"Gama de temperaturi de func\u021bionare: -40C - +100C Aderen\u021ba la metal (min.): de la 6 N\/cm2 Dimensiunile produsului: 0,5x0,8 m\" \/>\n<meta property=\"og:url\" content=\"https:\/\/atg.md\/ro\/wp-json\/wp\/v2\/product\/13743\" \/>\n<meta property=\"og:site_name\" content=\"atg.md\" \/>\n<meta property=\"article:modified_time\" content=\"2026-03-30T10:09:25+00:00\" \/>\n<meta property=\"og:image\" content=\"https:\/\/atg.md\/wp-content\/uploads\/2021\/06\/full_sgm_air.jpg\" \/>\n\t<meta property=\"og:image:width\" content=\"1057\" \/>\n\t<meta property=\"og:image:height\" content=\"960\" \/>\n\t<meta property=\"og:image:type\" content=\"image\/jpeg\" \/>\n<meta name=\"twitter:card\" content=\"summary_large_image\" \/>\n<meta name=\"twitter:label1\" content=\"Availability\" \/>\n\t<meta name=\"twitter:data1\" content=\"In stock\" \/>\n<script type=\"application\/ld+json\" class=\"yoast-schema-graph\">{\"@context\":\"https:\/\/schema.org\",\"@graph\":[{\"@type\":\"WebPage\",\"@id\":\"https:\/\/atg.md\/ro\/catalog\/shumoizolyacziya\/popular\/sgm-air-prime-2\/\",\"url\":\"https:\/\/atg.md\/ro\/catalog\/shumoizolyacziya\/popular\/sgm-air-prime-2\/\",\"name\":\"SGM Air Prime - Materiale de amortizare a vibra\u021biilor, Populare, Izolarea zgomotului - atg.md\",\"isPartOf\":{\"@id\":\"https:\/\/atg.md\/ro\/#website\"},\"datePublished\":\"2025-08-13T11:25:28+00:00\",\"dateModified\":\"2026-03-30T10:09:25+00:00\",\"breadcrumb\":{\"@id\":\"https:\/\/atg.md\/ro\/catalog\/shumoizolyacziya\/popular\/sgm-air-prime-2\/#breadcrumb\"},\"inLanguage\":\"ro-RO\",\"potentialAction\":[{\"@type\":\"ReadAction\",\"target\":[[\"https:\/\/atg.md\/ro\/catalog\/shumoizolyacziya\/popular\/sgm-air-prime-2\/\"]]}]},{\"@type\":\"BreadcrumbList\",\"@id\":\"https:\/\/atg.md\/ro\/catalog\/shumoizolyacziya\/popular\/sgm-air-prime-2\/#breadcrumb\",\"itemListElement\":[{\"@type\":\"ListItem\",\"position\":1,\"name\":\"Home\",\"item\":\"https:\/\/atg.md\/ro\/\"},{\"@type\":\"ListItem\",\"position\":2,\"name\":\"\u041a\u0430\u0442\u0430\u043b\u043e\u0433\",\"item\":\"https:\/\/atg.md\/ro\/catalog\/\"},{\"@type\":\"ListItem\",\"position\":3,\"name\":\"SGM Air Prime\"}]},{\"@type\":\"WebSite\",\"@id\":\"https:\/\/atg.md\/ro\/#website\",\"url\":\"https:\/\/atg.md\/ro\/\",\"name\":\"atg.md\",\"description\":\"V\u00e2nzare de izola\u021bii \u00eempotriva vibra\u021biilor pentru ma\u0219ini, izola\u021bie termic\u0103, izolare fonic\u0103 de la cei mai buni produc\u0103tori, autoclipsuri, elemente de fixare auto. Cump\u0103ra\u021bi \u00een Moldova, Chi\u0219in\u0103u\",\"publisher\":{\"@id\":\"https:\/\/atg.md\/ro\/#organization\"},\"potentialAction\":[{\"@type\":\"SearchAction\",\"target\":{\"@type\":\"EntryPoint\",\"urlTemplate\":\"https:\/\/atg.md\/ro\/?s={search_term_string}\"},\"query-input\":\"required name=search_term_string\"}],\"inLanguage\":\"ro-RO\"},{\"@type\":[\"Organization\",\"Place\",\"AutoPartsStore\"],\"@id\":\"https:\/\/atg.md\/ro\/#organization\",\"name\":\"S.C. AUTOTOM GRUP S.R.L.\",\"url\":\"https:\/\/atg.md\/ro\/\",\"logo\":{\"@type\":\"ImageObject\",\"inLanguage\":\"ro-RO\",\"@id\":\"https:\/\/atg.md\/ro\/#\/schema\/logo\/image\/\",\"url\":\"https:\/\/i2.wp.com\/atg.md\/wp-content\/uploads\/2021\/05\/atg_logo_main.png?fit=656%2C569&ssl=1\",\"contentUrl\":\"https:\/\/i2.wp.com\/atg.md\/wp-content\/uploads\/2021\/05\/atg_logo_main.png?fit=656%2C569&ssl=1\",\"width\":656,\"height\":569,\"caption\":\"S.C. AUTOTOM GRUP S.R.L.\"},\"image\":{\"@id\":\"https:\/\/atg.md\/ro\/#\/schema\/logo\/image\/\"},\"location\":{\"@id\":\"https:\/\/atg.md\/catalog\/shumoizolyacziya\/popular\/sgm-air-prime-2\/#local-place\"},\"address\":{\"@id\":\"https:\/\/atg.md\/catalog\/shumoizolyacziya\/popular\/sgm-air-prime-2\/#local-place-address\"},\"email\":\"atgtvv@gmail.com\",\"telephone\":\"+37369644446\",\"areaServed\":\"Moldova\"},{\"@type\":\"Place\",\"@id\":\"https:\/\/atg.md\/catalog\/shumoizolyacziya\/popular\/sgm-air-prime-2\/#local-place\",\"address\":{\"@type\":\"PostalAddress\",\"@id\":\"https:\/\/atg.md\/catalog\/shumoizolyacziya\/popular\/sgm-air-prime-2\/#local-place-address\",\"streetAddress\":\"str. Alba-Iulia 77\/20\",\"addressLocality\":\"Chisinau\",\"postalCode\":\"2043\",\"addressRegion\":\"mun. Chisinau\",\"addressCountry\":\"MD\"},\"geo\":{\"@type\":\"GeoCoordinates\",\"latitude\":\"47.0376\",\"longitude\":\"28.76899\"},\"openingHoursSpecification\":[{\"@type\":\"OpeningHoursSpecification\",\"dayOfWeek\":[\"Monday\",\"Tuesday\",\"Wednesday\",\"Thursday\",\"Friday\"],\"opens\":\"09:00\",\"closes\":\"18:00\"},{\"@type\":\"OpeningHoursSpecification\",\"dayOfWeek\":[\"Saturday\"],\"opens\":\"09:00\",\"closes\":\"14:00\"},{\"@type\":\"OpeningHoursSpecification\",\"dayOfWeek\":[\"Sunday\"],\"opens\":\"00:00\",\"closes\":\"00:00\"}],\"telephone\":\"+37369644446\"}]}<\/script>\n<meta name=\"geo.placename\" content=\"Chisinau\" \/>\n<meta name=\"geo.position\" content=\"47.0376;28.76899\" \/>\n<meta name=\"geo.region\" content=\"Moldova\" \/>\n<!-- \/ Yoast SEO Premium plugin. -->","yoast_head_json":{"title":"SGM Air Prime - Materiale de amortizare a vibra\u021biilor, Populare, Izolarea zgomotului - atg.md","robots":{"index":"index","follow":"follow","max-snippet":"max-snippet:-1","max-image-preview":"max-image-preview:large","max-video-preview":"max-video-preview:-1"},"canonical":"https:\/\/atg.md\/ro\/catalog\/shumoizolyacziya\/popular\/sgm-air-prime-2\/","og_locale":"ro_RO","og_type":"article","og_title":"SGM Air Prime - Materiale de amortizare a vibra\u021biilor, Populare, Izolarea zgomotului - atg.md","og_description":"Gama de temperaturi de func\u021bionare: -40C - +100C Aderen\u021ba la metal (min.): de la 6 N\/cm2 Dimensiunile produsului: 0,5x0,8 m","og_url":"https:\/\/atg.md\/ro\/wp-json\/wp\/v2\/product\/13743","og_site_name":"atg.md","article_modified_time":"2026-03-30T10:09:25+00:00","og_image":[{"width":1057,"height":960,"url":"https:\/\/atg.md\/wp-content\/uploads\/2021\/06\/full_sgm_air.jpg","type":"image\/jpeg"}],"twitter_card":"summary_large_image","twitter_misc":{"Availability":"In stock"},"schema":{"@context":"https:\/\/schema.org","@graph":[{"@type":"WebPage","@id":"https:\/\/atg.md\/ro\/catalog\/shumoizolyacziya\/popular\/sgm-air-prime-2\/","url":"https:\/\/atg.md\/ro\/catalog\/shumoizolyacziya\/popular\/sgm-air-prime-2\/","name":"SGM Air Prime - Materiale de amortizare a vibra\u021biilor, Populare, Izolarea zgomotului - atg.md","isPartOf":{"@id":"https:\/\/atg.md\/ro\/#website"},"datePublished":"2025-08-13T11:25:28+00:00","dateModified":"2026-03-30T10:09:25+00:00","breadcrumb":{"@id":"https:\/\/atg.md\/ro\/catalog\/shumoizolyacziya\/popular\/sgm-air-prime-2\/#breadcrumb"},"inLanguage":"ro-RO","potentialAction":[{"@type":"ReadAction","target":[["https:\/\/atg.md\/ro\/catalog\/shumoizolyacziya\/popular\/sgm-air-prime-2\/"]]}]},{"@type":"BreadcrumbList","@id":"https:\/\/atg.md\/ro\/catalog\/shumoizolyacziya\/popular\/sgm-air-prime-2\/#breadcrumb","itemListElement":[{"@type":"ListItem","position":1,"name":"Home","item":"https:\/\/atg.md\/ro\/"},{"@type":"ListItem","position":2,"name":"\u041a\u0430\u0442\u0430\u043b\u043e\u0433","item":"https:\/\/atg.md\/ro\/catalog\/"},{"@type":"ListItem","position":3,"name":"SGM Air Prime"}]},{"@type":"WebSite","@id":"https:\/\/atg.md\/ro\/#website","url":"https:\/\/atg.md\/ro\/","name":"atg.md","description":"V\u00e2nzare de izola\u021bii \u00eempotriva vibra\u021biilor pentru ma\u0219ini, izola\u021bie termic\u0103, izolare fonic\u0103 de la cei mai buni produc\u0103tori, autoclipsuri, elemente de fixare auto. Cump\u0103ra\u021bi \u00een Moldova, Chi\u0219in\u0103u","publisher":{"@id":"https:\/\/atg.md\/ro\/#organization"},"potentialAction":[{"@type":"SearchAction","target":{"@type":"EntryPoint","urlTemplate":"https:\/\/atg.md\/ro\/?s={search_term_string}"},"query-input":"required name=search_term_string"}],"inLanguage":"ro-RO"},{"@type":["Organization","Place","AutoPartsStore"],"@id":"https:\/\/atg.md\/ro\/#organization","name":"S.C. AUTOTOM GRUP S.R.L.","url":"https:\/\/atg.md\/ro\/","logo":{"@type":"ImageObject","inLanguage":"ro-RO","@id":"https:\/\/atg.md\/ro\/#\/schema\/logo\/image\/","url":"https:\/\/i2.wp.com\/atg.md\/wp-content\/uploads\/2021\/05\/atg_logo_main.png?fit=656%2C569&ssl=1","contentUrl":"https:\/\/i2.wp.com\/atg.md\/wp-content\/uploads\/2021\/05\/atg_logo_main.png?fit=656%2C569&ssl=1","width":656,"height":569,"caption":"S.C. AUTOTOM GRUP S.R.L."},"image":{"@id":"https:\/\/atg.md\/ro\/#\/schema\/logo\/image\/"},"location":{"@id":"https:\/\/atg.md\/catalog\/shumoizolyacziya\/popular\/sgm-air-prime-2\/#local-place"},"address":{"@id":"https:\/\/atg.md\/catalog\/shumoizolyacziya\/popular\/sgm-air-prime-2\/#local-place-address"},"email":"atgtvv@gmail.com","telephone":"+37369644446","areaServed":"Moldova"},{"@type":"Place","@id":"https:\/\/atg.md\/catalog\/shumoizolyacziya\/popular\/sgm-air-prime-2\/#local-place","address":{"@type":"PostalAddress","@id":"https:\/\/atg.md\/catalog\/shumoizolyacziya\/popular\/sgm-air-prime-2\/#local-place-address","streetAddress":"str. Alba-Iulia 77\/20","addressLocality":"Chisinau","postalCode":"2043","addressRegion":"mun. Chisinau","addressCountry":"MD"},"geo":{"@type":"GeoCoordinates","latitude":"47.0376","longitude":"28.76899"},"openingHoursSpecification":[{"@type":"OpeningHoursSpecification","dayOfWeek":["Monday","Tuesday","Wednesday","Thursday","Friday"],"opens":"09:00","closes":"18:00"},{"@type":"OpeningHoursSpecification","dayOfWeek":["Saturday"],"opens":"09:00","closes":"14:00"},{"@type":"OpeningHoursSpecification","dayOfWeek":["Sunday"],"opens":"00:00","closes":"00:00"}],"telephone":"+37369644446"}]}},"_links":{"self":[{"href":"https:\/\/atg.md\/ro\/wp-json\/wp\/v2\/product\/13743"}],"collection":[{"href":"https:\/\/atg.md\/ro\/wp-json\/wp\/v2\/product"}],"about":[{"href":"https:\/\/atg.md\/ro\/wp-json\/wp\/v2\/types\/product"}],"wp:featuredmedia":[{"embeddable":true,"href":"https:\/\/atg.md\/ro\/wp-json\/wp\/v2\/media\/11080"}],"wp:attachment":[{"href":"https:\/\/atg.md\/ro\/wp-json\/wp\/v2\/media?parent=13743"}],"wp:term":[{"taxonomy":"product_cat","embeddable":true,"href":"https:\/\/atg.md\/ro\/wp-json\/wp\/v2\/product_cat?post=13743"},{"taxonomy":"product_tag","embeddable":true,"href":"https:\/\/atg.md\/ro\/wp-json\/wp\/v2\/product_tag?post=13743"}],"curies":[{"name":"wp","href":"https:\/\/api.w.org\/{rel}","templated":true}]}}