{"id":13680,"date":"2025-02-20T13:52:19","date_gmt":"2025-02-20T13:52:19","guid":{"rendered":"https:\/\/atg.md\/?post_type=product&#038;p=13680"},"modified":"2025-02-20T13:53:26","modified_gmt":"2025-02-20T13:53:26","slug":"aerocell-qp-genio-2","status":"publish","type":"product","link":"https:\/\/atg.md\/ro\/catalog\/shumoizolyacziya\/vibropogloshhayushhie-materialy\/aerocell-qp-genio-2\/","title":{"rendered":"Aerocell QP Genio"},"content":{"rendered":"<p><\/p>\n<h4>Compozi\u021bia materialului<\/h4>\n<ul>\n<li class=\"performance__item\">Folie de aluminiu 100 microni<\/li>\n<li class=\"performance__item\">Strat de polimer cu granule Aerocell<\/li>\n<li class=\"performance__item\">H\u00e2rtie anti-aderen\u021b\u0103<\/li>\n<li class=\"performance__item\">Ambalaj unic &#8211; container StP Thermobox<\/li>\n<li class=\"performance__item\">\n<h4>Avantaje<\/h4>\n<\/li>\n<li class=\"performance__item\">Cre\u0219terea rigidit\u0103\u021bii metalului de p\u00e2n\u0103 la 7 ori<\/li>\n<li class=\"performance__item\">Protec\u021bie \u00eempotriva vibra\u021biilor d\u0103un\u0103toare \u0219i a zgomotului<\/li>\n<li class=\"performance__item\">Protec\u021bia anticorosiv\u0103 a corpului<\/li>\n<li class=\"performance__item\">Eliminarea b\u00e2z\u00e2itului de joas\u0103 frecven\u021b\u0103<\/li>\n<li class=\"performance__item\">Sarcin\u0103 de 1,5 ori mai mic\u0103 asupra ma\u0219inii<\/li>\n<li class=\"performance__item\">Izolare termic\u0103 suplimentar\u0103 a interiorului<\/li>\n<li class=\"performance__item\">\u00cembun\u0103t\u0103\u021birea calit\u0103\u021bii acustice a sunetului<\/li>\n<li class=\"performance__item\">Conducerea confortabil\u0103<\/li>\n<li class=\"performance__item\">Protejeaz\u0103 s\u0103n\u0103tatea \u0219oferului \u0219i a pasagerilor<\/li>\n<li class=\"performance__item\">\u00cembun\u0103t\u0103\u021birea manevrabilit\u0103\u021bii ma\u0219inii<\/li>\n<li class=\"performance__item\">Instalare u\u0219oar\u0103 \u0219i rapid\u0103 (tratament complet al ma\u0219inii \u00een 4 ore)<\/li>\n<\/ul>\n<p><\/p>","protected":false},"excerpt":{"rendered":"<p>Aerocell QP Genio este un material inovator care combin\u0103 un strat de polimer eficient cu granule patentate Aerocell. Acesta este conceput pentru a r\u0103spunde unei game largi de provoc\u0103ri \u00een ceea ce prive\u0219te longevitatea vehiculului \u0219i confortul ocupan\u021bilor.<\/p>\n<p>Aerocell QP este primul material din lume care combin\u0103 polimerul \u0219i granulele EPP \u00een cadrul aceluia\u0219i strat.<\/p>\n<p>Aerocell QP schimb\u0103 principiul de baz\u0103 al izol\u0103rii fonice, ceea ce \u00eenseamn\u0103 c\u0103 exist\u0103 trei straturi cu func\u021bii diferite. Acum, toate func\u021biile necesare sunt \u00eendeplinite de o singur\u0103 foaie de material cu o structur\u0103 complex\u0103. Acest lucru simplific\u0103 \u0219i accelereaz\u0103 semnificativ procesul de tratare a ma\u0219inii.<br \/>\n\u00cen plus, Aerocell QP are numeroase propriet\u0103\u021bi suplimentare care \u00eembun\u0103t\u0103\u021besc caracteristicile de calitate ale ma\u0219inii (15 for\u021be).<\/p>\n<p>Materialul a fost dezvoltat \u0219i produs special pentru centrele de instalare \u0219i are o serie de avantaje care sunt esen\u021biale pentru activitatea CA. Viteza de lucru \u0219i accesibilitatea permit cre\u0219terea semnificativ\u0103 a avantajelor competitive ale serviciilor. Designul modern str\u0103lucitor al foliei arat\u0103 foarte bine pe rapoartele foto. Acum, imprimarea nu este acoperit\u0103 de nimic, cu excep\u021bia elementelor interioare \u0219i a lambriurilor auto.<\/p>\n","protected":false},"featured_media":13617,"template":"","meta":[],"product_cat":[1294,1165,1313,1164],"product_tag":[],"bundled_by":[],"bundle_stock_status":"instock","bundle_stock_quantity":null,"bundle_virtual":false,"bundle_layout":"","bundle_add_to_cart_form_location":"","bundle_editable_in_cart":false,"bundle_sold_individually_context":"","bundle_item_grouping":"","bundle_min_size":"","bundle_max_size":"","bundled_items":[],"yoast_head":"<!-- This site is optimized with the Yoast SEO Premium plugin v16.6 (Yoast SEO v20.1) - https:\/\/yoast.com\/wordpress\/plugins\/seo\/ -->\n<title>Aerocell QP Genio - Materiale de izolare a vibra\u021biilor, Materiale de amortizare a vibra\u021biilor, Nout\u0103\u021bi, Izolarea zgomotului - atg.md<\/title>\n<meta name=\"robots\" content=\"index, follow, max-snippet:-1, max-image-preview:large, max-video-preview:-1\" \/>\n<link rel=\"canonical\" href=\"https:\/\/atg.md\/ro\/catalog\/shumoizolyacziya\/vibropogloshhayushhie-materialy\/aerocell-qp-genio-2\/\" \/>\n<meta property=\"og:locale\" content=\"ro_RO\" \/>\n<meta property=\"og:type\" content=\"article\" \/>\n<meta property=\"og:title\" content=\"Aerocell QP Genio - Materiale de izolare a vibra\u021biilor, Materiale de amortizare a vibra\u021biilor, Nout\u0103\u021bi, Izolarea zgomotului - atg.md\" \/>\n<meta property=\"og:description\" content=\"Aerocell QP Genio este un material inovator care combin\u0103 un strat de polimer eficient cu granule patentate Aerocell. Acesta este conceput pentru a r\u0103spunde unei game largi de provoc\u0103ri \u00een ceea ce prive\u0219te longevitatea vehiculului \u0219i confortul ocupan\u021bilor.  Aerocell QP este primul material din lume care combin\u0103 polimerul \u0219i granulele EPP \u00een cadrul aceluia\u0219i strat.  Aerocell QP schimb\u0103 principiul de baz\u0103 al izol\u0103rii fonice, ceea ce \u00eenseamn\u0103 c\u0103 exist\u0103 trei straturi cu func\u021bii diferite. Acum, toate func\u021biile necesare sunt \u00eendeplinite de o singur\u0103 foaie de material cu o structur\u0103 complex\u0103. Acest lucru simplific\u0103 \u0219i accelereaz\u0103 semnificativ procesul de tratare a ma\u0219inii. \u00cen plus, Aerocell QP are numeroase propriet\u0103\u021bi suplimentare care \u00eembun\u0103t\u0103\u021besc caracteristicile de calitate ale ma\u0219inii (15 for\u021be).  Materialul a fost dezvoltat \u0219i produs special pentru centrele de instalare \u0219i are o serie de avantaje care sunt esen\u021biale pentru activitatea CA. Viteza de lucru \u0219i accesibilitatea permit cre\u0219terea semnificativ\u0103 a avantajelor competitive ale serviciilor. Designul modern str\u0103lucitor al foliei arat\u0103 foarte bine pe rapoartele foto. Acum, imprimarea nu este acoperit\u0103 de nimic, cu excep\u021bia elementelor interioare \u0219i a lambriurilor auto.\" \/>\n<meta property=\"og:url\" content=\"https:\/\/atg.md\/ro\/wp-json\/wp\/v2\/product\/13680\" \/>\n<meta property=\"og:site_name\" content=\"atg.md\" \/>\n<meta property=\"article:modified_time\" content=\"2025-02-20T13:53:26+00:00\" \/>\n<meta property=\"og:image\" content=\"https:\/\/atg.md\/wp-content\/uploads\/2025\/02\/genio-list-2.jpg\" \/>\n\t<meta property=\"og:image:width\" content=\"1920\" \/>\n\t<meta property=\"og:image:height\" content=\"1080\" \/>\n\t<meta property=\"og:image:type\" content=\"image\/jpeg\" \/>\n<meta name=\"twitter:card\" content=\"summary_large_image\" \/>\n<meta name=\"twitter:label1\" content=\"Pre\u021b\" \/>\n\t<meta name=\"twitter:data1\" content=\"70.00&nbsp;MDL\" \/>\n\t<meta name=\"twitter:label2\" content=\"Availability\" \/>\n\t<meta name=\"twitter:data2\" content=\"In stock\" \/>\n<script type=\"application\/ld+json\" class=\"yoast-schema-graph\">{\"@context\":\"https:\/\/schema.org\",\"@graph\":[{\"@type\":\"WebPage\",\"@id\":\"https:\/\/atg.md\/ro\/catalog\/shumoizolyacziya\/vibropogloshhayushhie-materialy\/aerocell-qp-genio-2\/\",\"url\":\"https:\/\/atg.md\/ro\/catalog\/shumoizolyacziya\/vibropogloshhayushhie-materialy\/aerocell-qp-genio-2\/\",\"name\":\"Aerocell QP Genio - Materiale de izolare a vibra\u021biilor, Materiale de amortizare a vibra\u021biilor, Nout\u0103\u021bi, Izolarea zgomotului - atg.md\",\"isPartOf\":{\"@id\":\"https:\/\/atg.md\/ro\/#website\"},\"datePublished\":\"2025-02-20T13:52:19+00:00\",\"dateModified\":\"2025-02-20T13:53:26+00:00\",\"breadcrumb\":{\"@id\":\"https:\/\/atg.md\/ro\/catalog\/shumoizolyacziya\/vibropogloshhayushhie-materialy\/aerocell-qp-genio-2\/#breadcrumb\"},\"inLanguage\":\"ro-RO\",\"potentialAction\":[{\"@type\":\"ReadAction\",\"target\":[[\"https:\/\/atg.md\/ro\/catalog\/shumoizolyacziya\/vibropogloshhayushhie-materialy\/aerocell-qp-genio-2\/\"]]}]},{\"@type\":\"BreadcrumbList\",\"@id\":\"https:\/\/atg.md\/ro\/catalog\/shumoizolyacziya\/vibropogloshhayushhie-materialy\/aerocell-qp-genio-2\/#breadcrumb\",\"itemListElement\":[{\"@type\":\"ListItem\",\"position\":1,\"name\":\"Home\",\"item\":\"https:\/\/atg.md\/ro\/\"},{\"@type\":\"ListItem\",\"position\":2,\"name\":\"\u041a\u0430\u0442\u0430\u043b\u043e\u0433\",\"item\":\"https:\/\/atg.md\/ro\/catalog\/\"},{\"@type\":\"ListItem\",\"position\":3,\"name\":\"Aerocell QP Genio\"}]},{\"@type\":\"WebSite\",\"@id\":\"https:\/\/atg.md\/ro\/#website\",\"url\":\"https:\/\/atg.md\/ro\/\",\"name\":\"atg.md\",\"description\":\"V\u00e2nzare de izola\u021bii \u00eempotriva vibra\u021biilor pentru ma\u0219ini, izola\u021bie termic\u0103, izolare fonic\u0103 de la cei mai buni produc\u0103tori, autoclipsuri, elemente de fixare auto. Cump\u0103ra\u021bi \u00een Moldova, Chi\u0219in\u0103u\",\"publisher\":{\"@id\":\"https:\/\/atg.md\/ro\/#organization\"},\"potentialAction\":[{\"@type\":\"SearchAction\",\"target\":{\"@type\":\"EntryPoint\",\"urlTemplate\":\"https:\/\/atg.md\/ro\/?s={search_term_string}\"},\"query-input\":\"required name=search_term_string\"}],\"inLanguage\":\"ro-RO\"},{\"@type\":[\"Organization\",\"Place\",\"AutoPartsStore\"],\"@id\":\"https:\/\/atg.md\/ro\/#organization\",\"name\":\"S.C. AUTOTOM GRUP S.R.L.\",\"url\":\"https:\/\/atg.md\/ro\/\",\"logo\":{\"@type\":\"ImageObject\",\"inLanguage\":\"ro-RO\",\"@id\":\"https:\/\/atg.md\/ro\/#\/schema\/logo\/image\/\",\"url\":\"https:\/\/i2.wp.com\/atg.md\/wp-content\/uploads\/2021\/05\/atg_logo_main.png?fit=656%2C569&ssl=1\",\"contentUrl\":\"https:\/\/i2.wp.com\/atg.md\/wp-content\/uploads\/2021\/05\/atg_logo_main.png?fit=656%2C569&ssl=1\",\"width\":656,\"height\":569,\"caption\":\"S.C. AUTOTOM GRUP S.R.L.\"},\"image\":{\"@id\":\"https:\/\/atg.md\/ro\/#\/schema\/logo\/image\/\"},\"location\":{\"@id\":\"https:\/\/atg.md\/catalog\/shumoizolyacziya\/vibropogloshhayushhie-materialy\/aerocell-qp-genio-2\/#local-place\"},\"address\":{\"@id\":\"https:\/\/atg.md\/catalog\/shumoizolyacziya\/vibropogloshhayushhie-materialy\/aerocell-qp-genio-2\/#local-place-address\"},\"email\":\"atgtvv@gmail.com\",\"telephone\":\"+37369644446\",\"areaServed\":\"Moldova\"},{\"@type\":\"Place\",\"@id\":\"https:\/\/atg.md\/catalog\/shumoizolyacziya\/vibropogloshhayushhie-materialy\/aerocell-qp-genio-2\/#local-place\",\"address\":{\"@type\":\"PostalAddress\",\"@id\":\"https:\/\/atg.md\/catalog\/shumoizolyacziya\/vibropogloshhayushhie-materialy\/aerocell-qp-genio-2\/#local-place-address\",\"streetAddress\":\"str. Alba-Iulia 77\/20\",\"addressLocality\":\"Chisinau\",\"postalCode\":\"2043\",\"addressRegion\":\"mun. Chisinau\",\"addressCountry\":\"MD\"},\"geo\":{\"@type\":\"GeoCoordinates\",\"latitude\":\"47.0376\",\"longitude\":\"28.76899\"},\"openingHoursSpecification\":[{\"@type\":\"OpeningHoursSpecification\",\"dayOfWeek\":[\"Monday\",\"Tuesday\",\"Wednesday\",\"Thursday\",\"Friday\"],\"opens\":\"09:00\",\"closes\":\"18:00\"},{\"@type\":\"OpeningHoursSpecification\",\"dayOfWeek\":[\"Saturday\"],\"opens\":\"09:00\",\"closes\":\"14:00\"},{\"@type\":\"OpeningHoursSpecification\",\"dayOfWeek\":[\"Sunday\"],\"opens\":\"00:00\",\"closes\":\"00:00\"}],\"telephone\":\"+37369644446\"}]}<\/script>\n<meta name=\"geo.placename\" content=\"Chisinau\" \/>\n<meta name=\"geo.position\" content=\"47.0376;28.76899\" \/>\n<meta name=\"geo.region\" content=\"Moldova\" \/>\n<!-- \/ Yoast SEO Premium plugin. -->","yoast_head_json":{"title":"Aerocell QP Genio - Materiale de izolare a vibra\u021biilor, Materiale de amortizare a vibra\u021biilor, Nout\u0103\u021bi, Izolarea zgomotului - atg.md","robots":{"index":"index","follow":"follow","max-snippet":"max-snippet:-1","max-image-preview":"max-image-preview:large","max-video-preview":"max-video-preview:-1"},"canonical":"https:\/\/atg.md\/ro\/catalog\/shumoizolyacziya\/vibropogloshhayushhie-materialy\/aerocell-qp-genio-2\/","og_locale":"ro_RO","og_type":"article","og_title":"Aerocell QP Genio - Materiale de izolare a vibra\u021biilor, Materiale de amortizare a vibra\u021biilor, Nout\u0103\u021bi, Izolarea zgomotului - atg.md","og_description":"Aerocell QP Genio este un material inovator care combin\u0103 un strat de polimer eficient cu granule patentate Aerocell. Acesta este conceput pentru a r\u0103spunde unei game largi de provoc\u0103ri \u00een ceea ce prive\u0219te longevitatea vehiculului \u0219i confortul ocupan\u021bilor.  Aerocell QP este primul material din lume care combin\u0103 polimerul \u0219i granulele EPP \u00een cadrul aceluia\u0219i strat.  Aerocell QP schimb\u0103 principiul de baz\u0103 al izol\u0103rii fonice, ceea ce \u00eenseamn\u0103 c\u0103 exist\u0103 trei straturi cu func\u021bii diferite. Acum, toate func\u021biile necesare sunt \u00eendeplinite de o singur\u0103 foaie de material cu o structur\u0103 complex\u0103. Acest lucru simplific\u0103 \u0219i accelereaz\u0103 semnificativ procesul de tratare a ma\u0219inii. \u00cen plus, Aerocell QP are numeroase propriet\u0103\u021bi suplimentare care \u00eembun\u0103t\u0103\u021besc caracteristicile de calitate ale ma\u0219inii (15 for\u021be).  Materialul a fost dezvoltat \u0219i produs special pentru centrele de instalare \u0219i are o serie de avantaje care sunt esen\u021biale pentru activitatea CA. Viteza de lucru \u0219i accesibilitatea permit cre\u0219terea semnificativ\u0103 a avantajelor competitive ale serviciilor. Designul modern str\u0103lucitor al foliei arat\u0103 foarte bine pe rapoartele foto. Acum, imprimarea nu este acoperit\u0103 de nimic, cu excep\u021bia elementelor interioare \u0219i a lambriurilor auto.","og_url":"https:\/\/atg.md\/ro\/wp-json\/wp\/v2\/product\/13680","og_site_name":"atg.md","article_modified_time":"2025-02-20T13:53:26+00:00","og_image":[{"width":1920,"height":1080,"url":"https:\/\/atg.md\/wp-content\/uploads\/2025\/02\/genio-list-2.jpg","type":"image\/jpeg"}],"twitter_card":"summary_large_image","twitter_misc":{"Pre\u021b":"70.00&nbsp;MDL","Availability":"In stock"},"schema":{"@context":"https:\/\/schema.org","@graph":[{"@type":"WebPage","@id":"https:\/\/atg.md\/ro\/catalog\/shumoizolyacziya\/vibropogloshhayushhie-materialy\/aerocell-qp-genio-2\/","url":"https:\/\/atg.md\/ro\/catalog\/shumoizolyacziya\/vibropogloshhayushhie-materialy\/aerocell-qp-genio-2\/","name":"Aerocell QP Genio - Materiale de izolare a vibra\u021biilor, Materiale de amortizare a vibra\u021biilor, Nout\u0103\u021bi, Izolarea zgomotului - atg.md","isPartOf":{"@id":"https:\/\/atg.md\/ro\/#website"},"datePublished":"2025-02-20T13:52:19+00:00","dateModified":"2025-02-20T13:53:26+00:00","breadcrumb":{"@id":"https:\/\/atg.md\/ro\/catalog\/shumoizolyacziya\/vibropogloshhayushhie-materialy\/aerocell-qp-genio-2\/#breadcrumb"},"inLanguage":"ro-RO","potentialAction":[{"@type":"ReadAction","target":[["https:\/\/atg.md\/ro\/catalog\/shumoizolyacziya\/vibropogloshhayushhie-materialy\/aerocell-qp-genio-2\/"]]}]},{"@type":"BreadcrumbList","@id":"https:\/\/atg.md\/ro\/catalog\/shumoizolyacziya\/vibropogloshhayushhie-materialy\/aerocell-qp-genio-2\/#breadcrumb","itemListElement":[{"@type":"ListItem","position":1,"name":"Home","item":"https:\/\/atg.md\/ro\/"},{"@type":"ListItem","position":2,"name":"\u041a\u0430\u0442\u0430\u043b\u043e\u0433","item":"https:\/\/atg.md\/ro\/catalog\/"},{"@type":"ListItem","position":3,"name":"Aerocell QP Genio"}]},{"@type":"WebSite","@id":"https:\/\/atg.md\/ro\/#website","url":"https:\/\/atg.md\/ro\/","name":"atg.md","description":"V\u00e2nzare de izola\u021bii \u00eempotriva vibra\u021biilor pentru ma\u0219ini, izola\u021bie termic\u0103, izolare fonic\u0103 de la cei mai buni produc\u0103tori, autoclipsuri, elemente de fixare auto. Cump\u0103ra\u021bi \u00een Moldova, Chi\u0219in\u0103u","publisher":{"@id":"https:\/\/atg.md\/ro\/#organization"},"potentialAction":[{"@type":"SearchAction","target":{"@type":"EntryPoint","urlTemplate":"https:\/\/atg.md\/ro\/?s={search_term_string}"},"query-input":"required name=search_term_string"}],"inLanguage":"ro-RO"},{"@type":["Organization","Place","AutoPartsStore"],"@id":"https:\/\/atg.md\/ro\/#organization","name":"S.C. AUTOTOM GRUP S.R.L.","url":"https:\/\/atg.md\/ro\/","logo":{"@type":"ImageObject","inLanguage":"ro-RO","@id":"https:\/\/atg.md\/ro\/#\/schema\/logo\/image\/","url":"https:\/\/i2.wp.com\/atg.md\/wp-content\/uploads\/2021\/05\/atg_logo_main.png?fit=656%2C569&ssl=1","contentUrl":"https:\/\/i2.wp.com\/atg.md\/wp-content\/uploads\/2021\/05\/atg_logo_main.png?fit=656%2C569&ssl=1","width":656,"height":569,"caption":"S.C. AUTOTOM GRUP S.R.L."},"image":{"@id":"https:\/\/atg.md\/ro\/#\/schema\/logo\/image\/"},"location":{"@id":"https:\/\/atg.md\/catalog\/shumoizolyacziya\/vibropogloshhayushhie-materialy\/aerocell-qp-genio-2\/#local-place"},"address":{"@id":"https:\/\/atg.md\/catalog\/shumoizolyacziya\/vibropogloshhayushhie-materialy\/aerocell-qp-genio-2\/#local-place-address"},"email":"atgtvv@gmail.com","telephone":"+37369644446","areaServed":"Moldova"},{"@type":"Place","@id":"https:\/\/atg.md\/catalog\/shumoizolyacziya\/vibropogloshhayushhie-materialy\/aerocell-qp-genio-2\/#local-place","address":{"@type":"PostalAddress","@id":"https:\/\/atg.md\/catalog\/shumoizolyacziya\/vibropogloshhayushhie-materialy\/aerocell-qp-genio-2\/#local-place-address","streetAddress":"str. Alba-Iulia 77\/20","addressLocality":"Chisinau","postalCode":"2043","addressRegion":"mun. Chisinau","addressCountry":"MD"},"geo":{"@type":"GeoCoordinates","latitude":"47.0376","longitude":"28.76899"},"openingHoursSpecification":[{"@type":"OpeningHoursSpecification","dayOfWeek":["Monday","Tuesday","Wednesday","Thursday","Friday"],"opens":"09:00","closes":"18:00"},{"@type":"OpeningHoursSpecification","dayOfWeek":["Saturday"],"opens":"09:00","closes":"14:00"},{"@type":"OpeningHoursSpecification","dayOfWeek":["Sunday"],"opens":"00:00","closes":"00:00"}],"telephone":"+37369644446"}]}},"_links":{"self":[{"href":"https:\/\/atg.md\/ro\/wp-json\/wp\/v2\/product\/13680"}],"collection":[{"href":"https:\/\/atg.md\/ro\/wp-json\/wp\/v2\/product"}],"about":[{"href":"https:\/\/atg.md\/ro\/wp-json\/wp\/v2\/types\/product"}],"wp:featuredmedia":[{"embeddable":true,"href":"https:\/\/atg.md\/ro\/wp-json\/wp\/v2\/media\/13617"}],"wp:attachment":[{"href":"https:\/\/atg.md\/ro\/wp-json\/wp\/v2\/media?parent=13680"}],"wp:term":[{"taxonomy":"product_cat","embeddable":true,"href":"https:\/\/atg.md\/ro\/wp-json\/wp\/v2\/product_cat?post=13680"},{"taxonomy":"product_tag","embeddable":true,"href":"https:\/\/atg.md\/ro\/wp-json\/wp\/v2\/product_tag?post=13680"}],"curies":[{"name":"wp","href":"https:\/\/api.w.org\/{rel}","templated":true}]}}