{"id":13674,"date":"2025-02-20T13:50:38","date_gmt":"2025-02-20T13:50:38","guid":{"rendered":"https:\/\/atg.md\/?post_type=product&#038;p=13674"},"modified":"2026-03-30T10:19:46","modified_gmt":"2026-03-30T10:19:46","slug":"devils-gold","status":"publish","type":"product","link":"https:\/\/atg.md\/ro\/catalog\/shumoizolyacziya\/vibropogloshhayushhie-materialy\/devils-gold\/","title":{"rendered":"Devil&#8217;s Gold"},"content":{"rendered":"<p><\/p>\n<div class=\"new-product__composition\">\n<div class=\"new-product__description-title\">\n<div class=\"new-product__composition\">\n<div class=\"new-product__description-title\">\n<h3>Compozi\u021bie<\/h3>\n<\/div>\n<ul>\n<li class=\"performance__item\">Strat de folie de aluminiu<\/li>\n<li class=\"performance__item\">Strat de polimer lipicios<\/li>\n<li class=\"performance__item\">H\u00e2rtie protectoare anti-aderen\u021b\u0103<\/li>\n<\/ul>\n<\/div>\n<div class=\"new-product__advantages\">\n<div class=\"new-product__description-title\">\n<h3>Avantaje<\/h3>\n<\/div>\n<ul class=\"performance__list--2\">\n<li class=\"performance__item\">Greutate redus\u0103 a materialului<\/li>\n<li class=\"performance__item\">Ductilitate crescut\u0103<\/li>\n<li class=\"performance__item\">Protec\u021bie fiabil\u0103 \u00eempotriva coroziunii<\/li>\n<li class=\"performance__item\">Rezisten\u021b\u0103 termic\u0103 ridicat\u0103 a materialului<\/li>\n<\/ul>\n<\/div>\n<\/div>\n<\/div>\n<p><\/p>","protected":false},"excerpt":{"rendered":"<p>Foaie autoadeziv\u0103 de material de amortizare a vibra\u021biilor proiectat\u0103 pentru instalarea pe metalul caroseriei \u00een timpul izol\u0103rii fonice a ma\u0219inii. Stratul lipicios de mastic cu aditivi speciali are un coeficient ridicat de pierderi mecanice. Acest lucru permite amortizarea vibra\u021biilor structurale transmise caroseriei de la motorul \u00een func\u021biune \u0219i de la elementele de transmisie. Materialul este instalat ca prim strat pe suprafe\u021bele metalice, bloc\u00e2nd accesul aerului \u0219i al umidit\u0103\u021bii. Acest lucru protejeaz\u0103 caroseria de coroziune \u00een zonele de instalare a amortizoarelor de vibra\u021bii.<\/p>\n","protected":false},"featured_media":13676,"template":"","meta":[],"product_cat":[1165,1313,1164],"product_tag":[],"bundled_by":[],"bundle_stock_status":"instock","bundle_stock_quantity":null,"bundle_virtual":false,"bundle_layout":"","bundle_add_to_cart_form_location":"","bundle_editable_in_cart":false,"bundle_sold_individually_context":"","bundle_item_grouping":"","bundle_min_size":"","bundle_max_size":"","bundled_items":[],"yoast_head":"<!-- This site is optimized with the Yoast SEO Premium plugin v16.6 (Yoast SEO v20.1) - https:\/\/yoast.com\/wordpress\/plugins\/seo\/ -->\n<title>Devil&#039;s Gold - Materiale de amortizare a vibra\u021biilor, Nout\u0103\u021bi, Izolarea zgomotului - atg.md<\/title>\n<meta name=\"robots\" content=\"index, follow, max-snippet:-1, max-image-preview:large, max-video-preview:-1\" \/>\n<link rel=\"canonical\" href=\"https:\/\/atg.md\/ro\/catalog\/shumoizolyacziya\/vibropogloshhayushhie-materialy\/devils-gold\/\" \/>\n<meta property=\"og:locale\" content=\"ro_RO\" \/>\n<meta property=\"og:type\" content=\"article\" \/>\n<meta property=\"og:title\" content=\"Devil&#039;s Gold - Materiale de amortizare a vibra\u021biilor, Nout\u0103\u021bi, Izolarea zgomotului - atg.md\" \/>\n<meta property=\"og:description\" content=\"Foaie autoadeziv\u0103 de material de amortizare a vibra\u021biilor proiectat\u0103 pentru instalarea pe metalul caroseriei \u00een timpul izol\u0103rii fonice a ma\u0219inii. Stratul lipicios de mastic cu aditivi speciali are un coeficient ridicat de pierderi mecanice. Acest lucru permite amortizarea vibra\u021biilor structurale transmise caroseriei de la motorul \u00een func\u021biune \u0219i de la elementele de transmisie. Materialul este instalat ca prim strat pe suprafe\u021bele metalice, bloc\u00e2nd accesul aerului \u0219i al umidit\u0103\u021bii. Acest lucru protejeaz\u0103 caroseria de coroziune \u00een zonele de instalare a amortizoarelor de vibra\u021bii.\" \/>\n<meta property=\"og:url\" content=\"https:\/\/atg.md\/ro\/wp-json\/wp\/v2\/product\/13674\" \/>\n<meta property=\"og:site_name\" content=\"atg.md\" \/>\n<meta property=\"article:modified_time\" content=\"2026-03-30T10:19:46+00:00\" \/>\n<meta property=\"og:image\" content=\"https:\/\/atg.md\/wp-content\/uploads\/2025\/02\/1-1.jpg\" \/>\n\t<meta property=\"og:image:width\" content=\"1920\" \/>\n\t<meta property=\"og:image:height\" content=\"1080\" \/>\n\t<meta property=\"og:image:type\" content=\"image\/jpeg\" \/>\n<meta name=\"twitter:card\" content=\"summary_large_image\" \/>\n<meta name=\"twitter:label1\" content=\"Pre\u021b\" \/>\n\t<meta name=\"twitter:data1\" content=\"140.00&nbsp;MDL\" \/>\n\t<meta name=\"twitter:label2\" content=\"Availability\" \/>\n\t<meta name=\"twitter:data2\" content=\"In stock\" \/>\n<script type=\"application\/ld+json\" class=\"yoast-schema-graph\">{\"@context\":\"https:\/\/schema.org\",\"@graph\":[{\"@type\":\"WebPage\",\"@id\":\"https:\/\/atg.md\/ro\/catalog\/shumoizolyacziya\/vibropogloshhayushhie-materialy\/devils-gold\/\",\"url\":\"https:\/\/atg.md\/ro\/catalog\/shumoizolyacziya\/vibropogloshhayushhie-materialy\/devils-gold\/\",\"name\":\"Devil's Gold - Materiale de amortizare a vibra\u021biilor, Nout\u0103\u021bi, Izolarea zgomotului - atg.md\",\"isPartOf\":{\"@id\":\"https:\/\/atg.md\/ro\/#website\"},\"datePublished\":\"2025-02-20T13:50:38+00:00\",\"dateModified\":\"2026-03-30T10:19:46+00:00\",\"breadcrumb\":{\"@id\":\"https:\/\/atg.md\/ro\/catalog\/shumoizolyacziya\/vibropogloshhayushhie-materialy\/devils-gold\/#breadcrumb\"},\"inLanguage\":\"ro-RO\",\"potentialAction\":[{\"@type\":\"ReadAction\",\"target\":[[\"https:\/\/atg.md\/ro\/catalog\/shumoizolyacziya\/vibropogloshhayushhie-materialy\/devils-gold\/\"]]}]},{\"@type\":\"BreadcrumbList\",\"@id\":\"https:\/\/atg.md\/ro\/catalog\/shumoizolyacziya\/vibropogloshhayushhie-materialy\/devils-gold\/#breadcrumb\",\"itemListElement\":[{\"@type\":\"ListItem\",\"position\":1,\"name\":\"Home\",\"item\":\"https:\/\/atg.md\/ro\/\"},{\"@type\":\"ListItem\",\"position\":2,\"name\":\"\u041a\u0430\u0442\u0430\u043b\u043e\u0433\",\"item\":\"https:\/\/atg.md\/ro\/catalog\/\"},{\"@type\":\"ListItem\",\"position\":3,\"name\":\"Devil&#8217;s Gold\"}]},{\"@type\":\"WebSite\",\"@id\":\"https:\/\/atg.md\/ro\/#website\",\"url\":\"https:\/\/atg.md\/ro\/\",\"name\":\"atg.md\",\"description\":\"V\u00e2nzare de izola\u021bii \u00eempotriva vibra\u021biilor pentru ma\u0219ini, izola\u021bie termic\u0103, izolare fonic\u0103 de la cei mai buni produc\u0103tori, autoclipsuri, elemente de fixare auto. Cump\u0103ra\u021bi \u00een Moldova, Chi\u0219in\u0103u\",\"publisher\":{\"@id\":\"https:\/\/atg.md\/ro\/#organization\"},\"potentialAction\":[{\"@type\":\"SearchAction\",\"target\":{\"@type\":\"EntryPoint\",\"urlTemplate\":\"https:\/\/atg.md\/ro\/?s={search_term_string}\"},\"query-input\":\"required name=search_term_string\"}],\"inLanguage\":\"ro-RO\"},{\"@type\":[\"Organization\",\"Place\",\"AutoPartsStore\"],\"@id\":\"https:\/\/atg.md\/ro\/#organization\",\"name\":\"S.C. AUTOTOM GRUP S.R.L.\",\"url\":\"https:\/\/atg.md\/ro\/\",\"logo\":{\"@type\":\"ImageObject\",\"inLanguage\":\"ro-RO\",\"@id\":\"https:\/\/atg.md\/ro\/#\/schema\/logo\/image\/\",\"url\":\"https:\/\/i2.wp.com\/atg.md\/wp-content\/uploads\/2021\/05\/atg_logo_main.png?fit=656%2C569&ssl=1\",\"contentUrl\":\"https:\/\/i2.wp.com\/atg.md\/wp-content\/uploads\/2021\/05\/atg_logo_main.png?fit=656%2C569&ssl=1\",\"width\":656,\"height\":569,\"caption\":\"S.C. AUTOTOM GRUP S.R.L.\"},\"image\":{\"@id\":\"https:\/\/atg.md\/ro\/#\/schema\/logo\/image\/\"},\"location\":{\"@id\":\"https:\/\/atg.md\/catalog\/shumoizolyacziya\/vibropogloshhayushhie-materialy\/devils-gold\/#local-place\"},\"address\":{\"@id\":\"https:\/\/atg.md\/catalog\/shumoizolyacziya\/vibropogloshhayushhie-materialy\/devils-gold\/#local-place-address\"},\"email\":\"atgtvv@gmail.com\",\"telephone\":\"+37369644446\",\"areaServed\":\"Moldova\"},{\"@type\":\"Place\",\"@id\":\"https:\/\/atg.md\/catalog\/shumoizolyacziya\/vibropogloshhayushhie-materialy\/devils-gold\/#local-place\",\"address\":{\"@type\":\"PostalAddress\",\"@id\":\"https:\/\/atg.md\/catalog\/shumoizolyacziya\/vibropogloshhayushhie-materialy\/devils-gold\/#local-place-address\",\"streetAddress\":\"str. Alba-Iulia 77\/20\",\"addressLocality\":\"Chisinau\",\"postalCode\":\"2043\",\"addressRegion\":\"mun. Chisinau\",\"addressCountry\":\"MD\"},\"geo\":{\"@type\":\"GeoCoordinates\",\"latitude\":\"47.0376\",\"longitude\":\"28.76899\"},\"openingHoursSpecification\":[{\"@type\":\"OpeningHoursSpecification\",\"dayOfWeek\":[\"Monday\",\"Tuesday\",\"Wednesday\",\"Thursday\",\"Friday\"],\"opens\":\"09:00\",\"closes\":\"18:00\"},{\"@type\":\"OpeningHoursSpecification\",\"dayOfWeek\":[\"Saturday\"],\"opens\":\"09:00\",\"closes\":\"14:00\"},{\"@type\":\"OpeningHoursSpecification\",\"dayOfWeek\":[\"Sunday\"],\"opens\":\"00:00\",\"closes\":\"00:00\"}],\"telephone\":\"+37369644446\"}]}<\/script>\n<meta name=\"geo.placename\" content=\"Chisinau\" \/>\n<meta name=\"geo.position\" content=\"47.0376;28.76899\" \/>\n<meta name=\"geo.region\" content=\"Moldova\" \/>\n<!-- \/ Yoast SEO Premium plugin. -->","yoast_head_json":{"title":"Devil's Gold - Materiale de amortizare a vibra\u021biilor, Nout\u0103\u021bi, Izolarea zgomotului - atg.md","robots":{"index":"index","follow":"follow","max-snippet":"max-snippet:-1","max-image-preview":"max-image-preview:large","max-video-preview":"max-video-preview:-1"},"canonical":"https:\/\/atg.md\/ro\/catalog\/shumoizolyacziya\/vibropogloshhayushhie-materialy\/devils-gold\/","og_locale":"ro_RO","og_type":"article","og_title":"Devil's Gold - Materiale de amortizare a vibra\u021biilor, Nout\u0103\u021bi, Izolarea zgomotului - atg.md","og_description":"Foaie autoadeziv\u0103 de material de amortizare a vibra\u021biilor proiectat\u0103 pentru instalarea pe metalul caroseriei \u00een timpul izol\u0103rii fonice a ma\u0219inii. Stratul lipicios de mastic cu aditivi speciali are un coeficient ridicat de pierderi mecanice. Acest lucru permite amortizarea vibra\u021biilor structurale transmise caroseriei de la motorul \u00een func\u021biune \u0219i de la elementele de transmisie. Materialul este instalat ca prim strat pe suprafe\u021bele metalice, bloc\u00e2nd accesul aerului \u0219i al umidit\u0103\u021bii. Acest lucru protejeaz\u0103 caroseria de coroziune \u00een zonele de instalare a amortizoarelor de vibra\u021bii.","og_url":"https:\/\/atg.md\/ro\/wp-json\/wp\/v2\/product\/13674","og_site_name":"atg.md","article_modified_time":"2026-03-30T10:19:46+00:00","og_image":[{"width":1920,"height":1080,"url":"https:\/\/atg.md\/wp-content\/uploads\/2025\/02\/1-1.jpg","type":"image\/jpeg"}],"twitter_card":"summary_large_image","twitter_misc":{"Pre\u021b":"140.00&nbsp;MDL","Availability":"In stock"},"schema":{"@context":"https:\/\/schema.org","@graph":[{"@type":"WebPage","@id":"https:\/\/atg.md\/ro\/catalog\/shumoizolyacziya\/vibropogloshhayushhie-materialy\/devils-gold\/","url":"https:\/\/atg.md\/ro\/catalog\/shumoizolyacziya\/vibropogloshhayushhie-materialy\/devils-gold\/","name":"Devil's Gold - Materiale de amortizare a vibra\u021biilor, Nout\u0103\u021bi, Izolarea zgomotului - atg.md","isPartOf":{"@id":"https:\/\/atg.md\/ro\/#website"},"datePublished":"2025-02-20T13:50:38+00:00","dateModified":"2026-03-30T10:19:46+00:00","breadcrumb":{"@id":"https:\/\/atg.md\/ro\/catalog\/shumoizolyacziya\/vibropogloshhayushhie-materialy\/devils-gold\/#breadcrumb"},"inLanguage":"ro-RO","potentialAction":[{"@type":"ReadAction","target":[["https:\/\/atg.md\/ro\/catalog\/shumoizolyacziya\/vibropogloshhayushhie-materialy\/devils-gold\/"]]}]},{"@type":"BreadcrumbList","@id":"https:\/\/atg.md\/ro\/catalog\/shumoizolyacziya\/vibropogloshhayushhie-materialy\/devils-gold\/#breadcrumb","itemListElement":[{"@type":"ListItem","position":1,"name":"Home","item":"https:\/\/atg.md\/ro\/"},{"@type":"ListItem","position":2,"name":"\u041a\u0430\u0442\u0430\u043b\u043e\u0433","item":"https:\/\/atg.md\/ro\/catalog\/"},{"@type":"ListItem","position":3,"name":"Devil&#8217;s Gold"}]},{"@type":"WebSite","@id":"https:\/\/atg.md\/ro\/#website","url":"https:\/\/atg.md\/ro\/","name":"atg.md","description":"V\u00e2nzare de izola\u021bii \u00eempotriva vibra\u021biilor pentru ma\u0219ini, izola\u021bie termic\u0103, izolare fonic\u0103 de la cei mai buni produc\u0103tori, autoclipsuri, elemente de fixare auto. Cump\u0103ra\u021bi \u00een Moldova, Chi\u0219in\u0103u","publisher":{"@id":"https:\/\/atg.md\/ro\/#organization"},"potentialAction":[{"@type":"SearchAction","target":{"@type":"EntryPoint","urlTemplate":"https:\/\/atg.md\/ro\/?s={search_term_string}"},"query-input":"required name=search_term_string"}],"inLanguage":"ro-RO"},{"@type":["Organization","Place","AutoPartsStore"],"@id":"https:\/\/atg.md\/ro\/#organization","name":"S.C. AUTOTOM GRUP S.R.L.","url":"https:\/\/atg.md\/ro\/","logo":{"@type":"ImageObject","inLanguage":"ro-RO","@id":"https:\/\/atg.md\/ro\/#\/schema\/logo\/image\/","url":"https:\/\/i2.wp.com\/atg.md\/wp-content\/uploads\/2021\/05\/atg_logo_main.png?fit=656%2C569&ssl=1","contentUrl":"https:\/\/i2.wp.com\/atg.md\/wp-content\/uploads\/2021\/05\/atg_logo_main.png?fit=656%2C569&ssl=1","width":656,"height":569,"caption":"S.C. AUTOTOM GRUP S.R.L."},"image":{"@id":"https:\/\/atg.md\/ro\/#\/schema\/logo\/image\/"},"location":{"@id":"https:\/\/atg.md\/catalog\/shumoizolyacziya\/vibropogloshhayushhie-materialy\/devils-gold\/#local-place"},"address":{"@id":"https:\/\/atg.md\/catalog\/shumoizolyacziya\/vibropogloshhayushhie-materialy\/devils-gold\/#local-place-address"},"email":"atgtvv@gmail.com","telephone":"+37369644446","areaServed":"Moldova"},{"@type":"Place","@id":"https:\/\/atg.md\/catalog\/shumoizolyacziya\/vibropogloshhayushhie-materialy\/devils-gold\/#local-place","address":{"@type":"PostalAddress","@id":"https:\/\/atg.md\/catalog\/shumoizolyacziya\/vibropogloshhayushhie-materialy\/devils-gold\/#local-place-address","streetAddress":"str. Alba-Iulia 77\/20","addressLocality":"Chisinau","postalCode":"2043","addressRegion":"mun. Chisinau","addressCountry":"MD"},"geo":{"@type":"GeoCoordinates","latitude":"47.0376","longitude":"28.76899"},"openingHoursSpecification":[{"@type":"OpeningHoursSpecification","dayOfWeek":["Monday","Tuesday","Wednesday","Thursday","Friday"],"opens":"09:00","closes":"18:00"},{"@type":"OpeningHoursSpecification","dayOfWeek":["Saturday"],"opens":"09:00","closes":"14:00"},{"@type":"OpeningHoursSpecification","dayOfWeek":["Sunday"],"opens":"00:00","closes":"00:00"}],"telephone":"+37369644446"}]}},"_links":{"self":[{"href":"https:\/\/atg.md\/ro\/wp-json\/wp\/v2\/product\/13674"}],"collection":[{"href":"https:\/\/atg.md\/ro\/wp-json\/wp\/v2\/product"}],"about":[{"href":"https:\/\/atg.md\/ro\/wp-json\/wp\/v2\/types\/product"}],"wp:featuredmedia":[{"embeddable":true,"href":"https:\/\/atg.md\/ro\/wp-json\/wp\/v2\/media\/13676"}],"wp:attachment":[{"href":"https:\/\/atg.md\/ro\/wp-json\/wp\/v2\/media?parent=13674"}],"wp:term":[{"taxonomy":"product_cat","embeddable":true,"href":"https:\/\/atg.md\/ro\/wp-json\/wp\/v2\/product_cat?post=13674"},{"taxonomy":"product_tag","embeddable":true,"href":"https:\/\/atg.md\/ro\/wp-json\/wp\/v2\/product_tag?post=13674"}],"curies":[{"name":"wp","href":"https:\/\/api.w.org\/{rel}","templated":true}]}}