{"id":13503,"date":"2024-07-29T14:23:42","date_gmt":"2024-07-29T14:23:42","guid":{"rendered":"http:\/\/atg.md\/?post_type=product&#038;p=13503"},"modified":"2024-07-29T14:23:42","modified_gmt":"2024-07-29T14:23:42","slug":"h2259","status":"publish","type":"product","link":"https:\/\/atg.md\/ro\/catalog\/metizy\/h2259\/","title":{"rendered":"H2259"},"content":{"rendered":"<p>Pentru modelele:<br \/>\nAudi A1, 8X1, 8XA, 8XF, 8XKAudi A4, 8W2, 8W5, 8WHAudi A5, F53, F57, F5AAudi Q3, 8UGAudi Q5, FYBAudi Q7, 4MBAudi S4, 8W2, 8W5, 8WHAudi S5, F53, F57, F5AAudi TT RS, FV3, FV9Audi TT, FV3, FV9Audi TTS, FV3, FV9Seat Ateca, KH0Seat Ibiza, KJ1Seat Leon, 5F1, 5F5, 5F8Seat Mii, KF1Skoda Citigo, NF1Skoda Fabia, 0F1, NJ2, NJ5Skoda Kodiaq, 0Z7, NS7Skoda Octavia, 5E3, 5E5, NL3, NM2, NM3, NM4, NM5, NR3Skoda Rapid, NA2Skoda Superb, 3V3, 3V5, NT3Skoda Yeti, 0Y7, 5L6, 5L7, 676, 677Volkswagen Amarok, S6B, S7A, S7BVolkswagen Arteon, 3H7, 3H8, 3H9Volkswagen Atlas Cross Sport, CMCVolkswagen Atlas, CA1, CA2Volkswagen Beetle, 5C1, 5C2, 5C7, 5C8Volkswagen Crafter, SCB, SCC, SYI, SYJ, SYM, SZB, SZC, SZD, SZH, SZI, SZJ, SZK, SZO, SZP, SZQ, SZS, SZT, SZU, SZV, SZW, SZX, SZY, SZZ, UYB, UYC, UYD, UYI, UYJ, UYK, UYL, UYM, UZB, UZC, UZD, UZH, UZI, UZJ, UZK, UZO, UZP, UZQ, UZS, UZT, UZU, UZV, UZW, UZX, UZY, UZZVolkswagen Golf Sportsvan, AM1, AN1Volkswagen Golf, 5G1, AU1, BA5, BQ1, BV5, BX5, CD1Volkswagen Jetta, 162, 163, AV2, AV3, AY2, AY3, BU3Volkswagen Multivan, SHM, SHNVolkswagen Passat CC, 358Volkswagen Passat, 362, 365, 3G2, 3G5, A32, A33, A34, CB2, CB5Volkswagen Polo, 6C1, AW1Volkswagen Scirocco, 138Volkswagen T-Cross, C11Volkswagen T-Roc, A11Volkswagen Teramont X, CMCVolkswagen Teramont, CA1, CA2Volkswagen Tiguan, AD1, AX1, BT1, BT2, BW2Volkswagen Touareg, 7P5, 7P6, CR7Volkswagen Touran, 5T1Volkswagen up! , 121, 122, 123, BL1, BL2, BL3<\/p>","protected":false},"excerpt":{"rendered":"<p>OEM: N90993603<\/p>\n<p>Dimensiune F:5.9<br \/>\nDimensiune H:22.9<br \/>\nDimensiune T:11,8<\/p>\n<p>Aplica\u021bie:<br \/>\nSuport pentru bara de protec\u021bie fa\u021b\u0103<br \/>\nSuport far<br \/>\nSuport radiator<\/p>\n","protected":false},"featured_media":13504,"template":"","meta":[],"product_cat":[1246,1243],"product_tag":[],"bundled_by":[],"bundle_stock_status":"instock","bundle_stock_quantity":null,"bundle_virtual":false,"bundle_layout":"","bundle_add_to_cart_form_location":"","bundle_editable_in_cart":false,"bundle_sold_individually_context":"","bundle_item_grouping":"","bundle_min_size":"","bundle_max_size":"","bundled_items":[],"yoast_head":"<!-- This site is optimized with the Yoast SEO Premium plugin v16.6 (Yoast SEO v20.1) - https:\/\/yoast.com\/wordpress\/plugins\/seo\/ -->\n<title>H2259 - \u0218uruburi (bolt), Metize - atg.md<\/title>\n<meta name=\"robots\" content=\"index, follow, max-snippet:-1, max-image-preview:large, max-video-preview:-1\" \/>\n<link rel=\"canonical\" href=\"https:\/\/atg.md\/ro\/catalog\/metizy\/h2259\/\" \/>\n<meta property=\"og:locale\" content=\"ro_RO\" \/>\n<meta property=\"og:type\" content=\"article\" \/>\n<meta property=\"og:title\" content=\"H2259 - \u0218uruburi (bolt), Metize - atg.md\" \/>\n<meta property=\"og:description\" content=\"OEM: N90993603  Dimensiune F:5.9 Dimensiune H:22.9 Dimensiune T:11,8  Aplica\u021bie: Suport pentru bara de protec\u021bie fa\u021b\u0103 Suport far Suport radiator\" \/>\n<meta property=\"og:url\" content=\"https:\/\/atg.md\/ro\/wp-json\/wp\/v2\/product\/13503\" \/>\n<meta property=\"og:site_name\" content=\"atg.md\" \/>\n<meta property=\"og:image\" content=\"https:\/\/atg.md\/wp-content\/uploads\/2024\/07\/h2259_0x0_39b.png\" \/>\n\t<meta property=\"og:image:width\" content=\"400\" \/>\n\t<meta property=\"og:image:height\" content=\"400\" \/>\n\t<meta property=\"og:image:type\" content=\"image\/png\" \/>\n<meta name=\"twitter:card\" content=\"summary_large_image\" \/>\n<meta name=\"twitter:label1\" content=\"Pre\u021b\" \/>\n\t<meta name=\"twitter:data1\" content=\"12.00&nbsp;MDL\" \/>\n\t<meta name=\"twitter:label2\" content=\"Availability\" \/>\n\t<meta name=\"twitter:data2\" content=\"In stock\" \/>\n<script type=\"application\/ld+json\" class=\"yoast-schema-graph\">{\"@context\":\"https:\/\/schema.org\",\"@graph\":[{\"@type\":\"WebPage\",\"@id\":\"https:\/\/atg.md\/ro\/catalog\/metizy\/h2259\/\",\"url\":\"https:\/\/atg.md\/ro\/catalog\/metizy\/h2259\/\",\"name\":\"H2259 - \u0218uruburi (bolt), Metize - atg.md\",\"isPartOf\":{\"@id\":\"https:\/\/atg.md\/ro\/#website\"},\"datePublished\":\"2024-07-29T14:23:42+00:00\",\"dateModified\":\"2024-07-29T14:23:42+00:00\",\"breadcrumb\":{\"@id\":\"https:\/\/atg.md\/ro\/catalog\/metizy\/h2259\/#breadcrumb\"},\"inLanguage\":\"ro-RO\",\"potentialAction\":[{\"@type\":\"ReadAction\",\"target\":[[\"https:\/\/atg.md\/ro\/catalog\/metizy\/h2259\/\"]]}]},{\"@type\":\"BreadcrumbList\",\"@id\":\"https:\/\/atg.md\/ro\/catalog\/metizy\/h2259\/#breadcrumb\",\"itemListElement\":[{\"@type\":\"ListItem\",\"position\":1,\"name\":\"Home\",\"item\":\"https:\/\/atg.md\/ro\/\"},{\"@type\":\"ListItem\",\"position\":2,\"name\":\"\u041a\u0430\u0442\u0430\u043b\u043e\u0433\",\"item\":\"https:\/\/atg.md\/ro\/catalog\/\"},{\"@type\":\"ListItem\",\"position\":3,\"name\":\"H2259\"}]},{\"@type\":\"WebSite\",\"@id\":\"https:\/\/atg.md\/ro\/#website\",\"url\":\"https:\/\/atg.md\/ro\/\",\"name\":\"atg.md\",\"description\":\"V\u00e2nzare de izola\u021bii \u00eempotriva vibra\u021biilor pentru ma\u0219ini, izola\u021bie termic\u0103, izolare fonic\u0103 de la cei mai buni produc\u0103tori, autoclipsuri, elemente de fixare auto. Cump\u0103ra\u021bi \u00een Moldova, Chi\u0219in\u0103u\",\"publisher\":{\"@id\":\"https:\/\/atg.md\/ro\/#organization\"},\"potentialAction\":[{\"@type\":\"SearchAction\",\"target\":{\"@type\":\"EntryPoint\",\"urlTemplate\":\"https:\/\/atg.md\/ro\/?s={search_term_string}\"},\"query-input\":\"required name=search_term_string\"}],\"inLanguage\":\"ro-RO\"},{\"@type\":[\"Organization\",\"Place\",\"AutoPartsStore\"],\"@id\":\"https:\/\/atg.md\/ro\/#organization\",\"name\":\"S.C. AUTOTOM GRUP S.R.L.\",\"url\":\"https:\/\/atg.md\/ro\/\",\"logo\":{\"@type\":\"ImageObject\",\"inLanguage\":\"ro-RO\",\"@id\":\"https:\/\/atg.md\/ro\/#\/schema\/logo\/image\/\",\"url\":\"https:\/\/i2.wp.com\/atg.md\/wp-content\/uploads\/2021\/05\/atg_logo_main.png?fit=656%2C569&ssl=1\",\"contentUrl\":\"https:\/\/i2.wp.com\/atg.md\/wp-content\/uploads\/2021\/05\/atg_logo_main.png?fit=656%2C569&ssl=1\",\"width\":656,\"height\":569,\"caption\":\"S.C. AUTOTOM GRUP S.R.L.\"},\"image\":{\"@id\":\"https:\/\/atg.md\/ro\/#\/schema\/logo\/image\/\"},\"location\":{\"@id\":\"https:\/\/atg.md\/catalog\/metizy\/h2259\/#local-place\"},\"address\":{\"@id\":\"https:\/\/atg.md\/catalog\/metizy\/h2259\/#local-place-address\"},\"email\":\"atgtvv@gmail.com\",\"telephone\":\"+37369644446\",\"areaServed\":\"Moldova\"},{\"@type\":\"Place\",\"@id\":\"https:\/\/atg.md\/catalog\/metizy\/h2259\/#local-place\",\"address\":{\"@type\":\"PostalAddress\",\"@id\":\"https:\/\/atg.md\/catalog\/metizy\/h2259\/#local-place-address\",\"streetAddress\":\"str. Alba-Iulia 77\/20\",\"addressLocality\":\"Chisinau\",\"postalCode\":\"2043\",\"addressRegion\":\"mun. Chisinau\",\"addressCountry\":\"MD\"},\"geo\":{\"@type\":\"GeoCoordinates\",\"latitude\":\"47.0376\",\"longitude\":\"28.76899\"},\"openingHoursSpecification\":[{\"@type\":\"OpeningHoursSpecification\",\"dayOfWeek\":[\"Monday\",\"Tuesday\",\"Wednesday\",\"Thursday\",\"Friday\"],\"opens\":\"09:00\",\"closes\":\"18:00\"},{\"@type\":\"OpeningHoursSpecification\",\"dayOfWeek\":[\"Saturday\"],\"opens\":\"09:00\",\"closes\":\"14:00\"},{\"@type\":\"OpeningHoursSpecification\",\"dayOfWeek\":[\"Sunday\"],\"opens\":\"00:00\",\"closes\":\"00:00\"}],\"telephone\":\"+37369644446\"}]}<\/script>\n<meta name=\"geo.placename\" content=\"Chisinau\" \/>\n<meta name=\"geo.position\" content=\"47.0376;28.76899\" \/>\n<meta name=\"geo.region\" content=\"Moldova\" \/>\n<!-- \/ Yoast SEO Premium plugin. -->","yoast_head_json":{"title":"H2259 - \u0218uruburi (bolt), Metize - atg.md","robots":{"index":"index","follow":"follow","max-snippet":"max-snippet:-1","max-image-preview":"max-image-preview:large","max-video-preview":"max-video-preview:-1"},"canonical":"https:\/\/atg.md\/ro\/catalog\/metizy\/h2259\/","og_locale":"ro_RO","og_type":"article","og_title":"H2259 - \u0218uruburi (bolt), Metize - atg.md","og_description":"OEM: N90993603  Dimensiune F:5.9 Dimensiune H:22.9 Dimensiune T:11,8  Aplica\u021bie: Suport pentru bara de protec\u021bie fa\u021b\u0103 Suport far Suport radiator","og_url":"https:\/\/atg.md\/ro\/wp-json\/wp\/v2\/product\/13503","og_site_name":"atg.md","og_image":[{"width":400,"height":400,"url":"https:\/\/atg.md\/wp-content\/uploads\/2024\/07\/h2259_0x0_39b.png","type":"image\/png"}],"twitter_card":"summary_large_image","twitter_misc":{"Pre\u021b":"12.00&nbsp;MDL","Availability":"In stock"},"schema":{"@context":"https:\/\/schema.org","@graph":[{"@type":"WebPage","@id":"https:\/\/atg.md\/ro\/catalog\/metizy\/h2259\/","url":"https:\/\/atg.md\/ro\/catalog\/metizy\/h2259\/","name":"H2259 - \u0218uruburi (bolt), Metize - atg.md","isPartOf":{"@id":"https:\/\/atg.md\/ro\/#website"},"datePublished":"2024-07-29T14:23:42+00:00","dateModified":"2024-07-29T14:23:42+00:00","breadcrumb":{"@id":"https:\/\/atg.md\/ro\/catalog\/metizy\/h2259\/#breadcrumb"},"inLanguage":"ro-RO","potentialAction":[{"@type":"ReadAction","target":[["https:\/\/atg.md\/ro\/catalog\/metizy\/h2259\/"]]}]},{"@type":"BreadcrumbList","@id":"https:\/\/atg.md\/ro\/catalog\/metizy\/h2259\/#breadcrumb","itemListElement":[{"@type":"ListItem","position":1,"name":"Home","item":"https:\/\/atg.md\/ro\/"},{"@type":"ListItem","position":2,"name":"\u041a\u0430\u0442\u0430\u043b\u043e\u0433","item":"https:\/\/atg.md\/ro\/catalog\/"},{"@type":"ListItem","position":3,"name":"H2259"}]},{"@type":"WebSite","@id":"https:\/\/atg.md\/ro\/#website","url":"https:\/\/atg.md\/ro\/","name":"atg.md","description":"V\u00e2nzare de izola\u021bii \u00eempotriva vibra\u021biilor pentru ma\u0219ini, izola\u021bie termic\u0103, izolare fonic\u0103 de la cei mai buni produc\u0103tori, autoclipsuri, elemente de fixare auto. Cump\u0103ra\u021bi \u00een Moldova, Chi\u0219in\u0103u","publisher":{"@id":"https:\/\/atg.md\/ro\/#organization"},"potentialAction":[{"@type":"SearchAction","target":{"@type":"EntryPoint","urlTemplate":"https:\/\/atg.md\/ro\/?s={search_term_string}"},"query-input":"required name=search_term_string"}],"inLanguage":"ro-RO"},{"@type":["Organization","Place","AutoPartsStore"],"@id":"https:\/\/atg.md\/ro\/#organization","name":"S.C. AUTOTOM GRUP S.R.L.","url":"https:\/\/atg.md\/ro\/","logo":{"@type":"ImageObject","inLanguage":"ro-RO","@id":"https:\/\/atg.md\/ro\/#\/schema\/logo\/image\/","url":"https:\/\/i2.wp.com\/atg.md\/wp-content\/uploads\/2021\/05\/atg_logo_main.png?fit=656%2C569&ssl=1","contentUrl":"https:\/\/i2.wp.com\/atg.md\/wp-content\/uploads\/2021\/05\/atg_logo_main.png?fit=656%2C569&ssl=1","width":656,"height":569,"caption":"S.C. AUTOTOM GRUP S.R.L."},"image":{"@id":"https:\/\/atg.md\/ro\/#\/schema\/logo\/image\/"},"location":{"@id":"https:\/\/atg.md\/catalog\/metizy\/h2259\/#local-place"},"address":{"@id":"https:\/\/atg.md\/catalog\/metizy\/h2259\/#local-place-address"},"email":"atgtvv@gmail.com","telephone":"+37369644446","areaServed":"Moldova"},{"@type":"Place","@id":"https:\/\/atg.md\/catalog\/metizy\/h2259\/#local-place","address":{"@type":"PostalAddress","@id":"https:\/\/atg.md\/catalog\/metizy\/h2259\/#local-place-address","streetAddress":"str. Alba-Iulia 77\/20","addressLocality":"Chisinau","postalCode":"2043","addressRegion":"mun. Chisinau","addressCountry":"MD"},"geo":{"@type":"GeoCoordinates","latitude":"47.0376","longitude":"28.76899"},"openingHoursSpecification":[{"@type":"OpeningHoursSpecification","dayOfWeek":["Monday","Tuesday","Wednesday","Thursday","Friday"],"opens":"09:00","closes":"18:00"},{"@type":"OpeningHoursSpecification","dayOfWeek":["Saturday"],"opens":"09:00","closes":"14:00"},{"@type":"OpeningHoursSpecification","dayOfWeek":["Sunday"],"opens":"00:00","closes":"00:00"}],"telephone":"+37369644446"}]}},"_links":{"self":[{"href":"https:\/\/atg.md\/ro\/wp-json\/wp\/v2\/product\/13503"}],"collection":[{"href":"https:\/\/atg.md\/ro\/wp-json\/wp\/v2\/product"}],"about":[{"href":"https:\/\/atg.md\/ro\/wp-json\/wp\/v2\/types\/product"}],"wp:featuredmedia":[{"embeddable":true,"href":"https:\/\/atg.md\/ro\/wp-json\/wp\/v2\/media\/13504"}],"wp:attachment":[{"href":"https:\/\/atg.md\/ro\/wp-json\/wp\/v2\/media?parent=13503"}],"wp:term":[{"taxonomy":"product_cat","embeddable":true,"href":"https:\/\/atg.md\/ro\/wp-json\/wp\/v2\/product_cat?post=13503"},{"taxonomy":"product_tag","embeddable":true,"href":"https:\/\/atg.md\/ro\/wp-json\/wp\/v2\/product_tag?post=13503"}],"curies":[{"name":"wp","href":"https:\/\/api.w.org\/{rel}","templated":true}]}}