{"id":13495,"date":"2024-07-29T13:59:31","date_gmt":"2024-07-29T13:59:31","guid":{"rendered":"http:\/\/atg.md\/?post_type=product&#038;p=13495"},"modified":"2024-07-29T13:59:32","modified_gmt":"2024-07-29T13:59:32","slug":"h2225","status":"publish","type":"product","link":"https:\/\/atg.md\/ro\/catalog\/metizy\/h2225\/","title":{"rendered":"H2225"},"content":{"rendered":"<p>Pentru modelele:<br \/>\nAudi Q7, 4MBAudi R8, 4S3, 4S9Seat Mii, KF1Skoda Citigo, NF1Skoda Rapid, 0G3, NG2Volkswagen Amarok, 2HA, 2HB, S1B, S6B, S7A, S7BVolkswagen Ameo, 631Volkswagen Arteon, 3H7, 3H8, 3H9Volkswagen Atlas Cross Sport, CMCVolkswagen Atlas, CA1, CA2Volkswagen Beetle, 5C7, 5C8Volkswagen Crafter, SCB, SCC, SYI, SYJ, SYM, SZB, SZC, SZD, SZH, SZI, SZJ, SZK, SZO, SZP, SZQ, SZS, SZT, SZU, SZV, SZW, SZX, SZY, SZZ, UYB, UYC, UYD, UYI, UYJ, UYK, UYL, UYM, UZB, UZC, UZD, UZH, UZI, UZJ, UZK, UZO, UZP, UZQ, UZS, UZT, UZU, UZV, UZW, UZX, UZY, UZZVolkswagen Eos, 1F7, 1F8Volkswagen Fox, 5Z7Volkswagen Golf Plus, 521Volkswagen Golf Sportsvan, AM1, AN1Volkswagen Golf, 1K1, 517, 5G1, 5K1, AJ5, AU1, BA5, BQ1, BV5, BX5Volkswagen Jetta, 162, 163, 1K2, AV2, AV3, AY2, AY3, BU3Volkswagen Multivan, SHM, SHNVolkswagen Passat CC, 357, 358Volkswagen Passat, 362, 365, 3C2, 3C5, 3G2, 3G5, A32, A33, A34, CB2, CB5Volkswagen Polo, 601, 602, 603, 604, 612, 614, 641, 642, 643, 644, 6C1, 6R1, AW1Volkswagen Scirocco, 137, 138Volkswagen T-Cross, C11Volkswagen T-Roc, A11Volkswagen Teramont X, CMCVolkswagen Teramont, CA1, CA2Volkswagen Tiguan, AD1, AX1, BT1, BT2, BW2Volkswagen Touareg, 7P5, 7P6, CR7Volkswagen Touran, 1T3, 5T1Volkswagen Transporter, SFD, SFE, SFL, SFZ, SGA, SGB, SGC, SGF, SGG, SGH, SGJ, SGM, SGNVolkswagen XL1, 6Z1Volkswagen up! , 121, 122, 123, BL1, BL2, BL3<\/p>","protected":false},"excerpt":{"rendered":"<p>OEM: 1K0867388A<\/p>\n<p>Dimensiune F:12,2<br \/>\nDimensiune H:15,7<br \/>\nDimensiune T:19<\/p>\n<p>Aplica\u021bie:<br \/>\nSuport pentru panoul de instrumente<br \/>\nSuport pentru bara de protec\u021bie spate<br \/>\nSuport pentru pasajele ro\u021bilor<br \/>\nSuport pentru montantul frontal<\/p>\n","protected":false},"featured_media":13496,"template":"","meta":[],"product_cat":[1243,1244],"product_tag":[],"bundled_by":[],"bundle_stock_status":"instock","bundle_stock_quantity":null,"bundle_virtual":false,"bundle_layout":"","bundle_add_to_cart_form_location":"","bundle_editable_in_cart":false,"bundle_sold_individually_context":"","bundle_item_grouping":"","bundle_min_size":"","bundle_max_size":"","bundled_items":[],"yoast_head":"<!-- This site is optimized with the Yoast SEO Premium plugin v16.6 (Yoast SEO v20.1) - https:\/\/yoast.com\/wordpress\/plugins\/seo\/ -->\n<title>H2225 - Metize, Capse - atg.md<\/title>\n<meta name=\"robots\" content=\"index, follow, max-snippet:-1, max-image-preview:large, max-video-preview:-1\" \/>\n<link rel=\"canonical\" href=\"https:\/\/atg.md\/ro\/catalog\/metizy\/h2225\/\" \/>\n<meta property=\"og:locale\" content=\"ro_RO\" \/>\n<meta property=\"og:type\" content=\"article\" \/>\n<meta property=\"og:title\" content=\"H2225 - Metize, Capse - atg.md\" \/>\n<meta property=\"og:description\" content=\"OEM: 1K0867388A  Dimensiune F:12,2 Dimensiune H:15,7 Dimensiune T:19  Aplica\u021bie: Suport pentru panoul de instrumente Suport pentru bara de protec\u021bie spate Suport pentru pasajele ro\u021bilor Suport pentru montantul frontal\" \/>\n<meta property=\"og:url\" content=\"https:\/\/atg.md\/ro\/wp-json\/wp\/v2\/product\/13495\" \/>\n<meta property=\"og:site_name\" content=\"atg.md\" \/>\n<meta property=\"article:modified_time\" content=\"2024-07-29T13:59:32+00:00\" \/>\n<meta property=\"og:image\" content=\"https:\/\/atg.md\/wp-content\/uploads\/2024\/07\/h2225_0x0_39b.png\" \/>\n\t<meta property=\"og:image:width\" content=\"400\" \/>\n\t<meta property=\"og:image:height\" content=\"400\" \/>\n\t<meta property=\"og:image:type\" content=\"image\/png\" \/>\n<meta name=\"twitter:card\" content=\"summary_large_image\" \/>\n<meta name=\"twitter:label1\" content=\"Pre\u021b\" \/>\n\t<meta name=\"twitter:data1\" content=\"8.00&nbsp;MDL\" \/>\n\t<meta name=\"twitter:label2\" content=\"Availability\" \/>\n\t<meta name=\"twitter:data2\" content=\"In stock\" \/>\n<script type=\"application\/ld+json\" class=\"yoast-schema-graph\">{\"@context\":\"https:\/\/schema.org\",\"@graph\":[{\"@type\":\"WebPage\",\"@id\":\"https:\/\/atg.md\/ro\/catalog\/metizy\/h2225\/\",\"url\":\"https:\/\/atg.md\/ro\/catalog\/metizy\/h2225\/\",\"name\":\"H2225 - Metize, Capse - atg.md\",\"isPartOf\":{\"@id\":\"https:\/\/atg.md\/ro\/#website\"},\"datePublished\":\"2024-07-29T13:59:31+00:00\",\"dateModified\":\"2024-07-29T13:59:32+00:00\",\"breadcrumb\":{\"@id\":\"https:\/\/atg.md\/ro\/catalog\/metizy\/h2225\/#breadcrumb\"},\"inLanguage\":\"ro-RO\",\"potentialAction\":[{\"@type\":\"ReadAction\",\"target\":[[\"https:\/\/atg.md\/ro\/catalog\/metizy\/h2225\/\"]]}]},{\"@type\":\"BreadcrumbList\",\"@id\":\"https:\/\/atg.md\/ro\/catalog\/metizy\/h2225\/#breadcrumb\",\"itemListElement\":[{\"@type\":\"ListItem\",\"position\":1,\"name\":\"Home\",\"item\":\"https:\/\/atg.md\/ro\/\"},{\"@type\":\"ListItem\",\"position\":2,\"name\":\"\u041a\u0430\u0442\u0430\u043b\u043e\u0433\",\"item\":\"https:\/\/atg.md\/ro\/catalog\/\"},{\"@type\":\"ListItem\",\"position\":3,\"name\":\"H2225\"}]},{\"@type\":\"WebSite\",\"@id\":\"https:\/\/atg.md\/ro\/#website\",\"url\":\"https:\/\/atg.md\/ro\/\",\"name\":\"atg.md\",\"description\":\"V\u00e2nzare de izola\u021bii \u00eempotriva vibra\u021biilor pentru ma\u0219ini, izola\u021bie termic\u0103, izolare fonic\u0103 de la cei mai buni produc\u0103tori, autoclipsuri, elemente de fixare auto. Cump\u0103ra\u021bi \u00een Moldova, Chi\u0219in\u0103u\",\"publisher\":{\"@id\":\"https:\/\/atg.md\/ro\/#organization\"},\"potentialAction\":[{\"@type\":\"SearchAction\",\"target\":{\"@type\":\"EntryPoint\",\"urlTemplate\":\"https:\/\/atg.md\/ro\/?s={search_term_string}\"},\"query-input\":\"required name=search_term_string\"}],\"inLanguage\":\"ro-RO\"},{\"@type\":[\"Organization\",\"Place\",\"AutoPartsStore\"],\"@id\":\"https:\/\/atg.md\/ro\/#organization\",\"name\":\"S.C. AUTOTOM GRUP S.R.L.\",\"url\":\"https:\/\/atg.md\/ro\/\",\"logo\":{\"@type\":\"ImageObject\",\"inLanguage\":\"ro-RO\",\"@id\":\"https:\/\/atg.md\/ro\/#\/schema\/logo\/image\/\",\"url\":\"https:\/\/i2.wp.com\/atg.md\/wp-content\/uploads\/2021\/05\/atg_logo_main.png?fit=656%2C569&ssl=1\",\"contentUrl\":\"https:\/\/i2.wp.com\/atg.md\/wp-content\/uploads\/2021\/05\/atg_logo_main.png?fit=656%2C569&ssl=1\",\"width\":656,\"height\":569,\"caption\":\"S.C. AUTOTOM GRUP S.R.L.\"},\"image\":{\"@id\":\"https:\/\/atg.md\/ro\/#\/schema\/logo\/image\/\"},\"location\":{\"@id\":\"https:\/\/atg.md\/catalog\/metizy\/h2225\/#local-place\"},\"address\":{\"@id\":\"https:\/\/atg.md\/catalog\/metizy\/h2225\/#local-place-address\"},\"email\":\"atgtvv@gmail.com\",\"telephone\":\"+37369644446\",\"areaServed\":\"Moldova\"},{\"@type\":\"Place\",\"@id\":\"https:\/\/atg.md\/catalog\/metizy\/h2225\/#local-place\",\"address\":{\"@type\":\"PostalAddress\",\"@id\":\"https:\/\/atg.md\/catalog\/metizy\/h2225\/#local-place-address\",\"streetAddress\":\"str. Alba-Iulia 77\/20\",\"addressLocality\":\"Chisinau\",\"postalCode\":\"2043\",\"addressRegion\":\"mun. Chisinau\",\"addressCountry\":\"MD\"},\"geo\":{\"@type\":\"GeoCoordinates\",\"latitude\":\"47.0376\",\"longitude\":\"28.76899\"},\"openingHoursSpecification\":[{\"@type\":\"OpeningHoursSpecification\",\"dayOfWeek\":[\"Monday\",\"Tuesday\",\"Wednesday\",\"Thursday\",\"Friday\"],\"opens\":\"09:00\",\"closes\":\"18:00\"},{\"@type\":\"OpeningHoursSpecification\",\"dayOfWeek\":[\"Saturday\"],\"opens\":\"09:00\",\"closes\":\"14:00\"},{\"@type\":\"OpeningHoursSpecification\",\"dayOfWeek\":[\"Sunday\"],\"opens\":\"00:00\",\"closes\":\"00:00\"}],\"telephone\":\"+37369644446\"}]}<\/script>\n<meta name=\"geo.placename\" content=\"Chisinau\" \/>\n<meta name=\"geo.position\" content=\"47.0376;28.76899\" \/>\n<meta name=\"geo.region\" content=\"Moldova\" \/>\n<!-- \/ Yoast SEO Premium plugin. -->","yoast_head_json":{"title":"H2225 - Metize, Capse - atg.md","robots":{"index":"index","follow":"follow","max-snippet":"max-snippet:-1","max-image-preview":"max-image-preview:large","max-video-preview":"max-video-preview:-1"},"canonical":"https:\/\/atg.md\/ro\/catalog\/metizy\/h2225\/","og_locale":"ro_RO","og_type":"article","og_title":"H2225 - Metize, Capse - atg.md","og_description":"OEM: 1K0867388A  Dimensiune F:12,2 Dimensiune H:15,7 Dimensiune T:19  Aplica\u021bie: Suport pentru panoul de instrumente Suport pentru bara de protec\u021bie spate Suport pentru pasajele ro\u021bilor Suport pentru montantul frontal","og_url":"https:\/\/atg.md\/ro\/wp-json\/wp\/v2\/product\/13495","og_site_name":"atg.md","article_modified_time":"2024-07-29T13:59:32+00:00","og_image":[{"width":400,"height":400,"url":"https:\/\/atg.md\/wp-content\/uploads\/2024\/07\/h2225_0x0_39b.png","type":"image\/png"}],"twitter_card":"summary_large_image","twitter_misc":{"Pre\u021b":"8.00&nbsp;MDL","Availability":"In stock"},"schema":{"@context":"https:\/\/schema.org","@graph":[{"@type":"WebPage","@id":"https:\/\/atg.md\/ro\/catalog\/metizy\/h2225\/","url":"https:\/\/atg.md\/ro\/catalog\/metizy\/h2225\/","name":"H2225 - Metize, Capse - atg.md","isPartOf":{"@id":"https:\/\/atg.md\/ro\/#website"},"datePublished":"2024-07-29T13:59:31+00:00","dateModified":"2024-07-29T13:59:32+00:00","breadcrumb":{"@id":"https:\/\/atg.md\/ro\/catalog\/metizy\/h2225\/#breadcrumb"},"inLanguage":"ro-RO","potentialAction":[{"@type":"ReadAction","target":[["https:\/\/atg.md\/ro\/catalog\/metizy\/h2225\/"]]}]},{"@type":"BreadcrumbList","@id":"https:\/\/atg.md\/ro\/catalog\/metizy\/h2225\/#breadcrumb","itemListElement":[{"@type":"ListItem","position":1,"name":"Home","item":"https:\/\/atg.md\/ro\/"},{"@type":"ListItem","position":2,"name":"\u041a\u0430\u0442\u0430\u043b\u043e\u0433","item":"https:\/\/atg.md\/ro\/catalog\/"},{"@type":"ListItem","position":3,"name":"H2225"}]},{"@type":"WebSite","@id":"https:\/\/atg.md\/ro\/#website","url":"https:\/\/atg.md\/ro\/","name":"atg.md","description":"V\u00e2nzare de izola\u021bii \u00eempotriva vibra\u021biilor pentru ma\u0219ini, izola\u021bie termic\u0103, izolare fonic\u0103 de la cei mai buni produc\u0103tori, autoclipsuri, elemente de fixare auto. Cump\u0103ra\u021bi \u00een Moldova, Chi\u0219in\u0103u","publisher":{"@id":"https:\/\/atg.md\/ro\/#organization"},"potentialAction":[{"@type":"SearchAction","target":{"@type":"EntryPoint","urlTemplate":"https:\/\/atg.md\/ro\/?s={search_term_string}"},"query-input":"required name=search_term_string"}],"inLanguage":"ro-RO"},{"@type":["Organization","Place","AutoPartsStore"],"@id":"https:\/\/atg.md\/ro\/#organization","name":"S.C. AUTOTOM GRUP S.R.L.","url":"https:\/\/atg.md\/ro\/","logo":{"@type":"ImageObject","inLanguage":"ro-RO","@id":"https:\/\/atg.md\/ro\/#\/schema\/logo\/image\/","url":"https:\/\/i2.wp.com\/atg.md\/wp-content\/uploads\/2021\/05\/atg_logo_main.png?fit=656%2C569&ssl=1","contentUrl":"https:\/\/i2.wp.com\/atg.md\/wp-content\/uploads\/2021\/05\/atg_logo_main.png?fit=656%2C569&ssl=1","width":656,"height":569,"caption":"S.C. AUTOTOM GRUP S.R.L."},"image":{"@id":"https:\/\/atg.md\/ro\/#\/schema\/logo\/image\/"},"location":{"@id":"https:\/\/atg.md\/catalog\/metizy\/h2225\/#local-place"},"address":{"@id":"https:\/\/atg.md\/catalog\/metizy\/h2225\/#local-place-address"},"email":"atgtvv@gmail.com","telephone":"+37369644446","areaServed":"Moldova"},{"@type":"Place","@id":"https:\/\/atg.md\/catalog\/metizy\/h2225\/#local-place","address":{"@type":"PostalAddress","@id":"https:\/\/atg.md\/catalog\/metizy\/h2225\/#local-place-address","streetAddress":"str. Alba-Iulia 77\/20","addressLocality":"Chisinau","postalCode":"2043","addressRegion":"mun. Chisinau","addressCountry":"MD"},"geo":{"@type":"GeoCoordinates","latitude":"47.0376","longitude":"28.76899"},"openingHoursSpecification":[{"@type":"OpeningHoursSpecification","dayOfWeek":["Monday","Tuesday","Wednesday","Thursday","Friday"],"opens":"09:00","closes":"18:00"},{"@type":"OpeningHoursSpecification","dayOfWeek":["Saturday"],"opens":"09:00","closes":"14:00"},{"@type":"OpeningHoursSpecification","dayOfWeek":["Sunday"],"opens":"00:00","closes":"00:00"}],"telephone":"+37369644446"}]}},"_links":{"self":[{"href":"https:\/\/atg.md\/ro\/wp-json\/wp\/v2\/product\/13495"}],"collection":[{"href":"https:\/\/atg.md\/ro\/wp-json\/wp\/v2\/product"}],"about":[{"href":"https:\/\/atg.md\/ro\/wp-json\/wp\/v2\/types\/product"}],"wp:featuredmedia":[{"embeddable":true,"href":"https:\/\/atg.md\/ro\/wp-json\/wp\/v2\/media\/13496"}],"wp:attachment":[{"href":"https:\/\/atg.md\/ro\/wp-json\/wp\/v2\/media?parent=13495"}],"wp:term":[{"taxonomy":"product_cat","embeddable":true,"href":"https:\/\/atg.md\/ro\/wp-json\/wp\/v2\/product_cat?post=13495"},{"taxonomy":"product_tag","embeddable":true,"href":"https:\/\/atg.md\/ro\/wp-json\/wp\/v2\/product_tag?post=13495"}],"curies":[{"name":"wp","href":"https:\/\/api.w.org\/{rel}","templated":true}]}}