{"id":13060,"date":"2024-07-05T09:36:54","date_gmt":"2024-07-05T09:36:54","guid":{"rendered":"http:\/\/atg.md\/?post_type=product&#038;p=13060"},"modified":"2024-07-05T09:46:36","modified_gmt":"2024-07-05T09:46:36","slug":"rastvoritel-646","status":"publish","type":"product","link":"https:\/\/atg.md\/ro\/catalog\/adeziv-si-consumabile\/rastvoritel-646\/","title":{"rendered":"Dizolvant 646"},"content":{"rendered":"<p>Caracteristici:<\/p>\n<p>Domeniu de aplicare : Lucr\u0103ri interioare \u0219i exterioare<br \/>\nVolum (litri) : 0,9<br \/>\nSuporturi diluabile : vopsele nitrocelulozice, lacuri \u0219i grunduri<br \/>\nCompozi\u021bie organic\u0103 : solven\u021bi<br \/>\nTermen de valabilitate (luni) : 12<br \/>\n\u021aara produc\u0103toare : Moldova<br \/>\nTip : Solvent<br \/>\nCuloare : Incolor<\/p>","protected":false},"excerpt":{"rendered":"<p>Dizolvantul 646\u00a0 este destinat pentru diluarea vopselei, lacurilor, chiturilor pe baz\u0103 de nitroceluloz\u0103 de uz general. De asemenea se utilizeaz\u0103 pentru degrasarea suprafe\u0219elor \u0219i cur\u0103\u021barea instrumentelor dup\u0103 lucr\u0103ri de vopsire.<\/p>\n<p>Precau\u021bii: Se transport\u0103 \u0219i se p\u0103streaz\u0103 \u00een ambalaj original, \u00eenchis etan\u0219, departe de surse de \u00eenc\u0103lzire \u0219i foc, \u00een locuri ferite de copii. \u00cen cazul contactului cu pielea se spal\u0103 cu ap\u0103 \u0219i s\u0103pun.<\/p>\n","protected":false},"featured_media":13064,"template":"","meta":[],"product_cat":[1463],"product_tag":[],"bundled_by":[],"bundle_stock_status":"instock","bundle_stock_quantity":null,"bundle_virtual":false,"bundle_layout":"","bundle_add_to_cart_form_location":"","bundle_editable_in_cart":false,"bundle_sold_individually_context":"","bundle_item_grouping":"","bundle_min_size":"","bundle_max_size":"","bundled_items":[],"yoast_head":"<!-- This site is optimized with the Yoast SEO Premium plugin v16.6 (Yoast SEO v20.1) - https:\/\/yoast.com\/wordpress\/plugins\/seo\/ -->\n<title>Dizolvant 646 - Adeziv \u0219i consumabile - atg.md<\/title>\n<meta name=\"robots\" content=\"index, follow, max-snippet:-1, max-image-preview:large, max-video-preview:-1\" \/>\n<link rel=\"canonical\" href=\"https:\/\/atg.md\/ro\/catalog\/adeziv-si-consumabile\/rastvoritel-646\/\" \/>\n<meta property=\"og:locale\" content=\"ro_RO\" \/>\n<meta property=\"og:type\" content=\"article\" \/>\n<meta property=\"og:title\" content=\"Dizolvant 646 - Adeziv \u0219i consumabile - atg.md\" \/>\n<meta property=\"og:description\" content=\"Dizolvantul 646\u00a0 este destinat pentru diluarea vopselei, lacurilor, chiturilor pe baz\u0103 de nitroceluloz\u0103 de uz general. De asemenea se utilizeaz\u0103 pentru degrasarea suprafe\u0219elor \u0219i cur\u0103\u021barea instrumentelor dup\u0103 lucr\u0103ri de vopsire.  Precau\u021bii: Se transport\u0103 \u0219i se p\u0103streaz\u0103 \u00een ambalaj original, \u00eenchis etan\u0219, departe de surse de \u00eenc\u0103lzire \u0219i foc, \u00een locuri ferite de copii. \u00cen cazul contactului cu pielea se spal\u0103 cu ap\u0103 \u0219i s\u0103pun.\" \/>\n<meta property=\"og:url\" content=\"https:\/\/atg.md\/ro\/wp-json\/wp\/v2\/product\/13060\" \/>\n<meta property=\"og:site_name\" content=\"atg.md\" \/>\n<meta property=\"article:modified_time\" content=\"2024-07-05T09:46:36+00:00\" \/>\n<meta property=\"og:image\" content=\"https:\/\/atg.md\/wp-content\/uploads\/2024\/07\/36e7e1eb-a59f-4e5d-b338-de795749f868.jpeg\" \/>\n\t<meta property=\"og:image:width\" content=\"900\" \/>\n\t<meta property=\"og:image:height\" content=\"1224\" \/>\n\t<meta property=\"og:image:type\" content=\"image\/jpeg\" \/>\n<meta name=\"twitter:card\" content=\"summary_large_image\" \/>\n<meta name=\"twitter:label1\" content=\"Pre\u021b\" \/>\n\t<meta name=\"twitter:data1\" content=\"70.00&nbsp;MDL\" \/>\n\t<meta name=\"twitter:label2\" content=\"Availability\" \/>\n\t<meta name=\"twitter:data2\" content=\"In stock\" \/>\n<script type=\"application\/ld+json\" class=\"yoast-schema-graph\">{\"@context\":\"https:\/\/schema.org\",\"@graph\":[{\"@type\":\"WebPage\",\"@id\":\"https:\/\/atg.md\/ro\/catalog\/adeziv-si-consumabile\/rastvoritel-646\/\",\"url\":\"https:\/\/atg.md\/ro\/catalog\/adeziv-si-consumabile\/rastvoritel-646\/\",\"name\":\"Dizolvant 646 - Adeziv \u0219i consumabile - atg.md\",\"isPartOf\":{\"@id\":\"https:\/\/atg.md\/ro\/#website\"},\"datePublished\":\"2024-07-05T09:36:54+00:00\",\"dateModified\":\"2024-07-05T09:46:36+00:00\",\"breadcrumb\":{\"@id\":\"https:\/\/atg.md\/ro\/catalog\/adeziv-si-consumabile\/rastvoritel-646\/#breadcrumb\"},\"inLanguage\":\"ro-RO\",\"potentialAction\":[{\"@type\":\"ReadAction\",\"target\":[[\"https:\/\/atg.md\/ro\/catalog\/adeziv-si-consumabile\/rastvoritel-646\/\"]]}]},{\"@type\":\"BreadcrumbList\",\"@id\":\"https:\/\/atg.md\/ro\/catalog\/adeziv-si-consumabile\/rastvoritel-646\/#breadcrumb\",\"itemListElement\":[{\"@type\":\"ListItem\",\"position\":1,\"name\":\"Home\",\"item\":\"https:\/\/atg.md\/ro\/\"},{\"@type\":\"ListItem\",\"position\":2,\"name\":\"\u041a\u0430\u0442\u0430\u043b\u043e\u0433\",\"item\":\"https:\/\/atg.md\/ro\/catalog\/\"},{\"@type\":\"ListItem\",\"position\":3,\"name\":\"\u0420\u0430\u0441\u0442\u0432\u043e\u0440\u0438\u0442\u0435\u043b\u044c 646\"}]},{\"@type\":\"WebSite\",\"@id\":\"https:\/\/atg.md\/ro\/#website\",\"url\":\"https:\/\/atg.md\/ro\/\",\"name\":\"atg.md\",\"description\":\"V\u00e2nzare de izola\u021bii \u00eempotriva vibra\u021biilor pentru ma\u0219ini, izola\u021bie termic\u0103, izolare fonic\u0103 de la cei mai buni produc\u0103tori, autoclipsuri, elemente de fixare auto. Cump\u0103ra\u021bi \u00een Moldova, Chi\u0219in\u0103u\",\"publisher\":{\"@id\":\"https:\/\/atg.md\/ro\/#organization\"},\"potentialAction\":[{\"@type\":\"SearchAction\",\"target\":{\"@type\":\"EntryPoint\",\"urlTemplate\":\"https:\/\/atg.md\/ro\/?s={search_term_string}\"},\"query-input\":\"required name=search_term_string\"}],\"inLanguage\":\"ro-RO\"},{\"@type\":[\"Organization\",\"Place\",\"AutoPartsStore\"],\"@id\":\"https:\/\/atg.md\/ro\/#organization\",\"name\":\"S.C. AUTOTOM GRUP S.R.L.\",\"url\":\"https:\/\/atg.md\/ro\/\",\"logo\":{\"@type\":\"ImageObject\",\"inLanguage\":\"ro-RO\",\"@id\":\"https:\/\/atg.md\/ro\/#\/schema\/logo\/image\/\",\"url\":\"https:\/\/i2.wp.com\/atg.md\/wp-content\/uploads\/2021\/05\/atg_logo_main.png?fit=656%2C569&ssl=1\",\"contentUrl\":\"https:\/\/i2.wp.com\/atg.md\/wp-content\/uploads\/2021\/05\/atg_logo_main.png?fit=656%2C569&ssl=1\",\"width\":656,\"height\":569,\"caption\":\"S.C. AUTOTOM GRUP S.R.L.\"},\"image\":{\"@id\":\"https:\/\/atg.md\/ro\/#\/schema\/logo\/image\/\"},\"location\":{\"@id\":\"https:\/\/atg.md\/catalog\/adeziv-si-consumabile\/rastvoritel-646\/#local-place\"},\"address\":{\"@id\":\"https:\/\/atg.md\/catalog\/adeziv-si-consumabile\/rastvoritel-646\/#local-place-address\"},\"email\":\"atgtvv@gmail.com\",\"telephone\":\"+37369644446\",\"areaServed\":\"Moldova\"},{\"@type\":\"Place\",\"@id\":\"https:\/\/atg.md\/catalog\/adeziv-si-consumabile\/rastvoritel-646\/#local-place\",\"address\":{\"@type\":\"PostalAddress\",\"@id\":\"https:\/\/atg.md\/catalog\/adeziv-si-consumabile\/rastvoritel-646\/#local-place-address\",\"streetAddress\":\"str. Alba-Iulia 77\/20\",\"addressLocality\":\"Chisinau\",\"postalCode\":\"2043\",\"addressRegion\":\"mun. Chisinau\",\"addressCountry\":\"MD\"},\"geo\":{\"@type\":\"GeoCoordinates\",\"latitude\":\"47.0376\",\"longitude\":\"28.76899\"},\"openingHoursSpecification\":[{\"@type\":\"OpeningHoursSpecification\",\"dayOfWeek\":[\"Monday\",\"Tuesday\",\"Wednesday\",\"Thursday\",\"Friday\"],\"opens\":\"09:00\",\"closes\":\"18:00\"},{\"@type\":\"OpeningHoursSpecification\",\"dayOfWeek\":[\"Saturday\"],\"opens\":\"09:00\",\"closes\":\"14:00\"},{\"@type\":\"OpeningHoursSpecification\",\"dayOfWeek\":[\"Sunday\"],\"opens\":\"00:00\",\"closes\":\"00:00\"}],\"telephone\":\"+37369644446\"}]}<\/script>\n<meta name=\"geo.placename\" content=\"Chisinau\" \/>\n<meta name=\"geo.position\" content=\"47.0376;28.76899\" \/>\n<meta name=\"geo.region\" content=\"Moldova\" \/>\n<!-- \/ Yoast SEO Premium plugin. -->","yoast_head_json":{"title":"Dizolvant 646 - Adeziv \u0219i consumabile - atg.md","robots":{"index":"index","follow":"follow","max-snippet":"max-snippet:-1","max-image-preview":"max-image-preview:large","max-video-preview":"max-video-preview:-1"},"canonical":"https:\/\/atg.md\/ro\/catalog\/adeziv-si-consumabile\/rastvoritel-646\/","og_locale":"ro_RO","og_type":"article","og_title":"Dizolvant 646 - Adeziv \u0219i consumabile - atg.md","og_description":"Dizolvantul 646\u00a0 este destinat pentru diluarea vopselei, lacurilor, chiturilor pe baz\u0103 de nitroceluloz\u0103 de uz general. De asemenea se utilizeaz\u0103 pentru degrasarea suprafe\u0219elor \u0219i cur\u0103\u021barea instrumentelor dup\u0103 lucr\u0103ri de vopsire.  Precau\u021bii: Se transport\u0103 \u0219i se p\u0103streaz\u0103 \u00een ambalaj original, \u00eenchis etan\u0219, departe de surse de \u00eenc\u0103lzire \u0219i foc, \u00een locuri ferite de copii. \u00cen cazul contactului cu pielea se spal\u0103 cu ap\u0103 \u0219i s\u0103pun.","og_url":"https:\/\/atg.md\/ro\/wp-json\/wp\/v2\/product\/13060","og_site_name":"atg.md","article_modified_time":"2024-07-05T09:46:36+00:00","og_image":[{"width":900,"height":1224,"url":"https:\/\/atg.md\/wp-content\/uploads\/2024\/07\/36e7e1eb-a59f-4e5d-b338-de795749f868.jpeg","type":"image\/jpeg"}],"twitter_card":"summary_large_image","twitter_misc":{"Pre\u021b":"70.00&nbsp;MDL","Availability":"In stock"},"schema":{"@context":"https:\/\/schema.org","@graph":[{"@type":"WebPage","@id":"https:\/\/atg.md\/ro\/catalog\/adeziv-si-consumabile\/rastvoritel-646\/","url":"https:\/\/atg.md\/ro\/catalog\/adeziv-si-consumabile\/rastvoritel-646\/","name":"Dizolvant 646 - Adeziv \u0219i consumabile - atg.md","isPartOf":{"@id":"https:\/\/atg.md\/ro\/#website"},"datePublished":"2024-07-05T09:36:54+00:00","dateModified":"2024-07-05T09:46:36+00:00","breadcrumb":{"@id":"https:\/\/atg.md\/ro\/catalog\/adeziv-si-consumabile\/rastvoritel-646\/#breadcrumb"},"inLanguage":"ro-RO","potentialAction":[{"@type":"ReadAction","target":[["https:\/\/atg.md\/ro\/catalog\/adeziv-si-consumabile\/rastvoritel-646\/"]]}]},{"@type":"BreadcrumbList","@id":"https:\/\/atg.md\/ro\/catalog\/adeziv-si-consumabile\/rastvoritel-646\/#breadcrumb","itemListElement":[{"@type":"ListItem","position":1,"name":"Home","item":"https:\/\/atg.md\/ro\/"},{"@type":"ListItem","position":2,"name":"\u041a\u0430\u0442\u0430\u043b\u043e\u0433","item":"https:\/\/atg.md\/ro\/catalog\/"},{"@type":"ListItem","position":3,"name":"\u0420\u0430\u0441\u0442\u0432\u043e\u0440\u0438\u0442\u0435\u043b\u044c 646"}]},{"@type":"WebSite","@id":"https:\/\/atg.md\/ro\/#website","url":"https:\/\/atg.md\/ro\/","name":"atg.md","description":"V\u00e2nzare de izola\u021bii \u00eempotriva vibra\u021biilor pentru ma\u0219ini, izola\u021bie termic\u0103, izolare fonic\u0103 de la cei mai buni produc\u0103tori, autoclipsuri, elemente de fixare auto. Cump\u0103ra\u021bi \u00een Moldova, Chi\u0219in\u0103u","publisher":{"@id":"https:\/\/atg.md\/ro\/#organization"},"potentialAction":[{"@type":"SearchAction","target":{"@type":"EntryPoint","urlTemplate":"https:\/\/atg.md\/ro\/?s={search_term_string}"},"query-input":"required name=search_term_string"}],"inLanguage":"ro-RO"},{"@type":["Organization","Place","AutoPartsStore"],"@id":"https:\/\/atg.md\/ro\/#organization","name":"S.C. AUTOTOM GRUP S.R.L.","url":"https:\/\/atg.md\/ro\/","logo":{"@type":"ImageObject","inLanguage":"ro-RO","@id":"https:\/\/atg.md\/ro\/#\/schema\/logo\/image\/","url":"https:\/\/i2.wp.com\/atg.md\/wp-content\/uploads\/2021\/05\/atg_logo_main.png?fit=656%2C569&ssl=1","contentUrl":"https:\/\/i2.wp.com\/atg.md\/wp-content\/uploads\/2021\/05\/atg_logo_main.png?fit=656%2C569&ssl=1","width":656,"height":569,"caption":"S.C. AUTOTOM GRUP S.R.L."},"image":{"@id":"https:\/\/atg.md\/ro\/#\/schema\/logo\/image\/"},"location":{"@id":"https:\/\/atg.md\/catalog\/adeziv-si-consumabile\/rastvoritel-646\/#local-place"},"address":{"@id":"https:\/\/atg.md\/catalog\/adeziv-si-consumabile\/rastvoritel-646\/#local-place-address"},"email":"atgtvv@gmail.com","telephone":"+37369644446","areaServed":"Moldova"},{"@type":"Place","@id":"https:\/\/atg.md\/catalog\/adeziv-si-consumabile\/rastvoritel-646\/#local-place","address":{"@type":"PostalAddress","@id":"https:\/\/atg.md\/catalog\/adeziv-si-consumabile\/rastvoritel-646\/#local-place-address","streetAddress":"str. Alba-Iulia 77\/20","addressLocality":"Chisinau","postalCode":"2043","addressRegion":"mun. Chisinau","addressCountry":"MD"},"geo":{"@type":"GeoCoordinates","latitude":"47.0376","longitude":"28.76899"},"openingHoursSpecification":[{"@type":"OpeningHoursSpecification","dayOfWeek":["Monday","Tuesday","Wednesday","Thursday","Friday"],"opens":"09:00","closes":"18:00"},{"@type":"OpeningHoursSpecification","dayOfWeek":["Saturday"],"opens":"09:00","closes":"14:00"},{"@type":"OpeningHoursSpecification","dayOfWeek":["Sunday"],"opens":"00:00","closes":"00:00"}],"telephone":"+37369644446"}]}},"_links":{"self":[{"href":"https:\/\/atg.md\/ro\/wp-json\/wp\/v2\/product\/13060"}],"collection":[{"href":"https:\/\/atg.md\/ro\/wp-json\/wp\/v2\/product"}],"about":[{"href":"https:\/\/atg.md\/ro\/wp-json\/wp\/v2\/types\/product"}],"wp:featuredmedia":[{"embeddable":true,"href":"https:\/\/atg.md\/ro\/wp-json\/wp\/v2\/media\/13064"}],"wp:attachment":[{"href":"https:\/\/atg.md\/ro\/wp-json\/wp\/v2\/media?parent=13060"}],"wp:term":[{"taxonomy":"product_cat","embeddable":true,"href":"https:\/\/atg.md\/ro\/wp-json\/wp\/v2\/product_cat?post=13060"},{"taxonomy":"product_tag","embeddable":true,"href":"https:\/\/atg.md\/ro\/wp-json\/wp\/v2\/product_tag?post=13060"}],"curies":[{"name":"wp","href":"https:\/\/api.w.org\/{rel}","templated":true}]}}