{"id":13047,"date":"2024-07-05T07:47:24","date_gmt":"2024-07-05T07:47:24","guid":{"rendered":"http:\/\/atg.md\/?post_type=product&#038;p=13047"},"modified":"2025-02-20T13:22:37","modified_gmt":"2025-02-20T13:22:37","slug":"13047","status":"publish","type":"product","link":"https:\/\/atg.md\/ro\/catalog\/adeziv-si-consumabile\/13047\/","title":{"rendered":"Lipici KIMYAPSAN J-40"},"content":{"rendered":"<p>SCOPUL APLICATIEI:<\/p>\n<p>Materiale de tapi\u021berie: pentru lipirea pielii naturale \u0219i artificiale, a materialelor din spum\u0103 poliuretanic\u0103 \u0219i a \u021bes\u0103turilor.<\/p>\n<p>Produc\u021bia de mobil\u0103: uz decorativ, pentru lipirea pieilor naturale \u0219i artificiale, materialelor PVC, covoarelor, \u021bes\u0103turilor, materialelor cauciucate \u0219i poliuretanice.<\/p>\n<p>Industria auto: Ideal pentru confectionarea si repararea interioarelor auto, lipirea covoarelor, piele naturala si artificiala pe diverse suprafete.<\/p>\n<p>Poate fi folosit \u0219i pentru a lipi urm\u0103toarele materiale:<br \/>\n-Piele<br \/>\n-Piele fals\u0103<br \/>\n-Covor<br \/>\n&#8211; Vinil<br \/>\n-Sim\u021bit<br \/>\n&#8211; Cauciuc spumos<br \/>\n-Cauciuc<br \/>\n&#8211; Materiale de izolare<br \/>\n-Spume flexibile<br \/>\n-H\u00e2rtie<br \/>\n-Plastic<br \/>\n-Copac<\/p>","protected":false},"excerpt":{"rendered":"<p>Adezivul aerosol Kimyapsan J-40 este special conceput pentru industria mobilei \u0219i tapi\u021beriei.<br \/>\nAdezivul, care apar\u021bine categoriei de adezivi pe baz\u0103 de solven\u021bi, este complet convenabil de utilizat datorit\u0103 u\u0219urin\u021bei de aplicare \u0219i duratei de valabilitate lungi.<br \/>\nSupapa de dozare poate fi utilizat\u0103 \u00een trei moduri; L, M, H. Deoarece l\u0103\u021bimea de pulverizare poate fi ajustat\u0103, adezivul nu este pulverizat dincolo de zona de aplicare, rezult\u00e2nd o lipire rentabil\u0103.<\/p>\n<p>Timp de uscare: 15-20 minute (in functie de temperatura mediului ambiant).<br \/>\nVolum: 500 ml<\/p>\n","protected":false},"featured_media":13048,"template":"","meta":[],"product_cat":[1463],"product_tag":[],"bundled_by":[],"bundle_stock_status":"instock","bundle_stock_quantity":null,"bundle_virtual":false,"bundle_layout":"","bundle_add_to_cart_form_location":"","bundle_editable_in_cart":false,"bundle_sold_individually_context":"","bundle_item_grouping":"","bundle_min_size":"","bundle_max_size":"","bundled_items":[],"yoast_head":"<!-- This site is optimized with the Yoast SEO Premium plugin v16.6 (Yoast SEO v20.1) - https:\/\/yoast.com\/wordpress\/plugins\/seo\/ -->\n<title>Lipici KIMYAPSAN J-40 - Adeziv \u0219i consumabile - atg.md<\/title>\n<meta name=\"robots\" content=\"index, follow, max-snippet:-1, max-image-preview:large, max-video-preview:-1\" \/>\n<link rel=\"canonical\" href=\"https:\/\/atg.md\/ro\/catalog\/adeziv-si-consumabile\/13047\/\" \/>\n<meta property=\"og:locale\" content=\"ro_RO\" \/>\n<meta property=\"og:type\" content=\"article\" \/>\n<meta property=\"og:title\" content=\"Lipici KIMYAPSAN J-40 - Adeziv \u0219i consumabile - atg.md\" \/>\n<meta property=\"og:description\" content=\"Adezivul aerosol Kimyapsan J-40 este special conceput pentru industria mobilei \u0219i tapi\u021beriei. Adezivul, care apar\u021bine categoriei de adezivi pe baz\u0103 de solven\u021bi, este complet convenabil de utilizat datorit\u0103 u\u0219urin\u021bei de aplicare \u0219i duratei de valabilitate lungi. Supapa de dozare poate fi utilizat\u0103 \u00een trei moduri; L, M, H. Deoarece l\u0103\u021bimea de pulverizare poate fi ajustat\u0103, adezivul nu este pulverizat dincolo de zona de aplicare, rezult\u00e2nd o lipire rentabil\u0103.  Timp de uscare: 15-20 minute (in functie de temperatura mediului ambiant). Volum: 500 ml\" \/>\n<meta property=\"og:url\" content=\"https:\/\/atg.md\/ro\/wp-json\/wp\/v2\/product\/13047\" \/>\n<meta property=\"og:site_name\" content=\"atg.md\" \/>\n<meta property=\"article:modified_time\" content=\"2025-02-20T13:22:37+00:00\" \/>\n<meta property=\"og:image\" content=\"https:\/\/atg.md\/wp-content\/uploads\/2024\/07\/4c204a53-9d76-11ee-bc9a-000c2906f772-1200x900-1.jpg\" \/>\n\t<meta property=\"og:image:width\" content=\"1200\" \/>\n\t<meta property=\"og:image:height\" content=\"900\" \/>\n\t<meta property=\"og:image:type\" content=\"image\/jpeg\" \/>\n<meta name=\"twitter:card\" content=\"summary_large_image\" \/>\n<meta name=\"twitter:label1\" content=\"Pre\u021b\" \/>\n\t<meta name=\"twitter:data1\" content=\"130.00&nbsp;MDL\" \/>\n\t<meta name=\"twitter:label2\" content=\"Availability\" \/>\n\t<meta name=\"twitter:data2\" content=\"In stock\" \/>\n<script type=\"application\/ld+json\" class=\"yoast-schema-graph\">{\"@context\":\"https:\/\/schema.org\",\"@graph\":[{\"@type\":\"WebPage\",\"@id\":\"https:\/\/atg.md\/ro\/catalog\/adeziv-si-consumabile\/13047\/\",\"url\":\"https:\/\/atg.md\/ro\/catalog\/adeziv-si-consumabile\/13047\/\",\"name\":\"Lipici KIMYAPSAN J-40 - Adeziv \u0219i consumabile - atg.md\",\"isPartOf\":{\"@id\":\"https:\/\/atg.md\/ro\/#website\"},\"datePublished\":\"2024-07-05T07:47:24+00:00\",\"dateModified\":\"2025-02-20T13:22:37+00:00\",\"breadcrumb\":{\"@id\":\"https:\/\/atg.md\/ro\/catalog\/adeziv-si-consumabile\/13047\/#breadcrumb\"},\"inLanguage\":\"ro-RO\",\"potentialAction\":[{\"@type\":\"ReadAction\",\"target\":[[\"https:\/\/atg.md\/ro\/catalog\/adeziv-si-consumabile\/13047\/\"]]}]},{\"@type\":\"BreadcrumbList\",\"@id\":\"https:\/\/atg.md\/ro\/catalog\/adeziv-si-consumabile\/13047\/#breadcrumb\",\"itemListElement\":[{\"@type\":\"ListItem\",\"position\":1,\"name\":\"Home\",\"item\":\"https:\/\/atg.md\/ro\/\"},{\"@type\":\"ListItem\",\"position\":2,\"name\":\"\u041a\u0430\u0442\u0430\u043b\u043e\u0433\",\"item\":\"https:\/\/atg.md\/ro\/catalog\/\"},{\"@type\":\"ListItem\",\"position\":3,\"name\":\"\u041a\u043b\u0435\u0439 KIMYAPSAN J-40\"}]},{\"@type\":\"WebSite\",\"@id\":\"https:\/\/atg.md\/ro\/#website\",\"url\":\"https:\/\/atg.md\/ro\/\",\"name\":\"atg.md\",\"description\":\"V\u00e2nzare de izola\u021bii \u00eempotriva vibra\u021biilor pentru ma\u0219ini, izola\u021bie termic\u0103, izolare fonic\u0103 de la cei mai buni produc\u0103tori, autoclipsuri, elemente de fixare auto. Cump\u0103ra\u021bi \u00een Moldova, Chi\u0219in\u0103u\",\"publisher\":{\"@id\":\"https:\/\/atg.md\/ro\/#organization\"},\"potentialAction\":[{\"@type\":\"SearchAction\",\"target\":{\"@type\":\"EntryPoint\",\"urlTemplate\":\"https:\/\/atg.md\/ro\/?s={search_term_string}\"},\"query-input\":\"required name=search_term_string\"}],\"inLanguage\":\"ro-RO\"},{\"@type\":[\"Organization\",\"Place\",\"AutoPartsStore\"],\"@id\":\"https:\/\/atg.md\/ro\/#organization\",\"name\":\"S.C. AUTOTOM GRUP S.R.L.\",\"url\":\"https:\/\/atg.md\/ro\/\",\"logo\":{\"@type\":\"ImageObject\",\"inLanguage\":\"ro-RO\",\"@id\":\"https:\/\/atg.md\/ro\/#\/schema\/logo\/image\/\",\"url\":\"https:\/\/i2.wp.com\/atg.md\/wp-content\/uploads\/2021\/05\/atg_logo_main.png?fit=656%2C569&ssl=1\",\"contentUrl\":\"https:\/\/i2.wp.com\/atg.md\/wp-content\/uploads\/2021\/05\/atg_logo_main.png?fit=656%2C569&ssl=1\",\"width\":656,\"height\":569,\"caption\":\"S.C. AUTOTOM GRUP S.R.L.\"},\"image\":{\"@id\":\"https:\/\/atg.md\/ro\/#\/schema\/logo\/image\/\"},\"location\":{\"@id\":\"https:\/\/atg.md\/catalog\/adeziv-si-consumabile\/13047\/#local-place\"},\"address\":{\"@id\":\"https:\/\/atg.md\/catalog\/adeziv-si-consumabile\/13047\/#local-place-address\"},\"email\":\"atgtvv@gmail.com\",\"telephone\":\"+37369644446\",\"areaServed\":\"Moldova\"},{\"@type\":\"Place\",\"@id\":\"https:\/\/atg.md\/catalog\/adeziv-si-consumabile\/13047\/#local-place\",\"address\":{\"@type\":\"PostalAddress\",\"@id\":\"https:\/\/atg.md\/catalog\/adeziv-si-consumabile\/13047\/#local-place-address\",\"streetAddress\":\"str. Alba-Iulia 77\/20\",\"addressLocality\":\"Chisinau\",\"postalCode\":\"2043\",\"addressRegion\":\"mun. Chisinau\",\"addressCountry\":\"MD\"},\"geo\":{\"@type\":\"GeoCoordinates\",\"latitude\":\"47.0376\",\"longitude\":\"28.76899\"},\"openingHoursSpecification\":[{\"@type\":\"OpeningHoursSpecification\",\"dayOfWeek\":[\"Monday\",\"Tuesday\",\"Wednesday\",\"Thursday\",\"Friday\"],\"opens\":\"09:00\",\"closes\":\"18:00\"},{\"@type\":\"OpeningHoursSpecification\",\"dayOfWeek\":[\"Saturday\"],\"opens\":\"09:00\",\"closes\":\"14:00\"},{\"@type\":\"OpeningHoursSpecification\",\"dayOfWeek\":[\"Sunday\"],\"opens\":\"00:00\",\"closes\":\"00:00\"}],\"telephone\":\"+37369644446\"}]}<\/script>\n<meta name=\"geo.placename\" content=\"Chisinau\" \/>\n<meta name=\"geo.position\" content=\"47.0376;28.76899\" \/>\n<meta name=\"geo.region\" content=\"Moldova\" \/>\n<!-- \/ Yoast SEO Premium plugin. -->","yoast_head_json":{"title":"Lipici KIMYAPSAN J-40 - Adeziv \u0219i consumabile - atg.md","robots":{"index":"index","follow":"follow","max-snippet":"max-snippet:-1","max-image-preview":"max-image-preview:large","max-video-preview":"max-video-preview:-1"},"canonical":"https:\/\/atg.md\/ro\/catalog\/adeziv-si-consumabile\/13047\/","og_locale":"ro_RO","og_type":"article","og_title":"Lipici KIMYAPSAN J-40 - Adeziv \u0219i consumabile - atg.md","og_description":"Adezivul aerosol Kimyapsan J-40 este special conceput pentru industria mobilei \u0219i tapi\u021beriei. Adezivul, care apar\u021bine categoriei de adezivi pe baz\u0103 de solven\u021bi, este complet convenabil de utilizat datorit\u0103 u\u0219urin\u021bei de aplicare \u0219i duratei de valabilitate lungi. Supapa de dozare poate fi utilizat\u0103 \u00een trei moduri; L, M, H. Deoarece l\u0103\u021bimea de pulverizare poate fi ajustat\u0103, adezivul nu este pulverizat dincolo de zona de aplicare, rezult\u00e2nd o lipire rentabil\u0103.  Timp de uscare: 15-20 minute (in functie de temperatura mediului ambiant). Volum: 500 ml","og_url":"https:\/\/atg.md\/ro\/wp-json\/wp\/v2\/product\/13047","og_site_name":"atg.md","article_modified_time":"2025-02-20T13:22:37+00:00","og_image":[{"width":1200,"height":900,"url":"https:\/\/atg.md\/wp-content\/uploads\/2024\/07\/4c204a53-9d76-11ee-bc9a-000c2906f772-1200x900-1.jpg","type":"image\/jpeg"}],"twitter_card":"summary_large_image","twitter_misc":{"Pre\u021b":"130.00&nbsp;MDL","Availability":"In stock"},"schema":{"@context":"https:\/\/schema.org","@graph":[{"@type":"WebPage","@id":"https:\/\/atg.md\/ro\/catalog\/adeziv-si-consumabile\/13047\/","url":"https:\/\/atg.md\/ro\/catalog\/adeziv-si-consumabile\/13047\/","name":"Lipici KIMYAPSAN J-40 - Adeziv \u0219i consumabile - atg.md","isPartOf":{"@id":"https:\/\/atg.md\/ro\/#website"},"datePublished":"2024-07-05T07:47:24+00:00","dateModified":"2025-02-20T13:22:37+00:00","breadcrumb":{"@id":"https:\/\/atg.md\/ro\/catalog\/adeziv-si-consumabile\/13047\/#breadcrumb"},"inLanguage":"ro-RO","potentialAction":[{"@type":"ReadAction","target":[["https:\/\/atg.md\/ro\/catalog\/adeziv-si-consumabile\/13047\/"]]}]},{"@type":"BreadcrumbList","@id":"https:\/\/atg.md\/ro\/catalog\/adeziv-si-consumabile\/13047\/#breadcrumb","itemListElement":[{"@type":"ListItem","position":1,"name":"Home","item":"https:\/\/atg.md\/ro\/"},{"@type":"ListItem","position":2,"name":"\u041a\u0430\u0442\u0430\u043b\u043e\u0433","item":"https:\/\/atg.md\/ro\/catalog\/"},{"@type":"ListItem","position":3,"name":"\u041a\u043b\u0435\u0439 KIMYAPSAN J-40"}]},{"@type":"WebSite","@id":"https:\/\/atg.md\/ro\/#website","url":"https:\/\/atg.md\/ro\/","name":"atg.md","description":"V\u00e2nzare de izola\u021bii \u00eempotriva vibra\u021biilor pentru ma\u0219ini, izola\u021bie termic\u0103, izolare fonic\u0103 de la cei mai buni produc\u0103tori, autoclipsuri, elemente de fixare auto. Cump\u0103ra\u021bi \u00een Moldova, Chi\u0219in\u0103u","publisher":{"@id":"https:\/\/atg.md\/ro\/#organization"},"potentialAction":[{"@type":"SearchAction","target":{"@type":"EntryPoint","urlTemplate":"https:\/\/atg.md\/ro\/?s={search_term_string}"},"query-input":"required name=search_term_string"}],"inLanguage":"ro-RO"},{"@type":["Organization","Place","AutoPartsStore"],"@id":"https:\/\/atg.md\/ro\/#organization","name":"S.C. AUTOTOM GRUP S.R.L.","url":"https:\/\/atg.md\/ro\/","logo":{"@type":"ImageObject","inLanguage":"ro-RO","@id":"https:\/\/atg.md\/ro\/#\/schema\/logo\/image\/","url":"https:\/\/i2.wp.com\/atg.md\/wp-content\/uploads\/2021\/05\/atg_logo_main.png?fit=656%2C569&ssl=1","contentUrl":"https:\/\/i2.wp.com\/atg.md\/wp-content\/uploads\/2021\/05\/atg_logo_main.png?fit=656%2C569&ssl=1","width":656,"height":569,"caption":"S.C. AUTOTOM GRUP S.R.L."},"image":{"@id":"https:\/\/atg.md\/ro\/#\/schema\/logo\/image\/"},"location":{"@id":"https:\/\/atg.md\/catalog\/adeziv-si-consumabile\/13047\/#local-place"},"address":{"@id":"https:\/\/atg.md\/catalog\/adeziv-si-consumabile\/13047\/#local-place-address"},"email":"atgtvv@gmail.com","telephone":"+37369644446","areaServed":"Moldova"},{"@type":"Place","@id":"https:\/\/atg.md\/catalog\/adeziv-si-consumabile\/13047\/#local-place","address":{"@type":"PostalAddress","@id":"https:\/\/atg.md\/catalog\/adeziv-si-consumabile\/13047\/#local-place-address","streetAddress":"str. Alba-Iulia 77\/20","addressLocality":"Chisinau","postalCode":"2043","addressRegion":"mun. Chisinau","addressCountry":"MD"},"geo":{"@type":"GeoCoordinates","latitude":"47.0376","longitude":"28.76899"},"openingHoursSpecification":[{"@type":"OpeningHoursSpecification","dayOfWeek":["Monday","Tuesday","Wednesday","Thursday","Friday"],"opens":"09:00","closes":"18:00"},{"@type":"OpeningHoursSpecification","dayOfWeek":["Saturday"],"opens":"09:00","closes":"14:00"},{"@type":"OpeningHoursSpecification","dayOfWeek":["Sunday"],"opens":"00:00","closes":"00:00"}],"telephone":"+37369644446"}]}},"_links":{"self":[{"href":"https:\/\/atg.md\/ro\/wp-json\/wp\/v2\/product\/13047"}],"collection":[{"href":"https:\/\/atg.md\/ro\/wp-json\/wp\/v2\/product"}],"about":[{"href":"https:\/\/atg.md\/ro\/wp-json\/wp\/v2\/types\/product"}],"wp:featuredmedia":[{"embeddable":true,"href":"https:\/\/atg.md\/ro\/wp-json\/wp\/v2\/media\/13048"}],"wp:attachment":[{"href":"https:\/\/atg.md\/ro\/wp-json\/wp\/v2\/media?parent=13047"}],"wp:term":[{"taxonomy":"product_cat","embeddable":true,"href":"https:\/\/atg.md\/ro\/wp-json\/wp\/v2\/product_cat?post=13047"},{"taxonomy":"product_tag","embeddable":true,"href":"https:\/\/atg.md\/ro\/wp-json\/wp\/v2\/product_tag?post=13047"}],"curies":[{"name":"wp","href":"https:\/\/api.w.org\/{rel}","templated":true}]}}