{"id":13004,"date":"2024-07-03T09:25:05","date_gmt":"2024-07-03T09:25:05","guid":{"rendered":"http:\/\/atg.md\/catalog\/uncategorized\/h2013\/"},"modified":"2024-07-11T10:45:02","modified_gmt":"2024-07-11T10:45:02","slug":"h2013","status":"publish","type":"product","link":"https:\/\/atg.md\/ro\/catalog\/metizy\/zaklyopki-metizy\/h2013\/","title":{"rendered":"H2013"},"content":{"rendered":"<p>\u0417\u0430\u043a\u043b\u0435\u043f\u043a\u0430 Toyota Ford Opel 9026904051 90269A0006 6028434 E864164S 0164361 90033713 551046 6114021 E642280S<\/p>\n<p>B=42.4, D=9.0, C=6.2, A=3.8<\/p>\n<p>\u0414\u043b\u044f \u043c\u043e\u0434\u0435\u043b\u0435\u0439:<br \/>\nChevrolet AgileChevrolet AstraChevrolet CeltaChevrolet CorsaChevrolet MontanaChevrolet OnixChevrolet SpinFord Escort, CA, DAFord Granada, CE, DEFord Scorpio, DEFord Sierra, CDFord Transit, CY, DY, EY, TYLexus ES300, MCV30, MCV31Lexus ES330, MCV30, MCV31Lexus ES350, GSV40Lexus GS300, GRS190, GRS191, GRS195, GRS196, URS190, UZS190Lexus GS430, GRS190, GRS191, GRS195, GRS196, URS190, UZS190Lexus GS450h, GWS191Lexus GS460, GRS190, GRS191, GRS195, GRS196, URS190, UZS190Lexus IS F, USE20Lexus IS220d, ALE20, GSE20Lexus IS250, ALE20, GSE20, GSE21, GSE25Lexus IS300, GSE22Lexus LS430, UCF30Lexus LS460, USF40, USF41Lexus LS460L, USF40, USF41Lexus LS600h, UVF45, UVF46Lexus LS600hL, UVF45, UVF46Opel AsconaOpel AstraOpel CalibraOpel CorsaOpel KadettOpel OmegaOpel SenatorOpel SintraOpel VectraToyota Aurion, ACV40, GSV40Toyota Avensis, ZRT272, ZRT272WToyota Brevis, JCG10, JCG11, JCG15Toyota Camry, ACV40, ACV41, ACV45, AHV40, AVV50, GSV40Toyota Celsior, UCF30, UCF31Toyota Crown Majesta, GRS180, GRS181, GRS182, GRS183, GRS184, GS171, JKS175, JZS171, JZS173, JZS175, JZS177, JZS179, URS206, UZS171, UZS173, UZS175, UZS186, UZS187, UZS207Toyota Crown, AWS210, GRS180, GRS181, GRS182, GRS183, GRS184, GRS188, GRS200, GRS201, GRS202, GRS203, GRS204, GRS210, GRS211, GRS214, GS171, GS171W, GWS204, GWS214, JKS175, JZS171, JZS171W, JZS173, JZS173W, JZS175, JZS175W, JZS177, JZS179, UZS171, UZS173, UZS175, UZS186, UZS187Toyota Mark X, ANA10, ANA15, GGA10, GRX120, GRX121, GRX125, GRX130, GRX133, GRX135Toyota Origin, JCG17Toyota Progres, JCG10, JCG11, JCG15Toyota Reiz, GRX121, GRX122Toyota Sai, AZK10Toyota Windom, MCV30<\/p>","protected":false},"excerpt":{"rendered":"<p><b>OEM:<\/b> 90269-04051, 9026904051, 90269-A0006, 90269A0006<\/p>\n<p><b>Dimensiune D:<\/b> 9<br \/><b>Dimensiune F:<\/b> 3,8<br \/><b>Dimensiune H:<\/b> 42,4<br \/><b>Dimensiune T:<\/b> 6,2<\/p>\n","protected":false},"featured_media":13153,"template":"","meta":[],"product_cat":[1313,1243,1443],"product_tag":[],"bundled_by":[],"bundle_stock_status":"instock","bundle_stock_quantity":null,"bundle_virtual":false,"bundle_layout":"","bundle_add_to_cart_form_location":"","bundle_editable_in_cart":false,"bundle_sold_individually_context":"","bundle_item_grouping":"","bundle_min_size":"","bundle_max_size":"","bundled_items":[],"yoast_head":"<!-- This site is optimized with the Yoast SEO Premium plugin v16.6 (Yoast SEO v20.1) - https:\/\/yoast.com\/wordpress\/plugins\/seo\/ -->\n<title>H2013 - Nout\u0103\u021bi, Metize, \u0417\u0430\u043a\u043b\u0435\u043f\u043a\u0438 - atg.md<\/title>\n<meta name=\"robots\" content=\"index, follow, max-snippet:-1, max-image-preview:large, max-video-preview:-1\" \/>\n<link rel=\"canonical\" href=\"https:\/\/atg.md\/ro\/catalog\/metizy\/zaklyopki-metizy\/h2013\/\" \/>\n<meta property=\"og:locale\" content=\"ro_RO\" \/>\n<meta property=\"og:type\" content=\"article\" \/>\n<meta property=\"og:title\" content=\"H2013 - Nout\u0103\u021bi, Metize, \u0417\u0430\u043a\u043b\u0435\u043f\u043a\u0438 - atg.md\" \/>\n<meta property=\"og:description\" content=\"OEM: 90269-04051, 9026904051, 90269-A0006, 90269A0006Dimensiune D: 9Dimensiune F: 3,8Dimensiune H: 42,4Dimensiune T: 6,2\" \/>\n<meta property=\"og:url\" content=\"https:\/\/atg.md\/ro\/wp-json\/wp\/v2\/product\/13004\" \/>\n<meta property=\"og:site_name\" content=\"atg.md\" \/>\n<meta property=\"article:modified_time\" content=\"2024-07-11T10:45:02+00:00\" \/>\n<meta property=\"og:image\" content=\"https:\/\/atg.md\/wp-content\/uploads\/2024\/07\/0abcf637-c40c-64ec-83c8-dbb14ee6a4ba.jpg\" \/>\n\t<meta property=\"og:image:width\" content=\"900\" \/>\n\t<meta property=\"og:image:height\" content=\"900\" \/>\n\t<meta property=\"og:image:type\" content=\"image\/jpeg\" \/>\n<meta name=\"twitter:card\" content=\"summary_large_image\" \/>\n<meta name=\"twitter:label1\" content=\"Pre\u021b\" \/>\n\t<meta name=\"twitter:data1\" content=\"7.00&nbsp;MDL\" \/>\n\t<meta name=\"twitter:label2\" content=\"Availability\" \/>\n\t<meta name=\"twitter:data2\" content=\"In stock\" \/>\n<script type=\"application\/ld+json\" class=\"yoast-schema-graph\">{\"@context\":\"https:\/\/schema.org\",\"@graph\":[{\"@type\":\"WebPage\",\"@id\":\"https:\/\/atg.md\/ro\/catalog\/metizy\/zaklyopki-metizy\/h2013\/\",\"url\":\"https:\/\/atg.md\/ro\/catalog\/metizy\/zaklyopki-metizy\/h2013\/\",\"name\":\"H2013 - Nout\u0103\u021bi, Metize, \u0417\u0430\u043a\u043b\u0435\u043f\u043a\u0438 - atg.md\",\"isPartOf\":{\"@id\":\"https:\/\/atg.md\/ro\/#website\"},\"datePublished\":\"2024-07-03T09:25:05+00:00\",\"dateModified\":\"2024-07-11T10:45:02+00:00\",\"breadcrumb\":{\"@id\":\"https:\/\/atg.md\/ro\/catalog\/metizy\/zaklyopki-metizy\/h2013\/#breadcrumb\"},\"inLanguage\":\"ro-RO\",\"potentialAction\":[{\"@type\":\"ReadAction\",\"target\":[[\"https:\/\/atg.md\/ro\/catalog\/metizy\/zaklyopki-metizy\/h2013\/\"]]}]},{\"@type\":\"BreadcrumbList\",\"@id\":\"https:\/\/atg.md\/ro\/catalog\/metizy\/zaklyopki-metizy\/h2013\/#breadcrumb\",\"itemListElement\":[{\"@type\":\"ListItem\",\"position\":1,\"name\":\"Home\",\"item\":\"https:\/\/atg.md\/ro\/\"},{\"@type\":\"ListItem\",\"position\":2,\"name\":\"\u041a\u0430\u0442\u0430\u043b\u043e\u0433\",\"item\":\"https:\/\/atg.md\/ro\/catalog\/\"},{\"@type\":\"ListItem\",\"position\":3,\"name\":\"H2013\"}]},{\"@type\":\"WebSite\",\"@id\":\"https:\/\/atg.md\/ro\/#website\",\"url\":\"https:\/\/atg.md\/ro\/\",\"name\":\"atg.md\",\"description\":\"V\u00e2nzare de izola\u021bii \u00eempotriva vibra\u021biilor pentru ma\u0219ini, izola\u021bie termic\u0103, izolare fonic\u0103 de la cei mai buni produc\u0103tori, autoclipsuri, elemente de fixare auto. Cump\u0103ra\u021bi \u00een Moldova, Chi\u0219in\u0103u\",\"publisher\":{\"@id\":\"https:\/\/atg.md\/ro\/#organization\"},\"potentialAction\":[{\"@type\":\"SearchAction\",\"target\":{\"@type\":\"EntryPoint\",\"urlTemplate\":\"https:\/\/atg.md\/ro\/?s={search_term_string}\"},\"query-input\":\"required name=search_term_string\"}],\"inLanguage\":\"ro-RO\"},{\"@type\":[\"Organization\",\"Place\",\"AutoPartsStore\"],\"@id\":\"https:\/\/atg.md\/ro\/#organization\",\"name\":\"S.C. AUTOTOM GRUP S.R.L.\",\"url\":\"https:\/\/atg.md\/ro\/\",\"logo\":{\"@type\":\"ImageObject\",\"inLanguage\":\"ro-RO\",\"@id\":\"https:\/\/atg.md\/ro\/#\/schema\/logo\/image\/\",\"url\":\"https:\/\/i2.wp.com\/atg.md\/wp-content\/uploads\/2021\/05\/atg_logo_main.png?fit=656%2C569&ssl=1\",\"contentUrl\":\"https:\/\/i2.wp.com\/atg.md\/wp-content\/uploads\/2021\/05\/atg_logo_main.png?fit=656%2C569&ssl=1\",\"width\":656,\"height\":569,\"caption\":\"S.C. AUTOTOM GRUP S.R.L.\"},\"image\":{\"@id\":\"https:\/\/atg.md\/ro\/#\/schema\/logo\/image\/\"},\"location\":{\"@id\":\"https:\/\/atg.md\/catalog\/metizy\/zaklyopki-metizy\/h2013\/#local-place\"},\"address\":{\"@id\":\"https:\/\/atg.md\/catalog\/metizy\/zaklyopki-metizy\/h2013\/#local-place-address\"},\"email\":\"atgtvv@gmail.com\",\"telephone\":\"+37369644446\",\"areaServed\":\"Moldova\"},{\"@type\":\"Place\",\"@id\":\"https:\/\/atg.md\/catalog\/metizy\/zaklyopki-metizy\/h2013\/#local-place\",\"address\":{\"@type\":\"PostalAddress\",\"@id\":\"https:\/\/atg.md\/catalog\/metizy\/zaklyopki-metizy\/h2013\/#local-place-address\",\"streetAddress\":\"str. Alba-Iulia 77\/20\",\"addressLocality\":\"Chisinau\",\"postalCode\":\"2043\",\"addressRegion\":\"mun. Chisinau\",\"addressCountry\":\"MD\"},\"geo\":{\"@type\":\"GeoCoordinates\",\"latitude\":\"47.0376\",\"longitude\":\"28.76899\"},\"openingHoursSpecification\":[{\"@type\":\"OpeningHoursSpecification\",\"dayOfWeek\":[\"Monday\",\"Tuesday\",\"Wednesday\",\"Thursday\",\"Friday\"],\"opens\":\"09:00\",\"closes\":\"18:00\"},{\"@type\":\"OpeningHoursSpecification\",\"dayOfWeek\":[\"Saturday\"],\"opens\":\"09:00\",\"closes\":\"14:00\"},{\"@type\":\"OpeningHoursSpecification\",\"dayOfWeek\":[\"Sunday\"],\"opens\":\"00:00\",\"closes\":\"00:00\"}],\"telephone\":\"+37369644446\"}]}<\/script>\n<meta name=\"geo.placename\" content=\"Chisinau\" \/>\n<meta name=\"geo.position\" content=\"47.0376;28.76899\" \/>\n<meta name=\"geo.region\" content=\"Moldova\" \/>\n<!-- \/ Yoast SEO Premium plugin. -->","yoast_head_json":{"title":"H2013 - Nout\u0103\u021bi, Metize, \u0417\u0430\u043a\u043b\u0435\u043f\u043a\u0438 - atg.md","robots":{"index":"index","follow":"follow","max-snippet":"max-snippet:-1","max-image-preview":"max-image-preview:large","max-video-preview":"max-video-preview:-1"},"canonical":"https:\/\/atg.md\/ro\/catalog\/metizy\/zaklyopki-metizy\/h2013\/","og_locale":"ro_RO","og_type":"article","og_title":"H2013 - Nout\u0103\u021bi, Metize, \u0417\u0430\u043a\u043b\u0435\u043f\u043a\u0438 - atg.md","og_description":"OEM: 90269-04051, 9026904051, 90269-A0006, 90269A0006Dimensiune D: 9Dimensiune F: 3,8Dimensiune H: 42,4Dimensiune T: 6,2","og_url":"https:\/\/atg.md\/ro\/wp-json\/wp\/v2\/product\/13004","og_site_name":"atg.md","article_modified_time":"2024-07-11T10:45:02+00:00","og_image":[{"width":900,"height":900,"url":"https:\/\/atg.md\/wp-content\/uploads\/2024\/07\/0abcf637-c40c-64ec-83c8-dbb14ee6a4ba.jpg","type":"image\/jpeg"}],"twitter_card":"summary_large_image","twitter_misc":{"Pre\u021b":"7.00&nbsp;MDL","Availability":"In stock"},"schema":{"@context":"https:\/\/schema.org","@graph":[{"@type":"WebPage","@id":"https:\/\/atg.md\/ro\/catalog\/metizy\/zaklyopki-metizy\/h2013\/","url":"https:\/\/atg.md\/ro\/catalog\/metizy\/zaklyopki-metizy\/h2013\/","name":"H2013 - Nout\u0103\u021bi, Metize, \u0417\u0430\u043a\u043b\u0435\u043f\u043a\u0438 - atg.md","isPartOf":{"@id":"https:\/\/atg.md\/ro\/#website"},"datePublished":"2024-07-03T09:25:05+00:00","dateModified":"2024-07-11T10:45:02+00:00","breadcrumb":{"@id":"https:\/\/atg.md\/ro\/catalog\/metizy\/zaklyopki-metizy\/h2013\/#breadcrumb"},"inLanguage":"ro-RO","potentialAction":[{"@type":"ReadAction","target":[["https:\/\/atg.md\/ro\/catalog\/metizy\/zaklyopki-metizy\/h2013\/"]]}]},{"@type":"BreadcrumbList","@id":"https:\/\/atg.md\/ro\/catalog\/metizy\/zaklyopki-metizy\/h2013\/#breadcrumb","itemListElement":[{"@type":"ListItem","position":1,"name":"Home","item":"https:\/\/atg.md\/ro\/"},{"@type":"ListItem","position":2,"name":"\u041a\u0430\u0442\u0430\u043b\u043e\u0433","item":"https:\/\/atg.md\/ro\/catalog\/"},{"@type":"ListItem","position":3,"name":"H2013"}]},{"@type":"WebSite","@id":"https:\/\/atg.md\/ro\/#website","url":"https:\/\/atg.md\/ro\/","name":"atg.md","description":"V\u00e2nzare de izola\u021bii \u00eempotriva vibra\u021biilor pentru ma\u0219ini, izola\u021bie termic\u0103, izolare fonic\u0103 de la cei mai buni produc\u0103tori, autoclipsuri, elemente de fixare auto. Cump\u0103ra\u021bi \u00een Moldova, Chi\u0219in\u0103u","publisher":{"@id":"https:\/\/atg.md\/ro\/#organization"},"potentialAction":[{"@type":"SearchAction","target":{"@type":"EntryPoint","urlTemplate":"https:\/\/atg.md\/ro\/?s={search_term_string}"},"query-input":"required name=search_term_string"}],"inLanguage":"ro-RO"},{"@type":["Organization","Place","AutoPartsStore"],"@id":"https:\/\/atg.md\/ro\/#organization","name":"S.C. AUTOTOM GRUP S.R.L.","url":"https:\/\/atg.md\/ro\/","logo":{"@type":"ImageObject","inLanguage":"ro-RO","@id":"https:\/\/atg.md\/ro\/#\/schema\/logo\/image\/","url":"https:\/\/i2.wp.com\/atg.md\/wp-content\/uploads\/2021\/05\/atg_logo_main.png?fit=656%2C569&ssl=1","contentUrl":"https:\/\/i2.wp.com\/atg.md\/wp-content\/uploads\/2021\/05\/atg_logo_main.png?fit=656%2C569&ssl=1","width":656,"height":569,"caption":"S.C. AUTOTOM GRUP S.R.L."},"image":{"@id":"https:\/\/atg.md\/ro\/#\/schema\/logo\/image\/"},"location":{"@id":"https:\/\/atg.md\/catalog\/metizy\/zaklyopki-metizy\/h2013\/#local-place"},"address":{"@id":"https:\/\/atg.md\/catalog\/metizy\/zaklyopki-metizy\/h2013\/#local-place-address"},"email":"atgtvv@gmail.com","telephone":"+37369644446","areaServed":"Moldova"},{"@type":"Place","@id":"https:\/\/atg.md\/catalog\/metizy\/zaklyopki-metizy\/h2013\/#local-place","address":{"@type":"PostalAddress","@id":"https:\/\/atg.md\/catalog\/metizy\/zaklyopki-metizy\/h2013\/#local-place-address","streetAddress":"str. Alba-Iulia 77\/20","addressLocality":"Chisinau","postalCode":"2043","addressRegion":"mun. Chisinau","addressCountry":"MD"},"geo":{"@type":"GeoCoordinates","latitude":"47.0376","longitude":"28.76899"},"openingHoursSpecification":[{"@type":"OpeningHoursSpecification","dayOfWeek":["Monday","Tuesday","Wednesday","Thursday","Friday"],"opens":"09:00","closes":"18:00"},{"@type":"OpeningHoursSpecification","dayOfWeek":["Saturday"],"opens":"09:00","closes":"14:00"},{"@type":"OpeningHoursSpecification","dayOfWeek":["Sunday"],"opens":"00:00","closes":"00:00"}],"telephone":"+37369644446"}]}},"_links":{"self":[{"href":"https:\/\/atg.md\/ro\/wp-json\/wp\/v2\/product\/13004"}],"collection":[{"href":"https:\/\/atg.md\/ro\/wp-json\/wp\/v2\/product"}],"about":[{"href":"https:\/\/atg.md\/ro\/wp-json\/wp\/v2\/types\/product"}],"wp:featuredmedia":[{"embeddable":true,"href":"https:\/\/atg.md\/ro\/wp-json\/wp\/v2\/media\/13153"}],"wp:attachment":[{"href":"https:\/\/atg.md\/ro\/wp-json\/wp\/v2\/media?parent=13004"}],"wp:term":[{"taxonomy":"product_cat","embeddable":true,"href":"https:\/\/atg.md\/ro\/wp-json\/wp\/v2\/product_cat?post=13004"},{"taxonomy":"product_tag","embeddable":true,"href":"https:\/\/atg.md\/ro\/wp-json\/wp\/v2\/product_tag?post=13004"}],"curies":[{"name":"wp","href":"https:\/\/api.w.org\/{rel}","templated":true}]}}