{"id":11221,"date":"2021-06-01T17:05:09","date_gmt":"2021-06-01T17:05:09","guid":{"rendered":"http:\/\/atg.md\/catalog\/uncategorized\/karpet-chernyj-2\/"},"modified":"2026-03-04T13:23:15","modified_gmt":"2026-03-04T13:23:15","slug":"karpet-chernyj-2","status":"publish","type":"product","link":"https:\/\/atg.md\/ro\/catalog\/tkani\/carpet\/karpet-chernyj-2\/","title":{"rendered":"Carpet: Negru f\u0103r\u0103 adeziv"},"content":{"rendered":"<p><strong>Carpet<\/strong> este un material modern ne\u021besut pe baz\u0103 de fibre de poliester, cu o suprafa\u021b\u0103 pufoas\u0103, pl\u0103cut\u0103 la atingere. Datorit\u0103 transparen\u021bei acustice, acesta nu numai c\u0103 transform\u0103 interiorul, dar contribuie \u0219i la reducerea nivelului de zgomot din interiorul vehiculului. Materialul poate fi livrat cu o baz\u0103 autoadeziv\u0103, protejat\u0103 cu o pelicul\u0103 siliconat\u0103, ceea ce simplific\u0103 montarea pe suprafe\u021be complexe.<\/p>\n<p>Rezisten\u021ba la decolorare, propriet\u0103\u021bile de respingere a prafului \u0219i rezisten\u021ba la formarea mucegaiului fac din carpet o solu\u021bie practic\u0103 pentru interiorul automobilului. Materialul \u00ee\u0219i p\u0103streaz\u0103 intensitatea culorilor \u0219i forma pe toat\u0103 durata de via\u021b\u0103, demonstr\u00e2nd o combina\u021bie optim\u0103 de propriet\u0103\u021bi decorative \u0219i func\u021bionale, permi\u021b\u00e2nd transformarea automobilului f\u0103r\u0103 costuri semnificative.<\/p>\n<p><strong>Avantaje:<\/strong><\/p>\n<p>Transparen\u021b\u0103 acustic\u0103;<br \/>\nAspect estetic cu o varietate de texturi \u0219i culori.<\/p>","protected":false},"excerpt":{"rendered":"<p><strong>Carpet acustic<\/strong><\/p>\n<p><strong>Carpet<\/strong> este un material decorativ din fibr\u0103 de poliester cu transparen\u021b\u0103 acustic\u0103. Ideal pentru \u00eembun\u0103t\u0103\u021birea interiorului ma\u0219inii, combin\u0103 estetica \u0219i func\u021bionalitatea. Sunt disponibile diferite culori \u0219i densit\u0103\u021bi.<\/p>\n<p>Densitate, g\/m: 220-250<br \/>\nGrosimea foii, mm: 2,5<br \/>\nL\u0103\u021bimea ruloului, cm: 150<br \/>\nAderen\u021ba la metal, N\/cm\u00b2: de la 3<br \/>\nIntervalul de temperatur\u0103 de lucru, \u2103: de la -40 la +100<br \/>\nRezisten\u021ba la umiditate: nu<\/p>\n","protected":false},"featured_media":11850,"template":"","meta":[],"product_cat":[1261,1376],"product_tag":[],"bundled_by":[],"bundle_stock_status":"instock","bundle_stock_quantity":null,"bundle_virtual":false,"bundle_layout":"","bundle_add_to_cart_form_location":"","bundle_editable_in_cart":false,"bundle_sold_individually_context":"","bundle_item_grouping":"","bundle_min_size":"","bundle_max_size":"","bundled_items":[],"yoast_head":"<!-- This site is optimized with the Yoast SEO Premium plugin v16.6 (Yoast SEO v20.1) - https:\/\/yoast.com\/wordpress\/plugins\/seo\/ -->\n<title>Carpet: Negru f\u0103r\u0103 adeziv - \u021aes\u0103turi auto, Carpet - atg.md<\/title>\n<meta name=\"robots\" content=\"index, follow, max-snippet:-1, max-image-preview:large, max-video-preview:-1\" \/>\n<link rel=\"canonical\" href=\"https:\/\/atg.md\/ro\/catalog\/tkani\/carpet\/karpet-chernyj-2\/\" \/>\n<meta property=\"og:locale\" content=\"ro_RO\" \/>\n<meta property=\"og:type\" content=\"article\" \/>\n<meta property=\"og:title\" content=\"Carpet: Negru f\u0103r\u0103 adeziv - \u021aes\u0103turi auto, Carpet - atg.md\" \/>\n<meta property=\"og:description\" content=\"Carpet acustic  Carpet este un material decorativ din fibr\u0103 de poliester cu transparen\u021b\u0103 acustic\u0103. Ideal pentru \u00eembun\u0103t\u0103\u021birea interiorului ma\u0219inii, combin\u0103 estetica \u0219i func\u021bionalitatea. Sunt disponibile diferite culori \u0219i densit\u0103\u021bi.  Densitate, g\/m: 220-250 Grosimea foii, mm: 2,5 L\u0103\u021bimea ruloului, cm: 150 Aderen\u021ba la metal, N\/cm\u00b2: de la 3 Intervalul de temperatur\u0103 de lucru, \u2103: de la -40 la +100 Rezisten\u021ba la umiditate: nu\" \/>\n<meta property=\"og:url\" content=\"https:\/\/atg.md\/ro\/wp-json\/wp\/v2\/product\/11221\" \/>\n<meta property=\"og:site_name\" content=\"atg.md\" \/>\n<meta property=\"article:modified_time\" content=\"2026-03-04T13:23:15+00:00\" \/>\n<meta property=\"og:image\" content=\"https:\/\/atg.md\/wp-content\/uploads\/2021\/06\/karpet-ks-chernyj--scaled.jpg\" \/>\n\t<meta property=\"og:image:width\" content=\"2560\" \/>\n\t<meta property=\"og:image:height\" content=\"2560\" \/>\n\t<meta property=\"og:image:type\" content=\"image\/jpeg\" \/>\n<meta name=\"twitter:card\" content=\"summary_large_image\" \/>\n<meta name=\"twitter:label1\" content=\"Pre\u021b\" \/>\n\t<meta name=\"twitter:data1\" content=\"110.00&nbsp;MDL\" \/>\n\t<meta name=\"twitter:label2\" content=\"Availability\" \/>\n\t<meta name=\"twitter:data2\" content=\"In stock\" \/>\n<script type=\"application\/ld+json\" class=\"yoast-schema-graph\">{\"@context\":\"https:\/\/schema.org\",\"@graph\":[{\"@type\":\"WebPage\",\"@id\":\"https:\/\/atg.md\/ro\/catalog\/tkani\/carpet\/karpet-chernyj-2\/\",\"url\":\"https:\/\/atg.md\/ro\/catalog\/tkani\/carpet\/karpet-chernyj-2\/\",\"name\":\"Carpet: Negru f\u0103r\u0103 adeziv - \u021aes\u0103turi auto, Carpet - atg.md\",\"isPartOf\":{\"@id\":\"https:\/\/atg.md\/ro\/#website\"},\"datePublished\":\"2021-06-01T17:05:09+00:00\",\"dateModified\":\"2026-03-04T13:23:15+00:00\",\"breadcrumb\":{\"@id\":\"https:\/\/atg.md\/ro\/catalog\/tkani\/carpet\/karpet-chernyj-2\/#breadcrumb\"},\"inLanguage\":\"ro-RO\",\"potentialAction\":[{\"@type\":\"ReadAction\",\"target\":[[\"https:\/\/atg.md\/ro\/catalog\/tkani\/carpet\/karpet-chernyj-2\/\"]]}]},{\"@type\":\"BreadcrumbList\",\"@id\":\"https:\/\/atg.md\/ro\/catalog\/tkani\/carpet\/karpet-chernyj-2\/#breadcrumb\",\"itemListElement\":[{\"@type\":\"ListItem\",\"position\":1,\"name\":\"Home\",\"item\":\"https:\/\/atg.md\/ro\/\"},{\"@type\":\"ListItem\",\"position\":2,\"name\":\"\u041a\u0430\u0442\u0430\u043b\u043e\u0433\",\"item\":\"https:\/\/atg.md\/ro\/catalog\/\"},{\"@type\":\"ListItem\",\"position\":3,\"name\":\"\u041a\u0430\u0440\u043f\u0435\u0442: \u0427\u0435\u0440\u043d\u044b\u0439 \u0431\u0435\u0437 \u043a\u043b\u0435\u044f\"}]},{\"@type\":\"WebSite\",\"@id\":\"https:\/\/atg.md\/ro\/#website\",\"url\":\"https:\/\/atg.md\/ro\/\",\"name\":\"atg.md\",\"description\":\"V\u00e2nzare de izola\u021bii \u00eempotriva vibra\u021biilor pentru ma\u0219ini, izola\u021bie termic\u0103, izolare fonic\u0103 de la cei mai buni produc\u0103tori, autoclipsuri, elemente de fixare auto. Cump\u0103ra\u021bi \u00een Moldova, Chi\u0219in\u0103u\",\"publisher\":{\"@id\":\"https:\/\/atg.md\/ro\/#organization\"},\"potentialAction\":[{\"@type\":\"SearchAction\",\"target\":{\"@type\":\"EntryPoint\",\"urlTemplate\":\"https:\/\/atg.md\/ro\/?s={search_term_string}\"},\"query-input\":\"required name=search_term_string\"}],\"inLanguage\":\"ro-RO\"},{\"@type\":[\"Organization\",\"Place\",\"AutoPartsStore\"],\"@id\":\"https:\/\/atg.md\/ro\/#organization\",\"name\":\"S.C. AUTOTOM GRUP S.R.L.\",\"url\":\"https:\/\/atg.md\/ro\/\",\"logo\":{\"@type\":\"ImageObject\",\"inLanguage\":\"ro-RO\",\"@id\":\"https:\/\/atg.md\/ro\/#\/schema\/logo\/image\/\",\"url\":\"https:\/\/i2.wp.com\/atg.md\/wp-content\/uploads\/2021\/05\/atg_logo_main.png?fit=656%2C569&ssl=1\",\"contentUrl\":\"https:\/\/i2.wp.com\/atg.md\/wp-content\/uploads\/2021\/05\/atg_logo_main.png?fit=656%2C569&ssl=1\",\"width\":656,\"height\":569,\"caption\":\"S.C. AUTOTOM GRUP S.R.L.\"},\"image\":{\"@id\":\"https:\/\/atg.md\/ro\/#\/schema\/logo\/image\/\"},\"location\":{\"@id\":\"https:\/\/atg.md\/catalog\/tkani\/carpet\/karpet-chernyj-2\/#local-place\"},\"address\":{\"@id\":\"https:\/\/atg.md\/catalog\/tkani\/carpet\/karpet-chernyj-2\/#local-place-address\"},\"email\":\"atgtvv@gmail.com\",\"telephone\":\"+37369644446\",\"areaServed\":\"Moldova\"},{\"@type\":\"Place\",\"@id\":\"https:\/\/atg.md\/catalog\/tkani\/carpet\/karpet-chernyj-2\/#local-place\",\"address\":{\"@type\":\"PostalAddress\",\"@id\":\"https:\/\/atg.md\/catalog\/tkani\/carpet\/karpet-chernyj-2\/#local-place-address\",\"streetAddress\":\"str. Alba-Iulia 77\/20\",\"addressLocality\":\"Chisinau\",\"postalCode\":\"2043\",\"addressRegion\":\"mun. Chisinau\",\"addressCountry\":\"MD\"},\"geo\":{\"@type\":\"GeoCoordinates\",\"latitude\":\"47.0376\",\"longitude\":\"28.76899\"},\"openingHoursSpecification\":[{\"@type\":\"OpeningHoursSpecification\",\"dayOfWeek\":[\"Monday\",\"Tuesday\",\"Wednesday\",\"Thursday\",\"Friday\"],\"opens\":\"09:00\",\"closes\":\"18:00\"},{\"@type\":\"OpeningHoursSpecification\",\"dayOfWeek\":[\"Saturday\"],\"opens\":\"09:00\",\"closes\":\"14:00\"},{\"@type\":\"OpeningHoursSpecification\",\"dayOfWeek\":[\"Sunday\"],\"opens\":\"00:00\",\"closes\":\"00:00\"}],\"telephone\":\"+37369644446\"}]}<\/script>\n<meta name=\"geo.placename\" content=\"Chisinau\" \/>\n<meta name=\"geo.position\" content=\"47.0376;28.76899\" \/>\n<meta name=\"geo.region\" content=\"Moldova\" \/>\n<!-- \/ Yoast SEO Premium plugin. -->","yoast_head_json":{"title":"Carpet: Negru f\u0103r\u0103 adeziv - \u021aes\u0103turi auto, Carpet - atg.md","robots":{"index":"index","follow":"follow","max-snippet":"max-snippet:-1","max-image-preview":"max-image-preview:large","max-video-preview":"max-video-preview:-1"},"canonical":"https:\/\/atg.md\/ro\/catalog\/tkani\/carpet\/karpet-chernyj-2\/","og_locale":"ro_RO","og_type":"article","og_title":"Carpet: Negru f\u0103r\u0103 adeziv - \u021aes\u0103turi auto, Carpet - atg.md","og_description":"Carpet acustic  Carpet este un material decorativ din fibr\u0103 de poliester cu transparen\u021b\u0103 acustic\u0103. Ideal pentru \u00eembun\u0103t\u0103\u021birea interiorului ma\u0219inii, combin\u0103 estetica \u0219i func\u021bionalitatea. Sunt disponibile diferite culori \u0219i densit\u0103\u021bi.  Densitate, g\/m: 220-250 Grosimea foii, mm: 2,5 L\u0103\u021bimea ruloului, cm: 150 Aderen\u021ba la metal, N\/cm\u00b2: de la 3 Intervalul de temperatur\u0103 de lucru, \u2103: de la -40 la +100 Rezisten\u021ba la umiditate: nu","og_url":"https:\/\/atg.md\/ro\/wp-json\/wp\/v2\/product\/11221","og_site_name":"atg.md","article_modified_time":"2026-03-04T13:23:15+00:00","og_image":[{"width":2560,"height":2560,"url":"https:\/\/atg.md\/wp-content\/uploads\/2021\/06\/karpet-ks-chernyj--scaled.jpg","type":"image\/jpeg"}],"twitter_card":"summary_large_image","twitter_misc":{"Pre\u021b":"110.00&nbsp;MDL","Availability":"In stock"},"schema":{"@context":"https:\/\/schema.org","@graph":[{"@type":"WebPage","@id":"https:\/\/atg.md\/ro\/catalog\/tkani\/carpet\/karpet-chernyj-2\/","url":"https:\/\/atg.md\/ro\/catalog\/tkani\/carpet\/karpet-chernyj-2\/","name":"Carpet: Negru f\u0103r\u0103 adeziv - \u021aes\u0103turi auto, Carpet - atg.md","isPartOf":{"@id":"https:\/\/atg.md\/ro\/#website"},"datePublished":"2021-06-01T17:05:09+00:00","dateModified":"2026-03-04T13:23:15+00:00","breadcrumb":{"@id":"https:\/\/atg.md\/ro\/catalog\/tkani\/carpet\/karpet-chernyj-2\/#breadcrumb"},"inLanguage":"ro-RO","potentialAction":[{"@type":"ReadAction","target":[["https:\/\/atg.md\/ro\/catalog\/tkani\/carpet\/karpet-chernyj-2\/"]]}]},{"@type":"BreadcrumbList","@id":"https:\/\/atg.md\/ro\/catalog\/tkani\/carpet\/karpet-chernyj-2\/#breadcrumb","itemListElement":[{"@type":"ListItem","position":1,"name":"Home","item":"https:\/\/atg.md\/ro\/"},{"@type":"ListItem","position":2,"name":"\u041a\u0430\u0442\u0430\u043b\u043e\u0433","item":"https:\/\/atg.md\/ro\/catalog\/"},{"@type":"ListItem","position":3,"name":"\u041a\u0430\u0440\u043f\u0435\u0442: \u0427\u0435\u0440\u043d\u044b\u0439 \u0431\u0435\u0437 \u043a\u043b\u0435\u044f"}]},{"@type":"WebSite","@id":"https:\/\/atg.md\/ro\/#website","url":"https:\/\/atg.md\/ro\/","name":"atg.md","description":"V\u00e2nzare de izola\u021bii \u00eempotriva vibra\u021biilor pentru ma\u0219ini, izola\u021bie termic\u0103, izolare fonic\u0103 de la cei mai buni produc\u0103tori, autoclipsuri, elemente de fixare auto. Cump\u0103ra\u021bi \u00een Moldova, Chi\u0219in\u0103u","publisher":{"@id":"https:\/\/atg.md\/ro\/#organization"},"potentialAction":[{"@type":"SearchAction","target":{"@type":"EntryPoint","urlTemplate":"https:\/\/atg.md\/ro\/?s={search_term_string}"},"query-input":"required name=search_term_string"}],"inLanguage":"ro-RO"},{"@type":["Organization","Place","AutoPartsStore"],"@id":"https:\/\/atg.md\/ro\/#organization","name":"S.C. AUTOTOM GRUP S.R.L.","url":"https:\/\/atg.md\/ro\/","logo":{"@type":"ImageObject","inLanguage":"ro-RO","@id":"https:\/\/atg.md\/ro\/#\/schema\/logo\/image\/","url":"https:\/\/i2.wp.com\/atg.md\/wp-content\/uploads\/2021\/05\/atg_logo_main.png?fit=656%2C569&ssl=1","contentUrl":"https:\/\/i2.wp.com\/atg.md\/wp-content\/uploads\/2021\/05\/atg_logo_main.png?fit=656%2C569&ssl=1","width":656,"height":569,"caption":"S.C. AUTOTOM GRUP S.R.L."},"image":{"@id":"https:\/\/atg.md\/ro\/#\/schema\/logo\/image\/"},"location":{"@id":"https:\/\/atg.md\/catalog\/tkani\/carpet\/karpet-chernyj-2\/#local-place"},"address":{"@id":"https:\/\/atg.md\/catalog\/tkani\/carpet\/karpet-chernyj-2\/#local-place-address"},"email":"atgtvv@gmail.com","telephone":"+37369644446","areaServed":"Moldova"},{"@type":"Place","@id":"https:\/\/atg.md\/catalog\/tkani\/carpet\/karpet-chernyj-2\/#local-place","address":{"@type":"PostalAddress","@id":"https:\/\/atg.md\/catalog\/tkani\/carpet\/karpet-chernyj-2\/#local-place-address","streetAddress":"str. Alba-Iulia 77\/20","addressLocality":"Chisinau","postalCode":"2043","addressRegion":"mun. Chisinau","addressCountry":"MD"},"geo":{"@type":"GeoCoordinates","latitude":"47.0376","longitude":"28.76899"},"openingHoursSpecification":[{"@type":"OpeningHoursSpecification","dayOfWeek":["Monday","Tuesday","Wednesday","Thursday","Friday"],"opens":"09:00","closes":"18:00"},{"@type":"OpeningHoursSpecification","dayOfWeek":["Saturday"],"opens":"09:00","closes":"14:00"},{"@type":"OpeningHoursSpecification","dayOfWeek":["Sunday"],"opens":"00:00","closes":"00:00"}],"telephone":"+37369644446"}]}},"_links":{"self":[{"href":"https:\/\/atg.md\/ro\/wp-json\/wp\/v2\/product\/11221"}],"collection":[{"href":"https:\/\/atg.md\/ro\/wp-json\/wp\/v2\/product"}],"about":[{"href":"https:\/\/atg.md\/ro\/wp-json\/wp\/v2\/types\/product"}],"wp:featuredmedia":[{"embeddable":true,"href":"https:\/\/atg.md\/ro\/wp-json\/wp\/v2\/media\/11850"}],"wp:attachment":[{"href":"https:\/\/atg.md\/ro\/wp-json\/wp\/v2\/media?parent=11221"}],"wp:term":[{"taxonomy":"product_cat","embeddable":true,"href":"https:\/\/atg.md\/ro\/wp-json\/wp\/v2\/product_cat?post=11221"},{"taxonomy":"product_tag","embeddable":true,"href":"https:\/\/atg.md\/ro\/wp-json\/wp\/v2\/product_tag?post=11221"}],"curies":[{"name":"wp","href":"https:\/\/api.w.org\/{rel}","templated":true}]}}